{"id":80,"date":"2013-11-22T14:18:55","date_gmt":"2013-11-22T13:18:55","guid":{"rendered":"http:\/\/www.airelesbiefs.com\/?page_id=80"},"modified":"2020-06-11T11:14:17","modified_gmt":"2020-06-11T09:14:17","slug":"omgeving","status":"publish","type":"page","link":"https:\/\/www.lesbiefs.eu\/fr\/omgeving\/","title":{"rendered":"A voir"},"content":{"rendered":"\n<p><\/p>\n\n\n\n<p><img loading=\"lazy\" decoding=\"async\" width=\"150\" height=\"150\" class=\"wp-image-4660\" style=\"width: 150px;\" alt=\"\" src=\"http:\/\/www.lesbiefs.eu\/2020\/wp-content\/uploads\/2020\/06\/montagne.jpg\" srcset=\"https:\/\/www.lesbiefs.eu\/2020\/wp-content\/uploads\/2020\/06\/montagne.jpg 1185w, https:\/\/www.lesbiefs.eu\/2020\/wp-content\/uploads\/2020\/06\/montagne-300x300.jpg 300w, https:\/\/www.lesbiefs.eu\/2020\/wp-content\/uploads\/2020\/06\/montagne-1024x1021.jpg 1024w, https:\/\/www.lesbiefs.eu\/2020\/wp-content\/uploads\/2020\/06\/montagne-150x150.jpg 150w, https:\/\/www.lesbiefs.eu\/2020\/wp-content\/uploads\/2020\/06\/montagne-768x766.jpg 768w, https:\/\/www.lesbiefs.eu\/2020\/wp-content\/uploads\/2020\/06\/montagne-100x100.jpg 100w\" sizes=\"auto, (max-width: 150px) 100vw, 150px\" \/>  Les Biefs, notre petit hameau fait partie de la commune d&rsquo;Arfeuilles. Une grande municipalit\u00e9 dans une zone tr\u00e8s \u00e9tendue. Environ 760 habitants au total, dont environ 25 dans notre hameau. Les Biefs est situ\u00e9 dans le d\u00e9partement de l&rsquo;Allier en r\u00e9gion Auvergne. Nous faisons partie de la Montagne Bourbonnaisse et sommes situ\u00e9s sur les contreforts du massif central.Les Biefs est \u00e0 la crois\u00e9e des chemins, c&rsquo;est pourquoi il y avait 2 \u00e9coles, un forgeron, le restaurant de l&rsquo;h\u00f4tel La Cascanide et 7 caf\u00e9s. De nos jours, la paix s&rsquo;est install\u00e9e dans le hameau et profite de la beaut\u00e9 naturelle qui nous entoure.Entour\u00e9 de for\u00eats de conif\u00e8res et de feuillus et avec ea. li\u00e8vres, chevreuils, chevreuils et sangliers qui ont encore la libert\u00e9 ici.<\/p>\n\n\n\n<p><img loading=\"lazy\" decoding=\"async\" width=\"150\" height=\"112\" class=\"wp-image-1880\" style=\"width: 150px;\" alt=\"\" src=\"http:\/\/www.lesbiefs.eu\/2020\/wp-content\/uploads\/2014\/10\/IMG_1162.jpg\" srcset=\"https:\/\/www.lesbiefs.eu\/2020\/wp-content\/uploads\/2014\/10\/IMG_1162.jpg 2592w, https:\/\/www.lesbiefs.eu\/2020\/wp-content\/uploads\/2014\/10\/IMG_1162-300x224.jpg 300w, https:\/\/www.lesbiefs.eu\/2020\/wp-content\/uploads\/2014\/10\/IMG_1162-1024x764.jpg 1024w\" sizes=\"auto, (max-width: 150px) 100vw, 150px\" \/> Un domaine skiable n&rsquo;est pas loin des Biefs:  <a href=\"http:\/\/www.logedesgardes.com\/\"> La Loge des Gardes<\/a>. En hiver (avec des chutes de neige bien s\u00fbr), il y a un certain nombre de petites pistes et un grand domaine de ski de fond. En \u00e9t\u00e9, les pistes de ski sont utilis\u00e9es pour toutes sortes de divertissements \u00e0 v\u00e9lo, patins \u00e0 roues align\u00e9es et casquettes de voiture. Le domaine de ski de fond est id\u00e9al pour le VTT.Hier zijn in de winter (bij sneeuwval natuurlijk) een aantal kleine pistes en een groot langlaufgebied. In de zomer worden de skipistes gebruikt voor allerhande vermaak op fietsen, skeelers en autopets. In het langlaufgebied is het geweldig mountainbiken.<\/p>\n\n\n\n<p><img loading=\"lazy\" decoding=\"async\" width=\"150\" height=\"100\" class=\"wp-image-741\" style=\"width: 150px;\" alt=\"\" src=\"http:\/\/www.lesbiefs.eu\/2020\/wp-content\/uploads\/2013\/11\/7006898.jpg\" srcset=\"https:\/\/www.lesbiefs.eu\/2020\/wp-content\/uploads\/2013\/11\/7006898.jpg 500w, https:\/\/www.lesbiefs.eu\/2020\/wp-content\/uploads\/2013\/11\/7006898-300x199.jpg 300w\" sizes=\"auto, (max-width: 150px) 100vw, 150px\" \/>  Les grandes villes comme Vichy, Roanne, Saint Etienne, Clermont Ferrand offrent une vari\u00e9t\u00e9 d&rsquo;options. Shopping, balades en ville, impr\u00e9gnez-vous de l&rsquo;atmosph\u00e8re fran\u00e7aise, mais partout dans la r\u00e9gion, vous pouvez prendre une terrasse et d\u00e9couvrir des faits amusants.Regardez aussi il y a souvent de jolis d\u00e9tails \u00e0 d\u00e9couvrir comme dans la ville printani\u00e8re de Vichy par exemple. L\u00e0, vous pouvez trouver un texte sur le mur d&rsquo;un vieil h\u00f4tel en ruine indiquant qu&rsquo;ils ont de l&rsquo;eau courante chaude et froide. Le voyage y est aussi un merveilleux voyage de d\u00e9couverte.<\/p>\n\n\n\n<p><img loading=\"lazy\" decoding=\"async\" width=\"150\" height=\"152\" class=\"wp-image-3243\" style=\"width: 150px;\" alt=\"\" src=\"http:\/\/www.lesbiefs.eu\/2020\/wp-content\/uploads\/2019\/04\/bee3.jpg\" srcset=\"https:\/\/www.lesbiefs.eu\/2020\/wp-content\/uploads\/2019\/04\/bee3.jpg 1233w, https:\/\/www.lesbiefs.eu\/2020\/wp-content\/uploads\/2019\/04\/bee3-296x300.jpg 296w, https:\/\/www.lesbiefs.eu\/2020\/wp-content\/uploads\/2019\/04\/bee3-768x778.jpg 768w, https:\/\/www.lesbiefs.eu\/2020\/wp-content\/uploads\/2019\/04\/bee3-1011x1024.jpg 1011w\" sizes=\"auto, (max-width: 150px) 100vw, 150px\" \/>  Thiers est la c\u00e9l\u00e8bre ville du couteau, bien qu&rsquo;il y ait un peu de vide, mais une tr\u00e8s belle ville o\u00f9 passer un apr\u00e8s-midi.<\/p>\n\n\n\n<p><img loading=\"lazy\" decoding=\"async\" width=\"150\" height=\"100\" class=\"wp-image-736\" style=\"width: 150px;\" alt=\"\" src=\"http:\/\/www.lesbiefs.eu\/2020\/wp-content\/uploads\/2013\/11\/7001998.jpg\" srcset=\"https:\/\/www.lesbiefs.eu\/2020\/wp-content\/uploads\/2013\/11\/7001998.jpg 500w, https:\/\/www.lesbiefs.eu\/2020\/wp-content\/uploads\/2013\/11\/7001998-300x199.jpg 300w\" sizes=\"auto, (max-width: 150px) 100vw, 150px\" \/>  Plus pr\u00e8s de nos Chambres d\u00b4h\u00f4tes, des villages m\u00e9di\u00e9vaux tels que Ch\u00e2tel Montagne avec une belle \u00e9glise et le Crozet avec de nombreuses vues et de belles vues. Bien s\u00fbr aussi avec l&rsquo;\u00e9glise et une tour de guet.<\/p>\n\n\n\n<p><img loading=\"lazy\" decoding=\"async\" width=\"150\" height=\"101\" class=\"wp-image-760\" style=\"width: 150px;\" alt=\"\" src=\"http:\/\/www.lesbiefs.eu\/2020\/wp-content\/uploads\/2013\/11\/IMA_6911.jpg\" srcset=\"https:\/\/www.lesbiefs.eu\/2020\/wp-content\/uploads\/2013\/11\/IMA_6911.jpg 500w, https:\/\/www.lesbiefs.eu\/2020\/wp-content\/uploads\/2013\/11\/IMA_6911-300x201.jpg 300w\" sizes=\"auto, (max-width: 150px) 100vw, 150px\" \/>  La cascade de la Pisserotte, situ\u00e9e au milieu de la for\u00eat, est \u00e0 distance de marche de nos Chambres d\u00b4h\u00f4tes. Un merveilleux endroit romantique pour avoir une baguette et un verre de vin. De nombreuses familles fran\u00e7aises viennent pique-niquer dimanche. Vers le domaine skiable La loge des Gardes, c&rsquo;est aussi le plateau de la Verrerie, une belle r\u00e9serve naturelle avec de la bruy\u00e8re et de belles vues et sentiers de randonn\u00e9e.<\/p>\n","protected":false},"excerpt":{"rendered":"<p>Les Biefs, notre petit hameau fait partie de la commune d&rsquo;Arfeuilles. Une grande municipalit\u00e9 dans une zone tr\u00e8s \u00e9tendue. Environ&#8230;<\/p>\n<p class=\"continue-reading-button\"> <a class=\"continue-reading-link\" href=\"https:\/\/www.lesbiefs.eu\/fr\/omgeving\/\">En plus<i class=\"crycon-right-dir\"><\/i><\/a><\/p>\n","protected":false},"author":1,"featured_media":0,"parent":0,"menu_order":0,"comment_status":"closed","ping_status":"closed","template":"","meta":{"footnotes":""},"class_list":["post-80","page","type-page","status-publish","hentry"],"yoast_head":"<!-- This site is optimized with the Yoast SEO plugin v26.9 - https:\/\/yoast.com\/product\/yoast-seo-wordpress\/ -->\n<title>A voir - Aire les Biefs<\/title>\n<meta name=\"robots\" content=\"index, follow, max-snippet:-1, max-image-preview:large, max-video-preview:-1\" \/>\n<link rel=\"canonical\" href=\"https:\/\/www.lesbiefs.eu\/fr\/omgeving\/\" \/>\n<meta property=\"og:locale\" content=\"fr_FR\" \/>\n<meta property=\"og:type\" content=\"article\" \/>\n<meta property=\"og:title\" content=\"A voir - Aire les Biefs\" \/>\n<meta property=\"og:description\" content=\"Les Biefs, notre petit hameau fait partie de la commune d&rsquo;Arfeuilles. Une grande municipalit\u00e9 dans une zone tr\u00e8s \u00e9tendue. Environ... En plus\" \/>\n<meta property=\"og:url\" content=\"https:\/\/www.lesbiefs.eu\/fr\/omgeving\/\" \/>\n<meta property=\"og:site_name\" content=\"Aire les Biefs\" \/>\n<meta property=\"article:modified_time\" content=\"2020-06-11T09:14:17+00:00\" \/>\n<meta property=\"og:image\" content=\"http:\/\/www.lesbiefs.eu\/2020\/wp-content\/uploads\/2020\/06\/montagne.jpg\" \/>\n<meta name=\"twitter:label1\" content=\"Dur\u00e9e de lecture estim\u00e9e\" \/>\n\t<meta name=\"twitter:data1\" content=\"2 minutes\" \/>\n<script type=\"application\/ld+json\" class=\"yoast-schema-graph\">{\"@context\":\"https:\/\/schema.org\",\"@graph\":[{\"@type\":\"WebPage\",\"@id\":\"https:\/\/www.lesbiefs.eu\/fr\/omgeving\/\",\"url\":\"https:\/\/www.lesbiefs.eu\/fr\/omgeving\/\",\"name\":\"A voir - Aire les Biefs\",\"isPartOf\":{\"@id\":\"https:\/\/www.lesbiefs.eu\/#website\"},\"primaryImageOfPage\":{\"@id\":\"https:\/\/www.lesbiefs.eu\/fr\/omgeving\/#primaryimage\"},\"image\":{\"@id\":\"https:\/\/www.lesbiefs.eu\/fr\/omgeving\/#primaryimage\"},\"thumbnailUrl\":\"http:\/\/www.lesbiefs.eu\/2020\/wp-content\/uploads\/2020\/06\/montagne.jpg\",\"datePublished\":\"2013-11-22T13:18:55+00:00\",\"dateModified\":\"2020-06-11T09:14:17+00:00\",\"breadcrumb\":{\"@id\":\"https:\/\/www.lesbiefs.eu\/fr\/omgeving\/#breadcrumb\"},\"inLanguage\":\"fr-FR\",\"potentialAction\":[{\"@type\":\"ReadAction\",\"target\":[\"https:\/\/www.lesbiefs.eu\/fr\/omgeving\/\"]}]},{\"@type\":\"ImageObject\",\"inLanguage\":\"fr-FR\",\"@id\":\"https:\/\/www.lesbiefs.eu\/fr\/omgeving\/#primaryimage\",\"url\":\"http:\/\/www.lesbiefs.eu\/2020\/wp-content\/uploads\/2020\/06\/montagne.jpg\",\"contentUrl\":\"http:\/\/www.lesbiefs.eu\/2020\/wp-content\/uploads\/2020\/06\/montagne.jpg\"},{\"@type\":\"BreadcrumbList\",\"@id\":\"https:\/\/www.lesbiefs.eu\/fr\/omgeving\/#breadcrumb\",\"itemListElement\":[{\"@type\":\"ListItem\",\"position\":1,\"name\":\"Home\",\"item\":\"https:\/\/www.lesbiefs.eu\/\"},{\"@type\":\"ListItem\",\"position\":2,\"name\":\"A voir\"}]},{\"@type\":\"WebSite\",\"@id\":\"https:\/\/www.lesbiefs.eu\/#website\",\"url\":\"https:\/\/www.lesbiefs.eu\/\",\"name\":\"Aire les Biefs\",\"description\":\"\",\"publisher\":{\"@id\":\"https:\/\/www.lesbiefs.eu\/#organization\"},\"potentialAction\":[{\"@type\":\"SearchAction\",\"target\":{\"@type\":\"EntryPoint\",\"urlTemplate\":\"https:\/\/www.lesbiefs.eu\/?s={search_term_string}\"},\"query-input\":{\"@type\":\"PropertyValueSpecification\",\"valueRequired\":true,\"valueName\":\"search_term_string\"}}],\"inLanguage\":\"fr-FR\"},{\"@type\":\"Organization\",\"@id\":\"https:\/\/www.lesbiefs.eu\/#organization\",\"name\":\"Aire les Biefs\",\"url\":\"https:\/\/www.lesbiefs.eu\/\",\"logo\":{\"@type\":\"ImageObject\",\"inLanguage\":\"fr-FR\",\"@id\":\"https:\/\/www.lesbiefs.eu\/#\/schema\/logo\/image\/\",\"url\":\"https:\/\/www.lesbiefs.eu\/2020\/wp-content\/uploads\/2015\/08\/ondertekening-Alb.jpg\",\"contentUrl\":\"https:\/\/www.lesbiefs.eu\/2020\/wp-content\/uploads\/2015\/08\/ondertekening-Alb.jpg\",\"width\":227,\"height\":181,\"caption\":\"Aire les Biefs\"},\"image\":{\"@id\":\"https:\/\/www.lesbiefs.eu\/#\/schema\/logo\/image\/\"}}]}<\/script>\n<!-- \/ Yoast SEO plugin. -->","yoast_head_json":{"title":"A voir - Aire les Biefs","robots":{"index":"index","follow":"follow","max-snippet":"max-snippet:-1","max-image-preview":"max-image-preview:large","max-video-preview":"max-video-preview:-1"},"canonical":"https:\/\/www.lesbiefs.eu\/fr\/omgeving\/","og_locale":"fr_FR","og_type":"article","og_title":"A voir - Aire les Biefs","og_description":"Les Biefs, notre petit hameau fait partie de la commune d&rsquo;Arfeuilles. Une grande municipalit\u00e9 dans une zone tr\u00e8s \u00e9tendue. Environ... En plus","og_url":"https:\/\/www.lesbiefs.eu\/fr\/omgeving\/","og_site_name":"Aire les Biefs","article_modified_time":"2020-06-11T09:14:17+00:00","og_image":[{"url":"http:\/\/www.lesbiefs.eu\/2020\/wp-content\/uploads\/2020\/06\/montagne.jpg","type":"","width":"","height":""}],"twitter_misc":{"Dur\u00e9e de lecture estim\u00e9e":"2 minutes"},"schema":{"@context":"https:\/\/schema.org","@graph":[{"@type":"WebPage","@id":"https:\/\/www.lesbiefs.eu\/fr\/omgeving\/","url":"https:\/\/www.lesbiefs.eu\/fr\/omgeving\/","name":"A voir - Aire les Biefs","isPartOf":{"@id":"https:\/\/www.lesbiefs.eu\/#website"},"primaryImageOfPage":{"@id":"https:\/\/www.lesbiefs.eu\/fr\/omgeving\/#primaryimage"},"image":{"@id":"https:\/\/www.lesbiefs.eu\/fr\/omgeving\/#primaryimage"},"thumbnailUrl":"http:\/\/www.lesbiefs.eu\/2020\/wp-content\/uploads\/2020\/06\/montagne.jpg","datePublished":"2013-11-22T13:18:55+00:00","dateModified":"2020-06-11T09:14:17+00:00","breadcrumb":{"@id":"https:\/\/www.lesbiefs.eu\/fr\/omgeving\/#breadcrumb"},"inLanguage":"fr-FR","potentialAction":[{"@type":"ReadAction","target":["https:\/\/www.lesbiefs.eu\/fr\/omgeving\/"]}]},{"@type":"ImageObject","inLanguage":"fr-FR","@id":"https:\/\/www.lesbiefs.eu\/fr\/omgeving\/#primaryimage","url":"http:\/\/www.lesbiefs.eu\/2020\/wp-content\/uploads\/2020\/06\/montagne.jpg","contentUrl":"http:\/\/www.lesbiefs.eu\/2020\/wp-content\/uploads\/2020\/06\/montagne.jpg"},{"@type":"BreadcrumbList","@id":"https:\/\/www.lesbiefs.eu\/fr\/omgeving\/#breadcrumb","itemListElement":[{"@type":"ListItem","position":1,"name":"Home","item":"https:\/\/www.lesbiefs.eu\/"},{"@type":"ListItem","position":2,"name":"A voir"}]},{"@type":"WebSite","@id":"https:\/\/www.lesbiefs.eu\/#website","url":"https:\/\/www.lesbiefs.eu\/","name":"Aire les Biefs","description":"","publisher":{"@id":"https:\/\/www.lesbiefs.eu\/#organization"},"potentialAction":[{"@type":"SearchAction","target":{"@type":"EntryPoint","urlTemplate":"https:\/\/www.lesbiefs.eu\/?s={search_term_string}"},"query-input":{"@type":"PropertyValueSpecification","valueRequired":true,"valueName":"search_term_string"}}],"inLanguage":"fr-FR"},{"@type":"Organization","@id":"https:\/\/www.lesbiefs.eu\/#organization","name":"Aire les Biefs","url":"https:\/\/www.lesbiefs.eu\/","logo":{"@type":"ImageObject","inLanguage":"fr-FR","@id":"https:\/\/www.lesbiefs.eu\/#\/schema\/logo\/image\/","url":"https:\/\/www.lesbiefs.eu\/2020\/wp-content\/uploads\/2015\/08\/ondertekening-Alb.jpg","contentUrl":"https:\/\/www.lesbiefs.eu\/2020\/wp-content\/uploads\/2015\/08\/ondertekening-Alb.jpg","width":227,"height":181,"caption":"Aire les Biefs"},"image":{"@id":"https:\/\/www.lesbiefs.eu\/#\/schema\/logo\/image\/"}}]}},"_links":{"self":[{"href":"https:\/\/www.lesbiefs.eu\/fr\/wp-json\/wp\/v2\/pages\/80","targetHints":{"allow":["GET"]}}],"collection":[{"href":"https:\/\/www.lesbiefs.eu\/fr\/wp-json\/wp\/v2\/pages"}],"about":[{"href":"https:\/\/www.lesbiefs.eu\/fr\/wp-json\/wp\/v2\/types\/page"}],"author":[{"embeddable":true,"href":"https:\/\/www.lesbiefs.eu\/fr\/wp-json\/wp\/v2\/users\/1"}],"replies":[{"embeddable":true,"href":"https:\/\/www.lesbiefs.eu\/fr\/wp-json\/wp\/v2\/comments?post=80"}],"version-history":[{"count":16,"href":"https:\/\/www.lesbiefs.eu\/fr\/wp-json\/wp\/v2\/pages\/80\/revisions"}],"predecessor-version":[{"id":4836,"href":"https:\/\/www.lesbiefs.eu\/fr\/wp-json\/wp\/v2\/pages\/80\/revisions\/4836"}],"wp:attachment":[{"href":"https:\/\/www.lesbiefs.eu\/fr\/wp-json\/wp\/v2\/media?parent=80"}],"curies":[{"name":"wp","href":"https:\/\/api.w.org\/{rel}","templated":true}]}}