{"id":546,"date":"2013-12-09T16:03:10","date_gmt":"2013-12-09T15:03:10","guid":{"rendered":"http:\/\/www.airelesbiefs.com\/?page_id=546"},"modified":"2026-01-19T17:33:20","modified_gmt":"2026-01-19T16:33:20","slug":"gite-le-chalet","status":"publish","type":"page","link":"https:\/\/www.lesbiefs.eu\/fr\/gite-le-chalet\/","title":{"rendered":"G\u00eete Les Papillons"},"content":{"rendered":"\n<h4 class=\"wp-block-heading has-text-align-center\">G\u00eete comfortabele 4 personnes max &#8211; salon &#8211; salle d&rsquo;eau &#8211; cuisine &#8211; 2 chambres &#8211;  chiens admis<br>Adults only &#8211; hebergement<\/h4>\n\n\n\n<figure class=\"wp-block-image size-large\"><img loading=\"lazy\" decoding=\"async\" width=\"1024\" height=\"687\" src=\"https:\/\/www.lesbiefs.eu\/2020\/wp-content\/uploads\/2020\/04\/IMG_9887-1024x687.jpg\" alt=\"\" class=\"wp-image-3957\" srcset=\"https:\/\/www.lesbiefs.eu\/2020\/wp-content\/uploads\/2020\/04\/IMG_9887-1024x687.jpg 1024w, https:\/\/www.lesbiefs.eu\/2020\/wp-content\/uploads\/2020\/04\/IMG_9887-300x201.jpg 300w, https:\/\/www.lesbiefs.eu\/2020\/wp-content\/uploads\/2020\/04\/IMG_9887-768x515.jpg 768w, https:\/\/www.lesbiefs.eu\/2020\/wp-content\/uploads\/2020\/04\/IMG_9887-1536x1030.jpg 1536w, https:\/\/www.lesbiefs.eu\/2020\/wp-content\/uploads\/2020\/04\/IMG_9887-2048x1373.jpg 2048w, https:\/\/www.lesbiefs.eu\/2020\/wp-content\/uploads\/2020\/04\/IMG_9887-149x100.jpg 149w, https:\/\/www.lesbiefs.eu\/2020\/wp-content\/uploads\/2020\/04\/IMG_9887-150x101.jpg 150w\" sizes=\"auto, (max-width: 1024px) 100vw, 1024px\" \/><\/figure>\n\n\n\n<p>\u00c0 l&rsquo;arri\u00e8re de la maison, avec vue sur les collines et sur notre jardin est le nouvel appartement pour 4 personnes. \u00c0 l&rsquo;\u00e9poque de la colonie de vacances, la salle de jeu, o\u00f9 les enfants pouvaient jouer table tennis, jeux et l&rsquo;artisanat. Sur les fondations de l&rsquo;\u00e9difice est un tout nouveau g\u00eete et un stockage\/garage pour nous a r\u00e9alis\u00e9 en 2010. Dans le chalet il y a une salle de s\u00e9jour avec cuisine ouverte, deux chambres et une salle de bains avec douche et WC.<\/p>\n\n\n\n<p>Vous pouvez pr\u00e9parer vos propres repas dans la maison, mais bien s\u00fbr, vous pouvez \u00e9galement r\u00e9server pour acc\u00e9der \u00e0 la table d &lsquo; h\u00f4tes (d\u00eener). <br>Dans l&rsquo;appartement est une cuisine ouverte avec cuisini\u00e8re \u00e0 gaz, four, hotte aspirante, r\u00e9frig\u00e9rateur\/ cong\u00e9lateur et micro-ondes. Il est aussi bien s\u00fbr le mat\u00e9riel de cuisine n\u00e9cessaire, suffisante vaisselle, cafeti\u00e8re et bouilloire. <br>Dans le salon, il y a un po\u00eale \u00e0 bois, un double canap\u00e9, fauteuils et une table \u00e0 manger. Le g\u00eete dispose \u00e9galement d&rsquo;une TV avec cha\u00eenes satellite et cha\u00eenes neerlandais\/ anglais\/ francais, lecteur dvd et une cha\u00eene st\u00e9r\u00e9o.<\/p>\n\n\n\n<p>Directement au g\u00eete est un lieu priv\u00e9 avec meubles de jardin et un petit barbecue mobile, avec une vue sur les montagnes et de notre jardin. Il y a \u00e9galement un gazebo en bois confortable depuis 2012 o\u00f9 vous pouvez vous asseoir, prot\u00e9g\u00e9e du soleil.<\/p>\n\n\n\n<p>Bien s\u00fbr, les invit\u00e9s du g\u00eete \u00e9galement utilisent la piscine et autres installations dans la grande maison.<\/p>\n\n\n\n<p class=\"has-text-align-center has-very-light-gray-color has-vivid-red-background-color has-text-color has-background\">Prix par semaine:<br>1 ou 2 personnes \u20ac 725,- (apr\u00e8s \u20ac105 par jour)<br>prix par jour \u20ac117,50,- (min. 4 jours)<br>jour arriv\u00e9 et depart variable<\/p>\n\n\n<p style=\"text-align: center;\">Disponibilit\u00e9:<br \/><iframe loading=\"lazy\" width=\"320\" height=\"240\" src=\"https:\/\/www.gites.nl\/tehuur\/8608\/embed\" style=\"width: 700px; height: 340px;\"><\/iframe><\/p>\n\n\n<p class=\"MsoNormal\"> <span style=\"mso-spacerun: yes;\">    <\/span><span style=\"background: lime; mso-highlight: lime;\">31<\/span> Disponible <span style=\"mso-spacerun: yes;\">    <\/span><span style=\"background: yellow; mso-highlight: yellow;\">31<\/span> Derniere minute <span style=\"mso-spacerun: yes;\">    <\/span><del><span style=\"background: silver; mso-highlight: silver;\">31<\/span><\/del> Pas disponible\/ reserv\u00e9e <span style=\"mso-spacerun: yes;\"> <\/span><\/p>\n\n\n\n<p class=\"has-text-align-center has-very-light-gray-color has-vivid-red-background-color has-text-color has-background\">Voulez-vous r\u00e9server? Cliquez <strong><a href=\"https:\/\/www.lesbiefs.eu\/2020\/fr\/reservations-2\/\">ici<\/a><\/strong><\/p>\n\n\n\n<p><\/p>\n","protected":false},"excerpt":{"rendered":"<p>G\u00eete comfortabele 4 personnes max &#8211; salon &#8211; salle d&rsquo;eau &#8211; cuisine &#8211; 2 chambres &#8211; chiens admisAdults only &#8211;&#8230;<\/p>\n<p class=\"continue-reading-button\"> <a class=\"continue-reading-link\" href=\"https:\/\/www.lesbiefs.eu\/fr\/gite-le-chalet\/\">En plus<i class=\"crycon-right-dir\"><\/i><\/a><\/p>\n","protected":false},"author":1,"featured_media":0,"parent":0,"menu_order":0,"comment_status":"closed","ping_status":"closed","template":"","meta":{"footnotes":""},"class_list":["post-546","page","type-page","status-publish","hentry"],"yoast_head":"<!-- This site is optimized with the Yoast SEO plugin v26.9 - https:\/\/yoast.com\/product\/yoast-seo-wordpress\/ -->\n<title>G\u00eete Les Papillons - Aire les Biefs<\/title>\n<meta name=\"robots\" content=\"index, follow, max-snippet:-1, max-image-preview:large, max-video-preview:-1\" \/>\n<link rel=\"canonical\" href=\"https:\/\/www.lesbiefs.eu\/fr\/gite-le-chalet\/\" \/>\n<meta property=\"og:locale\" content=\"fr_FR\" \/>\n<meta property=\"og:type\" content=\"article\" \/>\n<meta property=\"og:title\" content=\"G\u00eete Les Papillons - Aire les Biefs\" \/>\n<meta property=\"og:description\" content=\"G\u00eete comfortabele 4 personnes max &#8211; salon &#8211; salle d&rsquo;eau &#8211; cuisine &#8211; 2 chambres &#8211; chiens admisAdults only &#8211;... En plus\" \/>\n<meta property=\"og:url\" content=\"https:\/\/www.lesbiefs.eu\/fr\/gite-le-chalet\/\" \/>\n<meta property=\"og:site_name\" content=\"Aire les Biefs\" \/>\n<meta property=\"article:modified_time\" content=\"2026-01-19T16:33:20+00:00\" \/>\n<meta property=\"og:image\" content=\"https:\/\/www.lesbiefs.eu\/2020\/wp-content\/uploads\/2020\/04\/IMG_9887.jpg\" \/>\n\t<meta property=\"og:image:width\" content=\"2395\" \/>\n\t<meta property=\"og:image:height\" content=\"1606\" \/>\n\t<meta property=\"og:image:type\" content=\"image\/jpeg\" \/>\n<meta name=\"twitter:label1\" content=\"Dur\u00e9e de lecture estim\u00e9e\" \/>\n\t<meta name=\"twitter:data1\" content=\"2 minutes\" \/>\n<script type=\"application\/ld+json\" class=\"yoast-schema-graph\">{\"@context\":\"https:\/\/schema.org\",\"@graph\":[{\"@type\":\"WebPage\",\"@id\":\"https:\/\/www.lesbiefs.eu\/fr\/gite-le-chalet\/\",\"url\":\"https:\/\/www.lesbiefs.eu\/fr\/gite-le-chalet\/\",\"name\":\"G\u00eete Les Papillons - Aire les Biefs\",\"isPartOf\":{\"@id\":\"https:\/\/www.lesbiefs.eu\/#website\"},\"primaryImageOfPage\":{\"@id\":\"https:\/\/www.lesbiefs.eu\/fr\/gite-le-chalet\/#primaryimage\"},\"image\":{\"@id\":\"https:\/\/www.lesbiefs.eu\/fr\/gite-le-chalet\/#primaryimage\"},\"thumbnailUrl\":\"https:\/\/www.lesbiefs.eu\/2020\/wp-content\/uploads\/2020\/04\/IMG_9887-1024x687.jpg\",\"datePublished\":\"2013-12-09T15:03:10+00:00\",\"dateModified\":\"2026-01-19T16:33:20+00:00\",\"breadcrumb\":{\"@id\":\"https:\/\/www.lesbiefs.eu\/fr\/gite-le-chalet\/#breadcrumb\"},\"inLanguage\":\"fr-FR\",\"potentialAction\":[{\"@type\":\"ReadAction\",\"target\":[\"https:\/\/www.lesbiefs.eu\/fr\/gite-le-chalet\/\"]}]},{\"@type\":\"ImageObject\",\"inLanguage\":\"fr-FR\",\"@id\":\"https:\/\/www.lesbiefs.eu\/fr\/gite-le-chalet\/#primaryimage\",\"url\":\"https:\/\/www.lesbiefs.eu\/2020\/wp-content\/uploads\/2020\/04\/IMG_9887-1024x687.jpg\",\"contentUrl\":\"https:\/\/www.lesbiefs.eu\/2020\/wp-content\/uploads\/2020\/04\/IMG_9887-1024x687.jpg\"},{\"@type\":\"BreadcrumbList\",\"@id\":\"https:\/\/www.lesbiefs.eu\/fr\/gite-le-chalet\/#breadcrumb\",\"itemListElement\":[{\"@type\":\"ListItem\",\"position\":1,\"name\":\"Home\",\"item\":\"https:\/\/www.lesbiefs.eu\/\"},{\"@type\":\"ListItem\",\"position\":2,\"name\":\"G\u00eete Les Papillons\"}]},{\"@type\":\"WebSite\",\"@id\":\"https:\/\/www.lesbiefs.eu\/#website\",\"url\":\"https:\/\/www.lesbiefs.eu\/\",\"name\":\"Aire les Biefs\",\"description\":\"\",\"publisher\":{\"@id\":\"https:\/\/www.lesbiefs.eu\/#organization\"},\"potentialAction\":[{\"@type\":\"SearchAction\",\"target\":{\"@type\":\"EntryPoint\",\"urlTemplate\":\"https:\/\/www.lesbiefs.eu\/?s={search_term_string}\"},\"query-input\":{\"@type\":\"PropertyValueSpecification\",\"valueRequired\":true,\"valueName\":\"search_term_string\"}}],\"inLanguage\":\"fr-FR\"},{\"@type\":\"Organization\",\"@id\":\"https:\/\/www.lesbiefs.eu\/#organization\",\"name\":\"Aire les Biefs\",\"url\":\"https:\/\/www.lesbiefs.eu\/\",\"logo\":{\"@type\":\"ImageObject\",\"inLanguage\":\"fr-FR\",\"@id\":\"https:\/\/www.lesbiefs.eu\/#\/schema\/logo\/image\/\",\"url\":\"https:\/\/www.lesbiefs.eu\/2020\/wp-content\/uploads\/2015\/08\/ondertekening-Alb.jpg\",\"contentUrl\":\"https:\/\/www.lesbiefs.eu\/2020\/wp-content\/uploads\/2015\/08\/ondertekening-Alb.jpg\",\"width\":227,\"height\":181,\"caption\":\"Aire les Biefs\"},\"image\":{\"@id\":\"https:\/\/www.lesbiefs.eu\/#\/schema\/logo\/image\/\"}}]}<\/script>\n<!-- \/ Yoast SEO plugin. -->","yoast_head_json":{"title":"G\u00eete Les Papillons - Aire les Biefs","robots":{"index":"index","follow":"follow","max-snippet":"max-snippet:-1","max-image-preview":"max-image-preview:large","max-video-preview":"max-video-preview:-1"},"canonical":"https:\/\/www.lesbiefs.eu\/fr\/gite-le-chalet\/","og_locale":"fr_FR","og_type":"article","og_title":"G\u00eete Les Papillons - Aire les Biefs","og_description":"G\u00eete comfortabele 4 personnes max &#8211; salon &#8211; salle d&rsquo;eau &#8211; cuisine &#8211; 2 chambres &#8211; chiens admisAdults only &#8211;... En plus","og_url":"https:\/\/www.lesbiefs.eu\/fr\/gite-le-chalet\/","og_site_name":"Aire les Biefs","article_modified_time":"2026-01-19T16:33:20+00:00","og_image":[{"width":2395,"height":1606,"url":"https:\/\/www.lesbiefs.eu\/2020\/wp-content\/uploads\/2020\/04\/IMG_9887.jpg","type":"image\/jpeg"}],"twitter_misc":{"Dur\u00e9e de lecture estim\u00e9e":"2 minutes"},"schema":{"@context":"https:\/\/schema.org","@graph":[{"@type":"WebPage","@id":"https:\/\/www.lesbiefs.eu\/fr\/gite-le-chalet\/","url":"https:\/\/www.lesbiefs.eu\/fr\/gite-le-chalet\/","name":"G\u00eete Les Papillons - Aire les Biefs","isPartOf":{"@id":"https:\/\/www.lesbiefs.eu\/#website"},"primaryImageOfPage":{"@id":"https:\/\/www.lesbiefs.eu\/fr\/gite-le-chalet\/#primaryimage"},"image":{"@id":"https:\/\/www.lesbiefs.eu\/fr\/gite-le-chalet\/#primaryimage"},"thumbnailUrl":"https:\/\/www.lesbiefs.eu\/2020\/wp-content\/uploads\/2020\/04\/IMG_9887-1024x687.jpg","datePublished":"2013-12-09T15:03:10+00:00","dateModified":"2026-01-19T16:33:20+00:00","breadcrumb":{"@id":"https:\/\/www.lesbiefs.eu\/fr\/gite-le-chalet\/#breadcrumb"},"inLanguage":"fr-FR","potentialAction":[{"@type":"ReadAction","target":["https:\/\/www.lesbiefs.eu\/fr\/gite-le-chalet\/"]}]},{"@type":"ImageObject","inLanguage":"fr-FR","@id":"https:\/\/www.lesbiefs.eu\/fr\/gite-le-chalet\/#primaryimage","url":"https:\/\/www.lesbiefs.eu\/2020\/wp-content\/uploads\/2020\/04\/IMG_9887-1024x687.jpg","contentUrl":"https:\/\/www.lesbiefs.eu\/2020\/wp-content\/uploads\/2020\/04\/IMG_9887-1024x687.jpg"},{"@type":"BreadcrumbList","@id":"https:\/\/www.lesbiefs.eu\/fr\/gite-le-chalet\/#breadcrumb","itemListElement":[{"@type":"ListItem","position":1,"name":"Home","item":"https:\/\/www.lesbiefs.eu\/"},{"@type":"ListItem","position":2,"name":"G\u00eete Les Papillons"}]},{"@type":"WebSite","@id":"https:\/\/www.lesbiefs.eu\/#website","url":"https:\/\/www.lesbiefs.eu\/","name":"Aire les Biefs","description":"","publisher":{"@id":"https:\/\/www.lesbiefs.eu\/#organization"},"potentialAction":[{"@type":"SearchAction","target":{"@type":"EntryPoint","urlTemplate":"https:\/\/www.lesbiefs.eu\/?s={search_term_string}"},"query-input":{"@type":"PropertyValueSpecification","valueRequired":true,"valueName":"search_term_string"}}],"inLanguage":"fr-FR"},{"@type":"Organization","@id":"https:\/\/www.lesbiefs.eu\/#organization","name":"Aire les Biefs","url":"https:\/\/www.lesbiefs.eu\/","logo":{"@type":"ImageObject","inLanguage":"fr-FR","@id":"https:\/\/www.lesbiefs.eu\/#\/schema\/logo\/image\/","url":"https:\/\/www.lesbiefs.eu\/2020\/wp-content\/uploads\/2015\/08\/ondertekening-Alb.jpg","contentUrl":"https:\/\/www.lesbiefs.eu\/2020\/wp-content\/uploads\/2015\/08\/ondertekening-Alb.jpg","width":227,"height":181,"caption":"Aire les Biefs"},"image":{"@id":"https:\/\/www.lesbiefs.eu\/#\/schema\/logo\/image\/"}}]}},"_links":{"self":[{"href":"https:\/\/www.lesbiefs.eu\/fr\/wp-json\/wp\/v2\/pages\/546","targetHints":{"allow":["GET"]}}],"collection":[{"href":"https:\/\/www.lesbiefs.eu\/fr\/wp-json\/wp\/v2\/pages"}],"about":[{"href":"https:\/\/www.lesbiefs.eu\/fr\/wp-json\/wp\/v2\/types\/page"}],"author":[{"embeddable":true,"href":"https:\/\/www.lesbiefs.eu\/fr\/wp-json\/wp\/v2\/users\/1"}],"replies":[{"embeddable":true,"href":"https:\/\/www.lesbiefs.eu\/fr\/wp-json\/wp\/v2\/comments?post=546"}],"version-history":[{"count":18,"href":"https:\/\/www.lesbiefs.eu\/fr\/wp-json\/wp\/v2\/pages\/546\/revisions"}],"predecessor-version":[{"id":6897,"href":"https:\/\/www.lesbiefs.eu\/fr\/wp-json\/wp\/v2\/pages\/546\/revisions\/6897"}],"wp:attachment":[{"href":"https:\/\/www.lesbiefs.eu\/fr\/wp-json\/wp\/v2\/media?parent=546"}],"curies":[{"name":"wp","href":"https:\/\/api.w.org\/{rel}","templated":true}]}}