{"id":543,"date":"2013-12-09T16:01:47","date_gmt":"2013-12-09T15:01:47","guid":{"rendered":"http:\/\/www.airelesbiefs.com\/?page_id=543"},"modified":"2026-01-19T17:31:07","modified_gmt":"2026-01-19T16:31:07","slug":"gite-lancienne-infirmerie","status":"publish","type":"page","link":"https:\/\/www.lesbiefs.eu\/fr\/gite-lancienne-infirmerie\/","title":{"rendered":"G\u00eete l\u2019Ancienne Infirmerie"},"content":{"rendered":"\n<h4 class=\"wp-block-heading has-text-align-center\">G\u00eete comfortabele 2 personnes max &#8211; salon &#8211; salle d&rsquo;eau &#8211; cuisine &#8211; 1 chambre &#8211;  chiens admis<br>Adults only &#8211; hebergement<\/h4>\n\n\n\n<figure class=\"wp-block-image size-large\"><img loading=\"lazy\" decoding=\"async\" width=\"1024\" height=\"700\" src=\"https:\/\/www.lesbiefs.eu\/2020\/wp-content\/uploads\/2020\/04\/IMG_9896-1024x700.jpg\" alt=\"\" class=\"wp-image-3937\" srcset=\"https:\/\/www.lesbiefs.eu\/2020\/wp-content\/uploads\/2020\/04\/IMG_9896-1024x700.jpg 1024w, https:\/\/www.lesbiefs.eu\/2020\/wp-content\/uploads\/2020\/04\/IMG_9896-300x205.jpg 300w, https:\/\/www.lesbiefs.eu\/2020\/wp-content\/uploads\/2020\/04\/IMG_9896-768x525.jpg 768w, https:\/\/www.lesbiefs.eu\/2020\/wp-content\/uploads\/2020\/04\/IMG_9896-1536x1050.jpg 1536w, https:\/\/www.lesbiefs.eu\/2020\/wp-content\/uploads\/2020\/04\/IMG_9896-2048x1401.jpg 2048w, https:\/\/www.lesbiefs.eu\/2020\/wp-content\/uploads\/2020\/04\/IMG_9896-146x100.jpg 146w, https:\/\/www.lesbiefs.eu\/2020\/wp-content\/uploads\/2020\/04\/IMG_9896-150x103.jpg 150w\" sizes=\"auto, (max-width: 1024px) 100vw, 1024px\" \/><\/figure>\n\n\n\n<p>En face de la maison&nbsp; vous trouverez notre appartement pour 2 personnes. A l&rsquo;\u00e9poque de la colonie de vacances ce b\u00e2timent \u00e9tait utilis\u00e9 comme infirmerie pour les enfants. L&rsquo;appartement a \u00e9t\u00e9 enti\u00e8rement r\u00e9nov\u00e9 en 2012. Il dispose d&rsquo;un nouveau toit de tuiles, murs int\u00e9rieurs, plafonds, fen\u00eatres avec double vitrage et a \u00e9t\u00e9 compl\u00e8tement isol\u00e9. <br>D\u00e9sormais il y a&nbsp; une cuisine spacieuse et une salle de bains neuve avec douche \u00e0 l&rsquo;italienne. Vous pouvez pr\u00e9parer vos propres repas ici, mais bien s\u00fbr, vous pouvez \u00e9galement r\u00e9server pour&nbsp; notre table d&rsquo; h\u00f4tes (d\u00eener). <br><br>L&rsquo;appartement dispose d&rsquo;une cuisine avec plan de travail en grand angle et est \u00e9quip\u00e9 de : frigidaire,plaque de cuisson, four et hotte. Vous trouverez \u00e9galement le mat\u00e9riel de cuisine n\u00e9cessaire, la vaisselle en suffisance, une machine \u00e0 caf\u00e9, une bouilloire et un micro-ondes. Dans le salon, il y a un po\u00eale \u00e0 pellets, un canap\u00e9 deux places, un fautueil et une salle \u00e0 manger. <br><br>Le g\u00eete dispose \u00e9galement d&rsquo;une TV avec cha\u00eenes satellite, lecteur dvd et une cha\u00eene st\u00e9r\u00e9o. <br>La chambre a un lit double (160 \u00d7 200) et une armoire. <br><br>Par la porte coulissante de&nbsp; votre salon, vous pouvez acc\u00e8der directement sur la terrasse en bois sur\u00e9lev\u00e9e avec vue sur les montagnes et les p\u00e2turages des voisins. \u00c0 c\u00f4t\u00e9 de la terrasse, vous avez aussi un coin isol\u00e9. A l&rsquo;entr\u00e9e du g\u00eete vous avez un salon de jardin suppl\u00e9mentaire privatif. <br>Bien s\u00fbr, les invit\u00e9s du g\u00eete peuvent \u00e9galement utiliser la piscine et les autres \u00e9quipements dans la grande maison.<br><\/p>\n\n\n\n<p class=\"has-text-align-center has-very-light-gray-color has-vivid-red-background-color has-text-color has-background\">Prix par semaine:<br>1 ou 2 personnes \u20ac 625,-<br>jour arriv\u00e9 et depart samedi<\/p>\n\n\n<p style=\"text-align: center;\">Disponibilit\u00e9:<br \/><iframe loading=\"lazy\" width=\"320\" height=\"240\" src=\"https:\/\/www.gites.nl\/tehuur\/8603\/embed\" style=\"width: 700px; height: 340px;\"><\/iframe><\/p>\n\n\n<p class=\"MsoNormal\"> <span style=\"mso-spacerun: yes;\">    <\/span><span style=\"background: lime; mso-highlight: lime;\">31<\/span> Disponible <span style=\"mso-spacerun: yes;\">    <\/span><span style=\"background: yellow; mso-highlight: yellow;\">31<\/span> Derniere minute <span style=\"mso-spacerun: yes;\">    <\/span><del><span style=\"background: silver; mso-highlight: silver;\">31<\/span><\/del> Pas disponible\/ reserv\u00e9e <span style=\"mso-spacerun: yes;\"> <\/span><\/p>\n\n\n\n<p class=\"has-text-align-center has-very-light-gray-color has-vivid-red-background-color has-text-color has-background\">Voulez-vous r\u00e9server? Cliquez <strong><a href=\"https:\/\/www.lesbiefs.eu\/2020\/fr\/reservations-2\/\">ici<\/a><\/strong><\/p>\n","protected":false},"excerpt":{"rendered":"<p>G\u00eete comfortabele 2 personnes max &#8211; salon &#8211; salle d&rsquo;eau &#8211; cuisine &#8211; 1 chambre &#8211; chiens admisAdults only &#8211;&#8230;<\/p>\n<p class=\"continue-reading-button\"> <a class=\"continue-reading-link\" href=\"https:\/\/www.lesbiefs.eu\/fr\/gite-lancienne-infirmerie\/\">En plus<i class=\"crycon-right-dir\"><\/i><\/a><\/p>\n","protected":false},"author":1,"featured_media":0,"parent":0,"menu_order":0,"comment_status":"closed","ping_status":"closed","template":"","meta":{"footnotes":""},"class_list":["post-543","page","type-page","status-publish","hentry"],"yoast_head":"<!-- This site is optimized with the Yoast SEO plugin v26.9 - https:\/\/yoast.com\/product\/yoast-seo-wordpress\/ -->\n<title>G\u00eete l\u2019Ancienne Infirmerie - Aire les Biefs<\/title>\n<meta name=\"robots\" content=\"index, follow, max-snippet:-1, max-image-preview:large, max-video-preview:-1\" \/>\n<link rel=\"canonical\" href=\"https:\/\/www.lesbiefs.eu\/fr\/gite-lancienne-infirmerie\/\" \/>\n<meta property=\"og:locale\" content=\"fr_FR\" \/>\n<meta property=\"og:type\" content=\"article\" \/>\n<meta property=\"og:title\" content=\"G\u00eete l\u2019Ancienne Infirmerie - Aire les Biefs\" \/>\n<meta property=\"og:description\" content=\"G\u00eete comfortabele 2 personnes max &#8211; salon &#8211; salle d&rsquo;eau &#8211; cuisine &#8211; 1 chambre &#8211; chiens admisAdults only &#8211;... En plus\" \/>\n<meta property=\"og:url\" content=\"https:\/\/www.lesbiefs.eu\/fr\/gite-lancienne-infirmerie\/\" \/>\n<meta property=\"og:site_name\" content=\"Aire les Biefs\" \/>\n<meta property=\"article:modified_time\" content=\"2026-01-19T16:31:07+00:00\" \/>\n<meta property=\"og:image\" content=\"https:\/\/www.lesbiefs.eu\/2020\/wp-content\/uploads\/2020\/04\/IMG_9896.jpg\" \/>\n\t<meta property=\"og:image:width\" content=\"2398\" \/>\n\t<meta property=\"og:image:height\" content=\"1640\" \/>\n\t<meta property=\"og:image:type\" content=\"image\/jpeg\" \/>\n<meta name=\"twitter:label1\" content=\"Dur\u00e9e de lecture estim\u00e9e\" \/>\n\t<meta name=\"twitter:data1\" content=\"2 minutes\" \/>\n<script type=\"application\/ld+json\" class=\"yoast-schema-graph\">{\"@context\":\"https:\/\/schema.org\",\"@graph\":[{\"@type\":\"WebPage\",\"@id\":\"https:\/\/www.lesbiefs.eu\/fr\/gite-lancienne-infirmerie\/\",\"url\":\"https:\/\/www.lesbiefs.eu\/fr\/gite-lancienne-infirmerie\/\",\"name\":\"G\u00eete l\u2019Ancienne Infirmerie - Aire les Biefs\",\"isPartOf\":{\"@id\":\"https:\/\/www.lesbiefs.eu\/#website\"},\"primaryImageOfPage\":{\"@id\":\"https:\/\/www.lesbiefs.eu\/fr\/gite-lancienne-infirmerie\/#primaryimage\"},\"image\":{\"@id\":\"https:\/\/www.lesbiefs.eu\/fr\/gite-lancienne-infirmerie\/#primaryimage\"},\"thumbnailUrl\":\"https:\/\/www.lesbiefs.eu\/2020\/wp-content\/uploads\/2020\/04\/IMG_9896-1024x700.jpg\",\"datePublished\":\"2013-12-09T15:01:47+00:00\",\"dateModified\":\"2026-01-19T16:31:07+00:00\",\"breadcrumb\":{\"@id\":\"https:\/\/www.lesbiefs.eu\/fr\/gite-lancienne-infirmerie\/#breadcrumb\"},\"inLanguage\":\"fr-FR\",\"potentialAction\":[{\"@type\":\"ReadAction\",\"target\":[\"https:\/\/www.lesbiefs.eu\/fr\/gite-lancienne-infirmerie\/\"]}]},{\"@type\":\"ImageObject\",\"inLanguage\":\"fr-FR\",\"@id\":\"https:\/\/www.lesbiefs.eu\/fr\/gite-lancienne-infirmerie\/#primaryimage\",\"url\":\"https:\/\/www.lesbiefs.eu\/2020\/wp-content\/uploads\/2020\/04\/IMG_9896-1024x700.jpg\",\"contentUrl\":\"https:\/\/www.lesbiefs.eu\/2020\/wp-content\/uploads\/2020\/04\/IMG_9896-1024x700.jpg\"},{\"@type\":\"BreadcrumbList\",\"@id\":\"https:\/\/www.lesbiefs.eu\/fr\/gite-lancienne-infirmerie\/#breadcrumb\",\"itemListElement\":[{\"@type\":\"ListItem\",\"position\":1,\"name\":\"Home\",\"item\":\"https:\/\/www.lesbiefs.eu\/\"},{\"@type\":\"ListItem\",\"position\":2,\"name\":\"G\u00eete l\u2019Ancienne Infirmerie\"}]},{\"@type\":\"WebSite\",\"@id\":\"https:\/\/www.lesbiefs.eu\/#website\",\"url\":\"https:\/\/www.lesbiefs.eu\/\",\"name\":\"Aire les Biefs\",\"description\":\"\",\"publisher\":{\"@id\":\"https:\/\/www.lesbiefs.eu\/#organization\"},\"potentialAction\":[{\"@type\":\"SearchAction\",\"target\":{\"@type\":\"EntryPoint\",\"urlTemplate\":\"https:\/\/www.lesbiefs.eu\/?s={search_term_string}\"},\"query-input\":{\"@type\":\"PropertyValueSpecification\",\"valueRequired\":true,\"valueName\":\"search_term_string\"}}],\"inLanguage\":\"fr-FR\"},{\"@type\":\"Organization\",\"@id\":\"https:\/\/www.lesbiefs.eu\/#organization\",\"name\":\"Aire les Biefs\",\"url\":\"https:\/\/www.lesbiefs.eu\/\",\"logo\":{\"@type\":\"ImageObject\",\"inLanguage\":\"fr-FR\",\"@id\":\"https:\/\/www.lesbiefs.eu\/#\/schema\/logo\/image\/\",\"url\":\"https:\/\/www.lesbiefs.eu\/2020\/wp-content\/uploads\/2015\/08\/ondertekening-Alb.jpg\",\"contentUrl\":\"https:\/\/www.lesbiefs.eu\/2020\/wp-content\/uploads\/2015\/08\/ondertekening-Alb.jpg\",\"width\":227,\"height\":181,\"caption\":\"Aire les Biefs\"},\"image\":{\"@id\":\"https:\/\/www.lesbiefs.eu\/#\/schema\/logo\/image\/\"}}]}<\/script>\n<!-- \/ Yoast SEO plugin. -->","yoast_head_json":{"title":"G\u00eete l\u2019Ancienne Infirmerie - Aire les Biefs","robots":{"index":"index","follow":"follow","max-snippet":"max-snippet:-1","max-image-preview":"max-image-preview:large","max-video-preview":"max-video-preview:-1"},"canonical":"https:\/\/www.lesbiefs.eu\/fr\/gite-lancienne-infirmerie\/","og_locale":"fr_FR","og_type":"article","og_title":"G\u00eete l\u2019Ancienne Infirmerie - Aire les Biefs","og_description":"G\u00eete comfortabele 2 personnes max &#8211; salon &#8211; salle d&rsquo;eau &#8211; cuisine &#8211; 1 chambre &#8211; chiens admisAdults only &#8211;... En plus","og_url":"https:\/\/www.lesbiefs.eu\/fr\/gite-lancienne-infirmerie\/","og_site_name":"Aire les Biefs","article_modified_time":"2026-01-19T16:31:07+00:00","og_image":[{"width":2398,"height":1640,"url":"https:\/\/www.lesbiefs.eu\/2020\/wp-content\/uploads\/2020\/04\/IMG_9896.jpg","type":"image\/jpeg"}],"twitter_misc":{"Dur\u00e9e de lecture estim\u00e9e":"2 minutes"},"schema":{"@context":"https:\/\/schema.org","@graph":[{"@type":"WebPage","@id":"https:\/\/www.lesbiefs.eu\/fr\/gite-lancienne-infirmerie\/","url":"https:\/\/www.lesbiefs.eu\/fr\/gite-lancienne-infirmerie\/","name":"G\u00eete l\u2019Ancienne Infirmerie - Aire les Biefs","isPartOf":{"@id":"https:\/\/www.lesbiefs.eu\/#website"},"primaryImageOfPage":{"@id":"https:\/\/www.lesbiefs.eu\/fr\/gite-lancienne-infirmerie\/#primaryimage"},"image":{"@id":"https:\/\/www.lesbiefs.eu\/fr\/gite-lancienne-infirmerie\/#primaryimage"},"thumbnailUrl":"https:\/\/www.lesbiefs.eu\/2020\/wp-content\/uploads\/2020\/04\/IMG_9896-1024x700.jpg","datePublished":"2013-12-09T15:01:47+00:00","dateModified":"2026-01-19T16:31:07+00:00","breadcrumb":{"@id":"https:\/\/www.lesbiefs.eu\/fr\/gite-lancienne-infirmerie\/#breadcrumb"},"inLanguage":"fr-FR","potentialAction":[{"@type":"ReadAction","target":["https:\/\/www.lesbiefs.eu\/fr\/gite-lancienne-infirmerie\/"]}]},{"@type":"ImageObject","inLanguage":"fr-FR","@id":"https:\/\/www.lesbiefs.eu\/fr\/gite-lancienne-infirmerie\/#primaryimage","url":"https:\/\/www.lesbiefs.eu\/2020\/wp-content\/uploads\/2020\/04\/IMG_9896-1024x700.jpg","contentUrl":"https:\/\/www.lesbiefs.eu\/2020\/wp-content\/uploads\/2020\/04\/IMG_9896-1024x700.jpg"},{"@type":"BreadcrumbList","@id":"https:\/\/www.lesbiefs.eu\/fr\/gite-lancienne-infirmerie\/#breadcrumb","itemListElement":[{"@type":"ListItem","position":1,"name":"Home","item":"https:\/\/www.lesbiefs.eu\/"},{"@type":"ListItem","position":2,"name":"G\u00eete l\u2019Ancienne Infirmerie"}]},{"@type":"WebSite","@id":"https:\/\/www.lesbiefs.eu\/#website","url":"https:\/\/www.lesbiefs.eu\/","name":"Aire les Biefs","description":"","publisher":{"@id":"https:\/\/www.lesbiefs.eu\/#organization"},"potentialAction":[{"@type":"SearchAction","target":{"@type":"EntryPoint","urlTemplate":"https:\/\/www.lesbiefs.eu\/?s={search_term_string}"},"query-input":{"@type":"PropertyValueSpecification","valueRequired":true,"valueName":"search_term_string"}}],"inLanguage":"fr-FR"},{"@type":"Organization","@id":"https:\/\/www.lesbiefs.eu\/#organization","name":"Aire les Biefs","url":"https:\/\/www.lesbiefs.eu\/","logo":{"@type":"ImageObject","inLanguage":"fr-FR","@id":"https:\/\/www.lesbiefs.eu\/#\/schema\/logo\/image\/","url":"https:\/\/www.lesbiefs.eu\/2020\/wp-content\/uploads\/2015\/08\/ondertekening-Alb.jpg","contentUrl":"https:\/\/www.lesbiefs.eu\/2020\/wp-content\/uploads\/2015\/08\/ondertekening-Alb.jpg","width":227,"height":181,"caption":"Aire les Biefs"},"image":{"@id":"https:\/\/www.lesbiefs.eu\/#\/schema\/logo\/image\/"}}]}},"_links":{"self":[{"href":"https:\/\/www.lesbiefs.eu\/fr\/wp-json\/wp\/v2\/pages\/543","targetHints":{"allow":["GET"]}}],"collection":[{"href":"https:\/\/www.lesbiefs.eu\/fr\/wp-json\/wp\/v2\/pages"}],"about":[{"href":"https:\/\/www.lesbiefs.eu\/fr\/wp-json\/wp\/v2\/types\/page"}],"author":[{"embeddable":true,"href":"https:\/\/www.lesbiefs.eu\/fr\/wp-json\/wp\/v2\/users\/1"}],"replies":[{"embeddable":true,"href":"https:\/\/www.lesbiefs.eu\/fr\/wp-json\/wp\/v2\/comments?post=543"}],"version-history":[{"count":13,"href":"https:\/\/www.lesbiefs.eu\/fr\/wp-json\/wp\/v2\/pages\/543\/revisions"}],"predecessor-version":[{"id":6895,"href":"https:\/\/www.lesbiefs.eu\/fr\/wp-json\/wp\/v2\/pages\/543\/revisions\/6895"}],"wp:attachment":[{"href":"https:\/\/www.lesbiefs.eu\/fr\/wp-json\/wp\/v2\/media?parent=543"}],"curies":[{"name":"wp","href":"https:\/\/api.w.org\/{rel}","templated":true}]}}