{"id":4838,"date":"2020-04-24T10:43:37","date_gmt":"2020-04-24T08:43:37","guid":{"rendered":"http:\/\/www.lesbiefs.eu\/2020\/ons-aanbod\/"},"modified":"2026-01-19T17:40:54","modified_gmt":"2026-01-19T16:40:54","slug":"ons-aanbod","status":"publish","type":"page","link":"https:\/\/www.lesbiefs.eu\/fr\/ons-aanbod\/","title":{"rendered":"Notre offre"},"content":{"rendered":"<div class=\"wp-block-image\">\n<figure class=\"aligncenter size-large\"><img loading=\"lazy\" decoding=\"async\" width=\"600\" height=\"399\" src=\"https:\/\/www.lesbiefs.eu\/2020\/wp-content\/uploads\/2020\/04\/ons-aanbod.jpg\" alt=\"\" class=\"wp-image-3883\" srcset=\"https:\/\/www.lesbiefs.eu\/2020\/wp-content\/uploads\/2020\/04\/ons-aanbod.jpg 600w, https:\/\/www.lesbiefs.eu\/2020\/wp-content\/uploads\/2020\/04\/ons-aanbod-300x200.jpg 300w, https:\/\/www.lesbiefs.eu\/2020\/wp-content\/uploads\/2020\/04\/ons-aanbod-150x100.jpg 150w\" sizes=\"auto, (max-width: 600px) 100vw, 600px\" \/><\/figure>\n<\/div>\n\n\n<p>En 2006, nous avons cr\u00e9\u00e9 un bel endroit pour les clients au milieu de la France. Pour de longues vacances d\u00e9tendues, une escale, des vacances \u00e0 pied, un cours, un atelier, un \u00e9v\u00e9nement ou une visite en famille. Beaucoup est possible avec nos h\u00e9bergements. Nous sommes une \u2018adult only\u2019 (seulement adultes \/ 18+) accommodation.<\/p>\n\n\n\n<blockquote class=\"wp-block-quote has-text-align-left is-style-large is-layout-flow wp-block-quote-is-layout-flow\">\n<p><strong>\u00ab\u00a0Aire les Biefs\u00a0\u00bb signifie \u00ab\u00a0lieu de repos entre les cascades\u00a0\u00bb. Nous avons transform\u00e9 une maison spacieuse, qui fut d&rsquo;abord l&rsquo;ancienne \u00e9cole du village et plus tard une colonie de vacances, en un v\u00e9ritable paradis pour les demandeurs de paix, les randonneurs et les amoureux de la nature.<\/strong><\/p>\n<\/blockquote>\n\n\n\n<p>Nos chambres d&rsquo;h\u00f4tes (le nom fran\u00e7ais pour bed &amp; breakfast \/ zimmerfrei) est id\u00e9al pour un s\u00e9jour plus long. Toutes nos chambres spacieuses disposent du chauffage central pour l&rsquo;hiver, d&rsquo;une salle de bain privative avec douche, WC et lavabo. La suite l&rsquo;Ancien Dortoir dispose \u00e9galement d&rsquo;une baignoire. Toutes les chambres ont de bons lits (sommier \u00e0 ressorts) et un coin salon ou des fauteuils. Tous les matins \u00e0 partir de 8h00, nous proposons un bon petit d\u00e9jeuner, qui est inclus dans le prix de la chambre. Le soir, vous pouvezz d\u00eener (<a href=\"https:\/\/www.lesbiefs.eu\/fr\/culinair\/\"> Culinair \/ Table d\u2019h\u00f4tes<\/a>) Alec nous (table d\u00b4h\u00f4tes), selon la m\u00e9t\u00e9o, dans le salon ou dans le jardin. Voir toutes nos chambres ici:<a href=\"https:\/\/www.lesbiefs.eu\/fr\/kamers\/\">Chambres d\u2019H\u00f4tes<\/a><span class=\"has-inline-color has-vivid-red-color\"><br><\/span><\/p>\n\n\n\n<p>Sur notre site, nous avons \u00e9galement deux g\u00eetes ind\u00e9pendants (2 et 4 personnes), \u00e9quip\u00e9s de tout le confort. Les h\u00f4tes des g\u00eetes peuvent \u00e9galement rejoindre notre table d&rsquo;h\u00f4tes. Voir les deux g\u00eetes ici: <a href=\"https:\/\/www.lesbiefs.eu\/fr\/gites\/\">Gites<\/a> <\/p>\n\n\n\n<p>Nous avons un mini camping avec trois emplacements sur notre site spacieux avec vue sur la Montagne. Nous avons une douche int\u00e9rieure et des toilettes disponibles pour le minicamping. Voir le mini camping ici: <a href=\"https:\/\/www.lesbiefs.eu\/fr\/minicamping\/\">Minicamping<\/a><\/p>\n\n\n\n<blockquote class=\"wp-block-quote is-style-large is-layout-flow wp-block-quote-is-layout-flow\">\n<p>La qualit\u00e9, la convivialit\u00e9 et une atmosph\u00e8re d\u00e9tendue sont nos priorit\u00e9s. En bref, consultez notre site et r\u00e9servez un s\u00e9jour \u00e0 \u00ab\u00a0Aire les Biefs\u00a0\u00bb.<\/p>\n<\/blockquote>\n\n\n\n<p><img loading=\"lazy\" decoding=\"async\" width=\"200\" height=\"134\" class=\"wp-image-959\" style=\"width: 200px;\" alt=\"\" src=\"http:\/\/www.lesbiefs.eu\/2020\/wp-content\/uploads\/2013\/11\/DSC_0367.jpg\" srcset=\"https:\/\/www.lesbiefs.eu\/2020\/wp-content\/uploads\/2013\/11\/DSC_0367.jpg 3872w, https:\/\/www.lesbiefs.eu\/2020\/wp-content\/uploads\/2013\/11\/DSC_0367-300x200.jpg 300w, https:\/\/www.lesbiefs.eu\/2020\/wp-content\/uploads\/2013\/11\/DSC_0367-1024x685.jpg 1024w\" sizes=\"auto, (max-width: 200px) 100vw, 200px\" \/>   En plus de l&rsquo;h\u00e9bergement que vous avez choisi, nous avons \u00e9galement un grand salon que vous pouvez utiliser. Cette salle servait de salle de classe quand c&rsquo;\u00e9tait une \u00e9cole de village. Le petit-d\u00e9jeuner et le <a href=\"https:\/\/www.lesbiefs.eu\/2020\/fr\/culinair\/\"><span class=\"has-inline-color has-vivid-red-color\">d\u00eener<\/span><\/a> y sont \u00e9galement servis. Dans le salon, nous avons une biblioth\u00e8que avec des livres de lecture dans diff\u00e9rentes langues. Nous avons \u00e9galement une grande quantit\u00e9 de jeux (de plateau) et de puzzles.<\/p>\n\n\n\n<p>Le salon a une chemin\u00e9e avec coin salon. Profitez de la journ\u00e9e dans le coin salon ou planifiez la journ\u00e9e \u00e0 venir. Nous avons un dossier d&rsquo;information complet pr\u00eat avec toutes les activit\u00e9s et attractions de la r\u00e9gion. Vous pouvez bien s\u00fbr nous demander conseil.<\/p>\n\n\n\n<p><img loading=\"lazy\" decoding=\"async\" width=\"200\" height=\"149\" class=\"wp-image-957\" style=\"width: 200px;\" alt=\"\" src=\"http:\/\/www.lesbiefs.eu\/2020\/wp-content\/uploads\/2013\/11\/fotoos-ipad-639.jpg\" srcset=\"https:\/\/www.lesbiefs.eu\/2020\/wp-content\/uploads\/2013\/11\/fotoos-ipad-639.jpg 2592w, https:\/\/www.lesbiefs.eu\/2020\/wp-content\/uploads\/2013\/11\/fotoos-ipad-639-300x224.jpg 300w, https:\/\/www.lesbiefs.eu\/2020\/wp-content\/uploads\/2013\/11\/fotoos-ipad-639-1024x764.jpg 1024w\" sizes=\"auto, (max-width: 200px) 100vw, 200px\" \/>   Sur le c\u00f4t\u00e9 de la maison se trouve une pelouse avec des chaises longues et un certain nombre de si\u00e8ges confortables pour lire, bronzer ou socialiser avec les autres. Il y a un toit et des parasols. En attendant, vous pourrez profiter de la vue panoramique sur les montagnes et \u00e0 travers les prairies. Voici \u00e9galement notre terrasse et piscine, o\u00f9 vous pourrez vous rafra\u00eechir tout en profitant de la vue sur les environs. Devant notre maison, vous pouvez profiter de l&rsquo;ombre sous le ch\u00e2taignier pendant que vous prenez un verre ou que vous lisez un livre de notre vaste biblioth\u00e8que.<\/p>\n\n\n\n<p><img loading=\"lazy\" decoding=\"async\" width=\"200\" height=\"149\" class=\"wp-image-955\" style=\"width: 200px;\" alt=\"\" src=\"http:\/\/www.lesbiefs.eu\/2020\/wp-content\/uploads\/2013\/11\/fotoos-ipad-615.jpg\" srcset=\"https:\/\/www.lesbiefs.eu\/2020\/wp-content\/uploads\/2013\/11\/fotoos-ipad-615.jpg 2592w, https:\/\/www.lesbiefs.eu\/2020\/wp-content\/uploads\/2013\/11\/fotoos-ipad-615-300x224.jpg 300w, https:\/\/www.lesbiefs.eu\/2020\/wp-content\/uploads\/2013\/11\/fotoos-ipad-615-1024x764.jpg 1024w\" sizes=\"auto, (max-width: 200px) 100vw, 200px\" \/>   Notre piscine (6 par 4 m\u00e8tres) est situ\u00e9e sur l&rsquo;ancien p\u00e2turage, o\u00f9 vous pourrez vous rafra\u00eechir tout en profitant de la vue sur les environs. La terrasse de la piscine dispose d&rsquo;un salon confortable et de chaises longues. La piscine est ouverte tous les jours de fin mai \u00e0 septembre (selon les conditions m\u00e9t\u00e9orologiques).<\/p>\n\n\n\n<p><img loading=\"lazy\" decoding=\"async\" width=\"200\" height=\"133\" class=\"wp-image-1020\" style=\"width: 200px;\" alt=\"\" src=\"http:\/\/www.lesbiefs.eu\/2020\/wp-content\/uploads\/2013\/11\/sauna-IMADIA.jpg\" srcset=\"https:\/\/www.lesbiefs.eu\/2020\/wp-content\/uploads\/2013\/11\/sauna-IMADIA.jpg 4288w, https:\/\/www.lesbiefs.eu\/2020\/wp-content\/uploads\/2013\/11\/sauna-IMADIA-300x199.jpg 300w, https:\/\/www.lesbiefs.eu\/2020\/wp-content\/uploads\/2013\/11\/sauna-IMADIA-1024x680.jpg 1024w\" sizes=\"auto, (max-width: 200px) 100vw, 200px\" \/>  A c\u00f4t\u00e9 de la piscine, un coin s\u00e9par\u00e9 a \u00e9t\u00e9 cr\u00e9\u00e9 avec un sauna au feu de bois pour 5 \u00e0 10 personnes. Nous pouvons les organiser pour vous sur demande. Nous facturons des frais de 7,50 \u20ac par personne et par demi-journ\u00e9e pour le sauna ext\u00e9rieur.<\/p>\n\n\n\n<p><img loading=\"lazy\" decoding=\"async\" width=\"200\" height=\"170\" class=\"wp-image-1024\" style=\"width: 200px;\" alt=\"\" src=\"http:\/\/www.lesbiefs.eu\/2020\/wp-content\/uploads\/2013\/11\/wifi.png\">Il y a une connexion WiFi gratuite dans toutes les chambres de notre chambre d&rsquo;h\u00f4tes, salon, sur le camping, au bord de la piscine et sur la terrasse pr\u00e8s du ch\u00e2taignier.<\/p>\n","protected":false},"excerpt":{"rendered":"<p>En 2006, nous avons cr\u00e9\u00e9 un bel endroit pour les clients au milieu de la France. Pour de longues vacances&#8230;<\/p>\n<p class=\"continue-reading-button\"> <a class=\"continue-reading-link\" href=\"https:\/\/www.lesbiefs.eu\/fr\/ons-aanbod\/\">En plus<i class=\"crycon-right-dir\"><\/i><\/a><\/p>\n","protected":false},"author":1,"featured_media":0,"parent":0,"menu_order":0,"comment_status":"closed","ping_status":"closed","template":"","meta":{"footnotes":""},"class_list":["post-4838","page","type-page","status-publish","hentry"],"yoast_head":"<!-- This site is optimized with the Yoast SEO plugin v26.9 - https:\/\/yoast.com\/product\/yoast-seo-wordpress\/ -->\n<title>Notre offre - Aire les Biefs<\/title>\n<meta name=\"robots\" content=\"index, follow, max-snippet:-1, max-image-preview:large, max-video-preview:-1\" \/>\n<link rel=\"canonical\" href=\"https:\/\/www.lesbiefs.eu\/fr\/ons-aanbod\/\" \/>\n<meta property=\"og:locale\" content=\"fr_FR\" \/>\n<meta property=\"og:type\" content=\"article\" \/>\n<meta property=\"og:title\" content=\"Notre offre - Aire les Biefs\" \/>\n<meta property=\"og:description\" content=\"En 2006, nous avons cr\u00e9\u00e9 un bel endroit pour les clients au milieu de la France. Pour de longues vacances... En plus\" \/>\n<meta property=\"og:url\" content=\"https:\/\/www.lesbiefs.eu\/fr\/ons-aanbod\/\" \/>\n<meta property=\"og:site_name\" content=\"Aire les Biefs\" \/>\n<meta property=\"article:modified_time\" content=\"2026-01-19T16:40:54+00:00\" \/>\n<meta property=\"og:image\" content=\"https:\/\/www.lesbiefs.eu\/2020\/wp-content\/uploads\/2020\/04\/ons-aanbod.jpg\" \/>\n\t<meta property=\"og:image:width\" content=\"600\" \/>\n\t<meta property=\"og:image:height\" content=\"399\" \/>\n\t<meta property=\"og:image:type\" content=\"image\/jpeg\" \/>\n<meta name=\"twitter:label1\" content=\"Dur\u00e9e de lecture estim\u00e9e\" \/>\n\t<meta name=\"twitter:data1\" content=\"5 minutes\" \/>\n<script type=\"application\/ld+json\" class=\"yoast-schema-graph\">{\"@context\":\"https:\/\/schema.org\",\"@graph\":[{\"@type\":\"WebPage\",\"@id\":\"https:\/\/www.lesbiefs.eu\/fr\/ons-aanbod\/\",\"url\":\"https:\/\/www.lesbiefs.eu\/fr\/ons-aanbod\/\",\"name\":\"Notre offre - Aire les Biefs\",\"isPartOf\":{\"@id\":\"https:\/\/www.lesbiefs.eu\/#website\"},\"primaryImageOfPage\":{\"@id\":\"https:\/\/www.lesbiefs.eu\/fr\/ons-aanbod\/#primaryimage\"},\"image\":{\"@id\":\"https:\/\/www.lesbiefs.eu\/fr\/ons-aanbod\/#primaryimage\"},\"thumbnailUrl\":\"https:\/\/www.lesbiefs.eu\/2020\/wp-content\/uploads\/2020\/04\/ons-aanbod.jpg\",\"datePublished\":\"2020-04-24T08:43:37+00:00\",\"dateModified\":\"2026-01-19T16:40:54+00:00\",\"breadcrumb\":{\"@id\":\"https:\/\/www.lesbiefs.eu\/fr\/ons-aanbod\/#breadcrumb\"},\"inLanguage\":\"fr-FR\",\"potentialAction\":[{\"@type\":\"ReadAction\",\"target\":[\"https:\/\/www.lesbiefs.eu\/fr\/ons-aanbod\/\"]}]},{\"@type\":\"ImageObject\",\"inLanguage\":\"fr-FR\",\"@id\":\"https:\/\/www.lesbiefs.eu\/fr\/ons-aanbod\/#primaryimage\",\"url\":\"https:\/\/www.lesbiefs.eu\/2020\/wp-content\/uploads\/2020\/04\/ons-aanbod.jpg\",\"contentUrl\":\"https:\/\/www.lesbiefs.eu\/2020\/wp-content\/uploads\/2020\/04\/ons-aanbod.jpg\"},{\"@type\":\"BreadcrumbList\",\"@id\":\"https:\/\/www.lesbiefs.eu\/fr\/ons-aanbod\/#breadcrumb\",\"itemListElement\":[{\"@type\":\"ListItem\",\"position\":1,\"name\":\"Home\",\"item\":\"https:\/\/www.lesbiefs.eu\/\"},{\"@type\":\"ListItem\",\"position\":2,\"name\":\"Notre offre\"}]},{\"@type\":\"WebSite\",\"@id\":\"https:\/\/www.lesbiefs.eu\/#website\",\"url\":\"https:\/\/www.lesbiefs.eu\/\",\"name\":\"Aire les Biefs\",\"description\":\"\",\"publisher\":{\"@id\":\"https:\/\/www.lesbiefs.eu\/#organization\"},\"potentialAction\":[{\"@type\":\"SearchAction\",\"target\":{\"@type\":\"EntryPoint\",\"urlTemplate\":\"https:\/\/www.lesbiefs.eu\/?s={search_term_string}\"},\"query-input\":{\"@type\":\"PropertyValueSpecification\",\"valueRequired\":true,\"valueName\":\"search_term_string\"}}],\"inLanguage\":\"fr-FR\"},{\"@type\":\"Organization\",\"@id\":\"https:\/\/www.lesbiefs.eu\/#organization\",\"name\":\"Aire les Biefs\",\"url\":\"https:\/\/www.lesbiefs.eu\/\",\"logo\":{\"@type\":\"ImageObject\",\"inLanguage\":\"fr-FR\",\"@id\":\"https:\/\/www.lesbiefs.eu\/#\/schema\/logo\/image\/\",\"url\":\"https:\/\/www.lesbiefs.eu\/2020\/wp-content\/uploads\/2015\/08\/ondertekening-Alb.jpg\",\"contentUrl\":\"https:\/\/www.lesbiefs.eu\/2020\/wp-content\/uploads\/2015\/08\/ondertekening-Alb.jpg\",\"width\":227,\"height\":181,\"caption\":\"Aire les Biefs\"},\"image\":{\"@id\":\"https:\/\/www.lesbiefs.eu\/#\/schema\/logo\/image\/\"}}]}<\/script>\n<!-- \/ Yoast SEO plugin. -->","yoast_head_json":{"title":"Notre offre - Aire les Biefs","robots":{"index":"index","follow":"follow","max-snippet":"max-snippet:-1","max-image-preview":"max-image-preview:large","max-video-preview":"max-video-preview:-1"},"canonical":"https:\/\/www.lesbiefs.eu\/fr\/ons-aanbod\/","og_locale":"fr_FR","og_type":"article","og_title":"Notre offre - Aire les Biefs","og_description":"En 2006, nous avons cr\u00e9\u00e9 un bel endroit pour les clients au milieu de la France. Pour de longues vacances... En plus","og_url":"https:\/\/www.lesbiefs.eu\/fr\/ons-aanbod\/","og_site_name":"Aire les Biefs","article_modified_time":"2026-01-19T16:40:54+00:00","og_image":[{"width":600,"height":399,"url":"https:\/\/www.lesbiefs.eu\/2020\/wp-content\/uploads\/2020\/04\/ons-aanbod.jpg","type":"image\/jpeg"}],"twitter_misc":{"Dur\u00e9e de lecture estim\u00e9e":"5 minutes"},"schema":{"@context":"https:\/\/schema.org","@graph":[{"@type":"WebPage","@id":"https:\/\/www.lesbiefs.eu\/fr\/ons-aanbod\/","url":"https:\/\/www.lesbiefs.eu\/fr\/ons-aanbod\/","name":"Notre offre - Aire les Biefs","isPartOf":{"@id":"https:\/\/www.lesbiefs.eu\/#website"},"primaryImageOfPage":{"@id":"https:\/\/www.lesbiefs.eu\/fr\/ons-aanbod\/#primaryimage"},"image":{"@id":"https:\/\/www.lesbiefs.eu\/fr\/ons-aanbod\/#primaryimage"},"thumbnailUrl":"https:\/\/www.lesbiefs.eu\/2020\/wp-content\/uploads\/2020\/04\/ons-aanbod.jpg","datePublished":"2020-04-24T08:43:37+00:00","dateModified":"2026-01-19T16:40:54+00:00","breadcrumb":{"@id":"https:\/\/www.lesbiefs.eu\/fr\/ons-aanbod\/#breadcrumb"},"inLanguage":"fr-FR","potentialAction":[{"@type":"ReadAction","target":["https:\/\/www.lesbiefs.eu\/fr\/ons-aanbod\/"]}]},{"@type":"ImageObject","inLanguage":"fr-FR","@id":"https:\/\/www.lesbiefs.eu\/fr\/ons-aanbod\/#primaryimage","url":"https:\/\/www.lesbiefs.eu\/2020\/wp-content\/uploads\/2020\/04\/ons-aanbod.jpg","contentUrl":"https:\/\/www.lesbiefs.eu\/2020\/wp-content\/uploads\/2020\/04\/ons-aanbod.jpg"},{"@type":"BreadcrumbList","@id":"https:\/\/www.lesbiefs.eu\/fr\/ons-aanbod\/#breadcrumb","itemListElement":[{"@type":"ListItem","position":1,"name":"Home","item":"https:\/\/www.lesbiefs.eu\/"},{"@type":"ListItem","position":2,"name":"Notre offre"}]},{"@type":"WebSite","@id":"https:\/\/www.lesbiefs.eu\/#website","url":"https:\/\/www.lesbiefs.eu\/","name":"Aire les Biefs","description":"","publisher":{"@id":"https:\/\/www.lesbiefs.eu\/#organization"},"potentialAction":[{"@type":"SearchAction","target":{"@type":"EntryPoint","urlTemplate":"https:\/\/www.lesbiefs.eu\/?s={search_term_string}"},"query-input":{"@type":"PropertyValueSpecification","valueRequired":true,"valueName":"search_term_string"}}],"inLanguage":"fr-FR"},{"@type":"Organization","@id":"https:\/\/www.lesbiefs.eu\/#organization","name":"Aire les Biefs","url":"https:\/\/www.lesbiefs.eu\/","logo":{"@type":"ImageObject","inLanguage":"fr-FR","@id":"https:\/\/www.lesbiefs.eu\/#\/schema\/logo\/image\/","url":"https:\/\/www.lesbiefs.eu\/2020\/wp-content\/uploads\/2015\/08\/ondertekening-Alb.jpg","contentUrl":"https:\/\/www.lesbiefs.eu\/2020\/wp-content\/uploads\/2015\/08\/ondertekening-Alb.jpg","width":227,"height":181,"caption":"Aire les Biefs"},"image":{"@id":"https:\/\/www.lesbiefs.eu\/#\/schema\/logo\/image\/"}}]}},"_links":{"self":[{"href":"https:\/\/www.lesbiefs.eu\/fr\/wp-json\/wp\/v2\/pages\/4838","targetHints":{"allow":["GET"]}}],"collection":[{"href":"https:\/\/www.lesbiefs.eu\/fr\/wp-json\/wp\/v2\/pages"}],"about":[{"href":"https:\/\/www.lesbiefs.eu\/fr\/wp-json\/wp\/v2\/types\/page"}],"author":[{"embeddable":true,"href":"https:\/\/www.lesbiefs.eu\/fr\/wp-json\/wp\/v2\/users\/1"}],"replies":[{"embeddable":true,"href":"https:\/\/www.lesbiefs.eu\/fr\/wp-json\/wp\/v2\/comments?post=4838"}],"version-history":[{"count":8,"href":"https:\/\/www.lesbiefs.eu\/fr\/wp-json\/wp\/v2\/pages\/4838\/revisions"}],"predecessor-version":[{"id":6899,"href":"https:\/\/www.lesbiefs.eu\/fr\/wp-json\/wp\/v2\/pages\/4838\/revisions\/6899"}],"wp:attachment":[{"href":"https:\/\/www.lesbiefs.eu\/fr\/wp-json\/wp\/v2\/media?parent=4838"}],"curies":[{"name":"wp","href":"https:\/\/api.w.org\/{rel}","templated":true}]}}