{"id":404,"date":"2013-12-09T15:50:12","date_gmt":"2013-12-09T14:50:12","guid":{"rendered":"http:\/\/www.airelesbiefs.com\/?page_id=404"},"modified":"2026-01-19T17:24:13","modified_gmt":"2026-01-19T16:24:13","slug":"chambre-le-hetre","status":"publish","type":"page","link":"https:\/\/www.lesbiefs.eu\/fr\/chambre-le-hetre\/","title":{"rendered":"Chambre le H\u00eatre"},"content":{"rendered":"\n<h4 class=\"wp-block-heading has-text-align-center\">Chambre 1-3 personnes &#8211; premier etage &#8211; salle d&rsquo;eau &#8211; chiens non autoris\u00e9s <br><\/h4>\n\n\n\n<figure class=\"wp-block-image size-large\"><img loading=\"lazy\" decoding=\"async\" width=\"1024\" height=\"699\" src=\"https:\/\/www.lesbiefs.eu\/2020\/wp-content\/uploads\/2020\/04\/IMG_9883-1024x699.jpg\" alt=\"\" class=\"wp-image-3945\" srcset=\"https:\/\/www.lesbiefs.eu\/2020\/wp-content\/uploads\/2020\/04\/IMG_9883-1024x699.jpg 1024w, https:\/\/www.lesbiefs.eu\/2020\/wp-content\/uploads\/2020\/04\/IMG_9883-300x205.jpg 300w, https:\/\/www.lesbiefs.eu\/2020\/wp-content\/uploads\/2020\/04\/IMG_9883-768x524.jpg 768w, https:\/\/www.lesbiefs.eu\/2020\/wp-content\/uploads\/2020\/04\/IMG_9883-1536x1048.jpg 1536w, https:\/\/www.lesbiefs.eu\/2020\/wp-content\/uploads\/2020\/04\/IMG_9883-2048x1398.jpg 2048w, https:\/\/www.lesbiefs.eu\/2020\/wp-content\/uploads\/2020\/04\/IMG_9883-146x100.jpg 146w, https:\/\/www.lesbiefs.eu\/2020\/wp-content\/uploads\/2020\/04\/IMG_9883-150x102.jpg 150w\" sizes=\"auto, (max-width: 1024px) 100vw, 1024px\" \/><\/figure>\n\n\n\n<p>Celle-ci est l\u2019ancien dortoir pour les gar\u00e7ons qui venaient en vacances. <\/p>\n\n\n\n<p>Deux fen\u00eatres donnent sur les h\u00eatres dans le pr\u00e9 et la for\u00eat derri\u00e8re la maison. <\/p>\n\n\n\n<p>Deux \u00ab boxsprings \u00bb de 80X200cm comme un lit double (ou deux lits simples sur demande)  pour bien dormir. <br><br>La salle de bains est \u00e9quip\u00e9e d\u2019une douche, un lavabo et une toilette. <br><br>Dans cette chambre se trouve aussi un fauteuil pour vous reposer<\/p>\n\n\n\n<p class=\"has-text-align-center has-very-light-gray-color has-vivid-red-background-color has-text-color has-background\">Prix par nuit petit d\u00e9jeuner inclus:<br>1 of 2 personnes \u20ac 77,50 (3 nuits ou plus) <br>1 ou 2 nuits \u20ac 87,50<br>personne supplementaire \u20ac 12,50<br><\/p>\n\n\n<p style=\"text-align: center;\"><strong>Disponibilit\u00e9:<\/strong><\/p>\n<p><iframe loading=\"lazy\" width=\"700\" height=\"340\" src=\"https:\/\/www.gites.nl\/rentals\/8601\/rooms\/15611\/embed\" frameborder=\"0\" scrolling=\"0\"><\/iframe><\/p>\n\n\n<\/span><span style=\"background: lime; mso-highlight: lime;\">31<\/span> Disponible <span style=\"mso-spacerun: yes;\"> <\/span><span style=\"background: silver; mso-highlight: silver;\">31<\/span> Pas disponible\/ reserv\u00e9e\/ option <\/a><\/p>\n\n\n\n<p class=\"has-text-align-center has-very-light-gray-color has-vivid-red-background-color has-text-color has-background\">Voulez-vous r\u00e9server? Cliquez <strong><a href=\"https:\/\/www.lesbiefs.eu\/2020\/fr\/reservations-2\/\">ici<\/a><\/strong><\/p>\n","protected":false},"excerpt":{"rendered":"<p>Chambre 1-3 personnes &#8211; premier etage &#8211; salle d&rsquo;eau &#8211; chiens non autoris\u00e9s Celle-ci est l\u2019ancien dortoir pour les gar\u00e7ons&#8230;<\/p>\n<p class=\"continue-reading-button\"> <a class=\"continue-reading-link\" href=\"https:\/\/www.lesbiefs.eu\/fr\/chambre-le-hetre\/\">En plus<i class=\"crycon-right-dir\"><\/i><\/a><\/p>\n","protected":false},"author":1,"featured_media":0,"parent":0,"menu_order":0,"comment_status":"closed","ping_status":"closed","template":"","meta":{"footnotes":""},"class_list":["post-404","page","type-page","status-publish","hentry"],"yoast_head":"<!-- This site is optimized with the Yoast SEO plugin v26.9 - https:\/\/yoast.com\/product\/yoast-seo-wordpress\/ -->\n<title>Chambre le H\u00eatre - Aire les Biefs<\/title>\n<meta name=\"robots\" content=\"index, follow, max-snippet:-1, max-image-preview:large, max-video-preview:-1\" \/>\n<link rel=\"canonical\" href=\"https:\/\/www.lesbiefs.eu\/fr\/chambre-le-hetre\/\" \/>\n<meta property=\"og:locale\" content=\"fr_FR\" \/>\n<meta property=\"og:type\" content=\"article\" \/>\n<meta property=\"og:title\" content=\"Chambre le H\u00eatre - Aire les Biefs\" \/>\n<meta property=\"og:description\" content=\"Chambre 1-3 personnes &#8211; premier etage &#8211; salle d&rsquo;eau &#8211; chiens non autoris\u00e9s Celle-ci est l\u2019ancien dortoir pour les gar\u00e7ons... En plus\" \/>\n<meta property=\"og:url\" content=\"https:\/\/www.lesbiefs.eu\/fr\/chambre-le-hetre\/\" \/>\n<meta property=\"og:site_name\" content=\"Aire les Biefs\" \/>\n<meta property=\"article:modified_time\" content=\"2026-01-19T16:24:13+00:00\" \/>\n<meta property=\"og:image\" content=\"https:\/\/www.lesbiefs.eu\/2020\/wp-content\/uploads\/2020\/04\/IMG_9883.jpg\" \/>\n\t<meta property=\"og:image:width\" content=\"2363\" \/>\n\t<meta property=\"og:image:height\" content=\"1613\" \/>\n\t<meta property=\"og:image:type\" content=\"image\/jpeg\" \/>\n<meta name=\"twitter:label1\" content=\"Dur\u00e9e de lecture estim\u00e9e\" \/>\n\t<meta name=\"twitter:data1\" content=\"1 minute\" \/>\n<script type=\"application\/ld+json\" class=\"yoast-schema-graph\">{\"@context\":\"https:\/\/schema.org\",\"@graph\":[{\"@type\":\"WebPage\",\"@id\":\"https:\/\/www.lesbiefs.eu\/fr\/chambre-le-hetre\/\",\"url\":\"https:\/\/www.lesbiefs.eu\/fr\/chambre-le-hetre\/\",\"name\":\"Chambre le H\u00eatre - Aire les Biefs\",\"isPartOf\":{\"@id\":\"https:\/\/www.lesbiefs.eu\/#website\"},\"primaryImageOfPage\":{\"@id\":\"https:\/\/www.lesbiefs.eu\/fr\/chambre-le-hetre\/#primaryimage\"},\"image\":{\"@id\":\"https:\/\/www.lesbiefs.eu\/fr\/chambre-le-hetre\/#primaryimage\"},\"thumbnailUrl\":\"https:\/\/www.lesbiefs.eu\/2020\/wp-content\/uploads\/2020\/04\/IMG_9883-1024x699.jpg\",\"datePublished\":\"2013-12-09T14:50:12+00:00\",\"dateModified\":\"2026-01-19T16:24:13+00:00\",\"breadcrumb\":{\"@id\":\"https:\/\/www.lesbiefs.eu\/fr\/chambre-le-hetre\/#breadcrumb\"},\"inLanguage\":\"fr-FR\",\"potentialAction\":[{\"@type\":\"ReadAction\",\"target\":[\"https:\/\/www.lesbiefs.eu\/fr\/chambre-le-hetre\/\"]}]},{\"@type\":\"ImageObject\",\"inLanguage\":\"fr-FR\",\"@id\":\"https:\/\/www.lesbiefs.eu\/fr\/chambre-le-hetre\/#primaryimage\",\"url\":\"https:\/\/www.lesbiefs.eu\/2020\/wp-content\/uploads\/2020\/04\/IMG_9883-1024x699.jpg\",\"contentUrl\":\"https:\/\/www.lesbiefs.eu\/2020\/wp-content\/uploads\/2020\/04\/IMG_9883-1024x699.jpg\"},{\"@type\":\"BreadcrumbList\",\"@id\":\"https:\/\/www.lesbiefs.eu\/fr\/chambre-le-hetre\/#breadcrumb\",\"itemListElement\":[{\"@type\":\"ListItem\",\"position\":1,\"name\":\"Home\",\"item\":\"https:\/\/www.lesbiefs.eu\/\"},{\"@type\":\"ListItem\",\"position\":2,\"name\":\"Chambre le H\u00eatre\"}]},{\"@type\":\"WebSite\",\"@id\":\"https:\/\/www.lesbiefs.eu\/#website\",\"url\":\"https:\/\/www.lesbiefs.eu\/\",\"name\":\"Aire les Biefs\",\"description\":\"\",\"publisher\":{\"@id\":\"https:\/\/www.lesbiefs.eu\/#organization\"},\"potentialAction\":[{\"@type\":\"SearchAction\",\"target\":{\"@type\":\"EntryPoint\",\"urlTemplate\":\"https:\/\/www.lesbiefs.eu\/?s={search_term_string}\"},\"query-input\":{\"@type\":\"PropertyValueSpecification\",\"valueRequired\":true,\"valueName\":\"search_term_string\"}}],\"inLanguage\":\"fr-FR\"},{\"@type\":\"Organization\",\"@id\":\"https:\/\/www.lesbiefs.eu\/#organization\",\"name\":\"Aire les Biefs\",\"url\":\"https:\/\/www.lesbiefs.eu\/\",\"logo\":{\"@type\":\"ImageObject\",\"inLanguage\":\"fr-FR\",\"@id\":\"https:\/\/www.lesbiefs.eu\/#\/schema\/logo\/image\/\",\"url\":\"https:\/\/www.lesbiefs.eu\/2020\/wp-content\/uploads\/2015\/08\/ondertekening-Alb.jpg\",\"contentUrl\":\"https:\/\/www.lesbiefs.eu\/2020\/wp-content\/uploads\/2015\/08\/ondertekening-Alb.jpg\",\"width\":227,\"height\":181,\"caption\":\"Aire les Biefs\"},\"image\":{\"@id\":\"https:\/\/www.lesbiefs.eu\/#\/schema\/logo\/image\/\"}}]}<\/script>\n<!-- \/ Yoast SEO plugin. -->","yoast_head_json":{"title":"Chambre le H\u00eatre - Aire les Biefs","robots":{"index":"index","follow":"follow","max-snippet":"max-snippet:-1","max-image-preview":"max-image-preview:large","max-video-preview":"max-video-preview:-1"},"canonical":"https:\/\/www.lesbiefs.eu\/fr\/chambre-le-hetre\/","og_locale":"fr_FR","og_type":"article","og_title":"Chambre le H\u00eatre - Aire les Biefs","og_description":"Chambre 1-3 personnes &#8211; premier etage &#8211; salle d&rsquo;eau &#8211; chiens non autoris\u00e9s Celle-ci est l\u2019ancien dortoir pour les gar\u00e7ons... En plus","og_url":"https:\/\/www.lesbiefs.eu\/fr\/chambre-le-hetre\/","og_site_name":"Aire les Biefs","article_modified_time":"2026-01-19T16:24:13+00:00","og_image":[{"width":2363,"height":1613,"url":"https:\/\/www.lesbiefs.eu\/2020\/wp-content\/uploads\/2020\/04\/IMG_9883.jpg","type":"image\/jpeg"}],"twitter_misc":{"Dur\u00e9e de lecture estim\u00e9e":"1 minute"},"schema":{"@context":"https:\/\/schema.org","@graph":[{"@type":"WebPage","@id":"https:\/\/www.lesbiefs.eu\/fr\/chambre-le-hetre\/","url":"https:\/\/www.lesbiefs.eu\/fr\/chambre-le-hetre\/","name":"Chambre le H\u00eatre - Aire les Biefs","isPartOf":{"@id":"https:\/\/www.lesbiefs.eu\/#website"},"primaryImageOfPage":{"@id":"https:\/\/www.lesbiefs.eu\/fr\/chambre-le-hetre\/#primaryimage"},"image":{"@id":"https:\/\/www.lesbiefs.eu\/fr\/chambre-le-hetre\/#primaryimage"},"thumbnailUrl":"https:\/\/www.lesbiefs.eu\/2020\/wp-content\/uploads\/2020\/04\/IMG_9883-1024x699.jpg","datePublished":"2013-12-09T14:50:12+00:00","dateModified":"2026-01-19T16:24:13+00:00","breadcrumb":{"@id":"https:\/\/www.lesbiefs.eu\/fr\/chambre-le-hetre\/#breadcrumb"},"inLanguage":"fr-FR","potentialAction":[{"@type":"ReadAction","target":["https:\/\/www.lesbiefs.eu\/fr\/chambre-le-hetre\/"]}]},{"@type":"ImageObject","inLanguage":"fr-FR","@id":"https:\/\/www.lesbiefs.eu\/fr\/chambre-le-hetre\/#primaryimage","url":"https:\/\/www.lesbiefs.eu\/2020\/wp-content\/uploads\/2020\/04\/IMG_9883-1024x699.jpg","contentUrl":"https:\/\/www.lesbiefs.eu\/2020\/wp-content\/uploads\/2020\/04\/IMG_9883-1024x699.jpg"},{"@type":"BreadcrumbList","@id":"https:\/\/www.lesbiefs.eu\/fr\/chambre-le-hetre\/#breadcrumb","itemListElement":[{"@type":"ListItem","position":1,"name":"Home","item":"https:\/\/www.lesbiefs.eu\/"},{"@type":"ListItem","position":2,"name":"Chambre le H\u00eatre"}]},{"@type":"WebSite","@id":"https:\/\/www.lesbiefs.eu\/#website","url":"https:\/\/www.lesbiefs.eu\/","name":"Aire les Biefs","description":"","publisher":{"@id":"https:\/\/www.lesbiefs.eu\/#organization"},"potentialAction":[{"@type":"SearchAction","target":{"@type":"EntryPoint","urlTemplate":"https:\/\/www.lesbiefs.eu\/?s={search_term_string}"},"query-input":{"@type":"PropertyValueSpecification","valueRequired":true,"valueName":"search_term_string"}}],"inLanguage":"fr-FR"},{"@type":"Organization","@id":"https:\/\/www.lesbiefs.eu\/#organization","name":"Aire les Biefs","url":"https:\/\/www.lesbiefs.eu\/","logo":{"@type":"ImageObject","inLanguage":"fr-FR","@id":"https:\/\/www.lesbiefs.eu\/#\/schema\/logo\/image\/","url":"https:\/\/www.lesbiefs.eu\/2020\/wp-content\/uploads\/2015\/08\/ondertekening-Alb.jpg","contentUrl":"https:\/\/www.lesbiefs.eu\/2020\/wp-content\/uploads\/2015\/08\/ondertekening-Alb.jpg","width":227,"height":181,"caption":"Aire les Biefs"},"image":{"@id":"https:\/\/www.lesbiefs.eu\/#\/schema\/logo\/image\/"}}]}},"_links":{"self":[{"href":"https:\/\/www.lesbiefs.eu\/fr\/wp-json\/wp\/v2\/pages\/404","targetHints":{"allow":["GET"]}}],"collection":[{"href":"https:\/\/www.lesbiefs.eu\/fr\/wp-json\/wp\/v2\/pages"}],"about":[{"href":"https:\/\/www.lesbiefs.eu\/fr\/wp-json\/wp\/v2\/types\/page"}],"author":[{"embeddable":true,"href":"https:\/\/www.lesbiefs.eu\/fr\/wp-json\/wp\/v2\/users\/1"}],"replies":[{"embeddable":true,"href":"https:\/\/www.lesbiefs.eu\/fr\/wp-json\/wp\/v2\/comments?post=404"}],"version-history":[{"count":17,"href":"https:\/\/www.lesbiefs.eu\/fr\/wp-json\/wp\/v2\/pages\/404\/revisions"}],"predecessor-version":[{"id":6889,"href":"https:\/\/www.lesbiefs.eu\/fr\/wp-json\/wp\/v2\/pages\/404\/revisions\/6889"}],"wp:attachment":[{"href":"https:\/\/www.lesbiefs.eu\/fr\/wp-json\/wp\/v2\/media?parent=404"}],"curies":[{"name":"wp","href":"https:\/\/api.w.org\/{rel}","templated":true}]}}