{"id":399,"date":"2013-12-09T15:57:15","date_gmt":"2013-12-09T14:57:15","guid":{"rendered":"http:\/\/www.airelesbiefs.com\/?page_id=399"},"modified":"2026-01-19T17:25:38","modified_gmt":"2026-01-19T16:25:38","slug":"chambre-le-chataigner","status":"publish","type":"page","link":"https:\/\/www.lesbiefs.eu\/fr\/chambre-le-chataigner\/","title":{"rendered":"Chambre Le Ch\u00e2taigner"},"content":{"rendered":"\n<h4 class=\"wp-block-heading has-text-align-center\">Chambre 1-2 personnes &#8211; premier etage &#8211; salle d&rsquo;eau &#8211; chiens non autoris\u00e9s <br><\/h4>\n\n\n\n<figure class=\"wp-block-image size-large\"><img loading=\"lazy\" decoding=\"async\" width=\"1024\" height=\"683\" src=\"https:\/\/www.lesbiefs.eu\/2020\/wp-content\/uploads\/2020\/04\/IMG_9888-1024x683.jpg\" alt=\"\" class=\"wp-image-3961\" srcset=\"https:\/\/www.lesbiefs.eu\/2020\/wp-content\/uploads\/2020\/04\/IMG_9888-1024x683.jpg 1024w, https:\/\/www.lesbiefs.eu\/2020\/wp-content\/uploads\/2020\/04\/IMG_9888-300x200.jpg 300w, https:\/\/www.lesbiefs.eu\/2020\/wp-content\/uploads\/2020\/04\/IMG_9888-768x512.jpg 768w, https:\/\/www.lesbiefs.eu\/2020\/wp-content\/uploads\/2020\/04\/IMG_9888-1536x1024.jpg 1536w, https:\/\/www.lesbiefs.eu\/2020\/wp-content\/uploads\/2020\/04\/IMG_9888-2048x1365.jpg 2048w, https:\/\/www.lesbiefs.eu\/2020\/wp-content\/uploads\/2020\/04\/IMG_9888-150x100.jpg 150w\" sizes=\"auto, (max-width: 1024px) 100vw, 1024px\" \/><\/figure>\n\n\n\n<p>Ce chambre est \u00e9galement un ancien dortoir pour gar\u00e7ons. <br><br>Elle donne une vue sur le terrain devant la maison, le ch\u00e2taignier, l\u2019\u00e9glise et la place communale. <br><br>A l\u2019aube, vous avez le soleil levant.<\/p>\n\n\n\n<p> La chambre est \u00e9quip\u00e9e de deux \u00ab boxsprings \u00bb de 80X200cm comme un lit double (ou deux lits simples sur demande). Si vous ne voulez pas \u00eatre r\u00e9veill\u00e9s par le soleil, vous pouvez fermer les volets. <br><br>Il y a deux fauteuils et la salle de d&rsquo;eau est \u00e9quip\u00e9e d\u2019une douche, un lavabo et une toilette.<\/p>\n\n\n\n<p class=\"has-text-align-center has-very-light-gray-color has-vivid-red-background-color has-text-color has-background\">Prix par nuit petit d\u00e9jeuner inclus:<br>1 of 2 personnes \u20ac 67,50(3 nuits ou plus) <br>1 ou 2 nuits \u20ac 77,50<br><\/p>\n\n\n<\/p>\n<p style=\"text-align: center;\"><b>Disponibilit\u00e9:<\/b><\/p>\n<p><iframe src=\"https:\/\/www.gites.nl\/rentals\/8601\/rooms\/18010\/embed\" style=\"width: 700px; height: 340px;\"><\/iframe><\/p>\n\n\n\n\n<p class=\"has-text-align-center has-very-light-gray-color has-vivid-red-background-color has-text-color has-background\">Voulez-vous r\u00e9server? Cliquez <strong><a href=\"https:\/\/www.lesbiefs.eu\/2020\/fr\/reservations-2\/\">ici<\/a><\/strong><\/p>\n","protected":false},"excerpt":{"rendered":"<p>Chambre 1-2 personnes &#8211; premier etage &#8211; salle d&rsquo;eau &#8211; chiens non autoris\u00e9s Ce chambre est \u00e9galement un ancien dortoir&#8230;<\/p>\n<p class=\"continue-reading-button\"> <a class=\"continue-reading-link\" href=\"https:\/\/www.lesbiefs.eu\/fr\/chambre-le-chataigner\/\">En plus<i class=\"crycon-right-dir\"><\/i><\/a><\/p>\n","protected":false},"author":1,"featured_media":0,"parent":0,"menu_order":0,"comment_status":"closed","ping_status":"closed","template":"","meta":{"footnotes":""},"class_list":["post-399","page","type-page","status-publish","hentry"],"yoast_head":"<!-- This site is optimized with the Yoast SEO plugin v26.9 - https:\/\/yoast.com\/product\/yoast-seo-wordpress\/ -->\n<title>Chambre Le Ch\u00e2taigner - Aire les Biefs<\/title>\n<meta name=\"robots\" content=\"index, follow, max-snippet:-1, max-image-preview:large, max-video-preview:-1\" \/>\n<link rel=\"canonical\" href=\"https:\/\/www.lesbiefs.eu\/fr\/chambre-le-chataigner\/\" \/>\n<meta property=\"og:locale\" content=\"fr_FR\" \/>\n<meta property=\"og:type\" content=\"article\" \/>\n<meta property=\"og:title\" content=\"Chambre Le Ch\u00e2taigner - Aire les Biefs\" \/>\n<meta property=\"og:description\" content=\"Chambre 1-2 personnes &#8211; premier etage &#8211; salle d&rsquo;eau &#8211; chiens non autoris\u00e9s Ce chambre est \u00e9galement un ancien dortoir... En plus\" \/>\n<meta property=\"og:url\" content=\"https:\/\/www.lesbiefs.eu\/fr\/chambre-le-chataigner\/\" \/>\n<meta property=\"og:site_name\" content=\"Aire les Biefs\" \/>\n<meta property=\"article:modified_time\" content=\"2026-01-19T16:25:38+00:00\" \/>\n<meta property=\"og:image\" content=\"https:\/\/www.lesbiefs.eu\/2020\/wp-content\/uploads\/2020\/04\/IMG_9888.jpg\" \/>\n\t<meta property=\"og:image:width\" content=\"2400\" \/>\n\t<meta property=\"og:image:height\" content=\"1600\" \/>\n\t<meta property=\"og:image:type\" content=\"image\/jpeg\" \/>\n<meta name=\"twitter:label1\" content=\"Dur\u00e9e de lecture estim\u00e9e\" \/>\n\t<meta name=\"twitter:data1\" content=\"1 minute\" \/>\n<script type=\"application\/ld+json\" class=\"yoast-schema-graph\">{\"@context\":\"https:\/\/schema.org\",\"@graph\":[{\"@type\":\"WebPage\",\"@id\":\"https:\/\/www.lesbiefs.eu\/fr\/chambre-le-chataigner\/\",\"url\":\"https:\/\/www.lesbiefs.eu\/fr\/chambre-le-chataigner\/\",\"name\":\"Chambre Le Ch\u00e2taigner - Aire les Biefs\",\"isPartOf\":{\"@id\":\"https:\/\/www.lesbiefs.eu\/#website\"},\"primaryImageOfPage\":{\"@id\":\"https:\/\/www.lesbiefs.eu\/fr\/chambre-le-chataigner\/#primaryimage\"},\"image\":{\"@id\":\"https:\/\/www.lesbiefs.eu\/fr\/chambre-le-chataigner\/#primaryimage\"},\"thumbnailUrl\":\"https:\/\/www.lesbiefs.eu\/2020\/wp-content\/uploads\/2020\/04\/IMG_9888-1024x683.jpg\",\"datePublished\":\"2013-12-09T14:57:15+00:00\",\"dateModified\":\"2026-01-19T16:25:38+00:00\",\"breadcrumb\":{\"@id\":\"https:\/\/www.lesbiefs.eu\/fr\/chambre-le-chataigner\/#breadcrumb\"},\"inLanguage\":\"fr-FR\",\"potentialAction\":[{\"@type\":\"ReadAction\",\"target\":[\"https:\/\/www.lesbiefs.eu\/fr\/chambre-le-chataigner\/\"]}]},{\"@type\":\"ImageObject\",\"inLanguage\":\"fr-FR\",\"@id\":\"https:\/\/www.lesbiefs.eu\/fr\/chambre-le-chataigner\/#primaryimage\",\"url\":\"https:\/\/www.lesbiefs.eu\/2020\/wp-content\/uploads\/2020\/04\/IMG_9888-1024x683.jpg\",\"contentUrl\":\"https:\/\/www.lesbiefs.eu\/2020\/wp-content\/uploads\/2020\/04\/IMG_9888-1024x683.jpg\"},{\"@type\":\"BreadcrumbList\",\"@id\":\"https:\/\/www.lesbiefs.eu\/fr\/chambre-le-chataigner\/#breadcrumb\",\"itemListElement\":[{\"@type\":\"ListItem\",\"position\":1,\"name\":\"Home\",\"item\":\"https:\/\/www.lesbiefs.eu\/\"},{\"@type\":\"ListItem\",\"position\":2,\"name\":\"Chambre Le Ch\u00e2taigner\"}]},{\"@type\":\"WebSite\",\"@id\":\"https:\/\/www.lesbiefs.eu\/#website\",\"url\":\"https:\/\/www.lesbiefs.eu\/\",\"name\":\"Aire les Biefs\",\"description\":\"\",\"publisher\":{\"@id\":\"https:\/\/www.lesbiefs.eu\/#organization\"},\"potentialAction\":[{\"@type\":\"SearchAction\",\"target\":{\"@type\":\"EntryPoint\",\"urlTemplate\":\"https:\/\/www.lesbiefs.eu\/?s={search_term_string}\"},\"query-input\":{\"@type\":\"PropertyValueSpecification\",\"valueRequired\":true,\"valueName\":\"search_term_string\"}}],\"inLanguage\":\"fr-FR\"},{\"@type\":\"Organization\",\"@id\":\"https:\/\/www.lesbiefs.eu\/#organization\",\"name\":\"Aire les Biefs\",\"url\":\"https:\/\/www.lesbiefs.eu\/\",\"logo\":{\"@type\":\"ImageObject\",\"inLanguage\":\"fr-FR\",\"@id\":\"https:\/\/www.lesbiefs.eu\/#\/schema\/logo\/image\/\",\"url\":\"https:\/\/www.lesbiefs.eu\/2020\/wp-content\/uploads\/2015\/08\/ondertekening-Alb.jpg\",\"contentUrl\":\"https:\/\/www.lesbiefs.eu\/2020\/wp-content\/uploads\/2015\/08\/ondertekening-Alb.jpg\",\"width\":227,\"height\":181,\"caption\":\"Aire les Biefs\"},\"image\":{\"@id\":\"https:\/\/www.lesbiefs.eu\/#\/schema\/logo\/image\/\"}}]}<\/script>\n<!-- \/ Yoast SEO plugin. -->","yoast_head_json":{"title":"Chambre Le Ch\u00e2taigner - Aire les Biefs","robots":{"index":"index","follow":"follow","max-snippet":"max-snippet:-1","max-image-preview":"max-image-preview:large","max-video-preview":"max-video-preview:-1"},"canonical":"https:\/\/www.lesbiefs.eu\/fr\/chambre-le-chataigner\/","og_locale":"fr_FR","og_type":"article","og_title":"Chambre Le Ch\u00e2taigner - Aire les Biefs","og_description":"Chambre 1-2 personnes &#8211; premier etage &#8211; salle d&rsquo;eau &#8211; chiens non autoris\u00e9s Ce chambre est \u00e9galement un ancien dortoir... En plus","og_url":"https:\/\/www.lesbiefs.eu\/fr\/chambre-le-chataigner\/","og_site_name":"Aire les Biefs","article_modified_time":"2026-01-19T16:25:38+00:00","og_image":[{"width":2400,"height":1600,"url":"https:\/\/www.lesbiefs.eu\/2020\/wp-content\/uploads\/2020\/04\/IMG_9888.jpg","type":"image\/jpeg"}],"twitter_misc":{"Dur\u00e9e de lecture estim\u00e9e":"1 minute"},"schema":{"@context":"https:\/\/schema.org","@graph":[{"@type":"WebPage","@id":"https:\/\/www.lesbiefs.eu\/fr\/chambre-le-chataigner\/","url":"https:\/\/www.lesbiefs.eu\/fr\/chambre-le-chataigner\/","name":"Chambre Le Ch\u00e2taigner - Aire les Biefs","isPartOf":{"@id":"https:\/\/www.lesbiefs.eu\/#website"},"primaryImageOfPage":{"@id":"https:\/\/www.lesbiefs.eu\/fr\/chambre-le-chataigner\/#primaryimage"},"image":{"@id":"https:\/\/www.lesbiefs.eu\/fr\/chambre-le-chataigner\/#primaryimage"},"thumbnailUrl":"https:\/\/www.lesbiefs.eu\/2020\/wp-content\/uploads\/2020\/04\/IMG_9888-1024x683.jpg","datePublished":"2013-12-09T14:57:15+00:00","dateModified":"2026-01-19T16:25:38+00:00","breadcrumb":{"@id":"https:\/\/www.lesbiefs.eu\/fr\/chambre-le-chataigner\/#breadcrumb"},"inLanguage":"fr-FR","potentialAction":[{"@type":"ReadAction","target":["https:\/\/www.lesbiefs.eu\/fr\/chambre-le-chataigner\/"]}]},{"@type":"ImageObject","inLanguage":"fr-FR","@id":"https:\/\/www.lesbiefs.eu\/fr\/chambre-le-chataigner\/#primaryimage","url":"https:\/\/www.lesbiefs.eu\/2020\/wp-content\/uploads\/2020\/04\/IMG_9888-1024x683.jpg","contentUrl":"https:\/\/www.lesbiefs.eu\/2020\/wp-content\/uploads\/2020\/04\/IMG_9888-1024x683.jpg"},{"@type":"BreadcrumbList","@id":"https:\/\/www.lesbiefs.eu\/fr\/chambre-le-chataigner\/#breadcrumb","itemListElement":[{"@type":"ListItem","position":1,"name":"Home","item":"https:\/\/www.lesbiefs.eu\/"},{"@type":"ListItem","position":2,"name":"Chambre Le Ch\u00e2taigner"}]},{"@type":"WebSite","@id":"https:\/\/www.lesbiefs.eu\/#website","url":"https:\/\/www.lesbiefs.eu\/","name":"Aire les Biefs","description":"","publisher":{"@id":"https:\/\/www.lesbiefs.eu\/#organization"},"potentialAction":[{"@type":"SearchAction","target":{"@type":"EntryPoint","urlTemplate":"https:\/\/www.lesbiefs.eu\/?s={search_term_string}"},"query-input":{"@type":"PropertyValueSpecification","valueRequired":true,"valueName":"search_term_string"}}],"inLanguage":"fr-FR"},{"@type":"Organization","@id":"https:\/\/www.lesbiefs.eu\/#organization","name":"Aire les Biefs","url":"https:\/\/www.lesbiefs.eu\/","logo":{"@type":"ImageObject","inLanguage":"fr-FR","@id":"https:\/\/www.lesbiefs.eu\/#\/schema\/logo\/image\/","url":"https:\/\/www.lesbiefs.eu\/2020\/wp-content\/uploads\/2015\/08\/ondertekening-Alb.jpg","contentUrl":"https:\/\/www.lesbiefs.eu\/2020\/wp-content\/uploads\/2015\/08\/ondertekening-Alb.jpg","width":227,"height":181,"caption":"Aire les Biefs"},"image":{"@id":"https:\/\/www.lesbiefs.eu\/#\/schema\/logo\/image\/"}}]}},"_links":{"self":[{"href":"https:\/\/www.lesbiefs.eu\/fr\/wp-json\/wp\/v2\/pages\/399","targetHints":{"allow":["GET"]}}],"collection":[{"href":"https:\/\/www.lesbiefs.eu\/fr\/wp-json\/wp\/v2\/pages"}],"about":[{"href":"https:\/\/www.lesbiefs.eu\/fr\/wp-json\/wp\/v2\/types\/page"}],"author":[{"embeddable":true,"href":"https:\/\/www.lesbiefs.eu\/fr\/wp-json\/wp\/v2\/users\/1"}],"replies":[{"embeddable":true,"href":"https:\/\/www.lesbiefs.eu\/fr\/wp-json\/wp\/v2\/comments?post=399"}],"version-history":[{"count":18,"href":"https:\/\/www.lesbiefs.eu\/fr\/wp-json\/wp\/v2\/pages\/399\/revisions"}],"predecessor-version":[{"id":6890,"href":"https:\/\/www.lesbiefs.eu\/fr\/wp-json\/wp\/v2\/pages\/399\/revisions\/6890"}],"wp:attachment":[{"href":"https:\/\/www.lesbiefs.eu\/fr\/wp-json\/wp\/v2\/media?parent=399"}],"curies":[{"name":"wp","href":"https:\/\/api.w.org\/{rel}","templated":true}]}}