{"id":286,"date":"2013-12-10T19:03:19","date_gmt":"2013-12-10T18:03:19","guid":{"rendered":"http:\/\/www.airelesbiefs.com\/?page_id=286"},"modified":"2026-01-19T12:13:09","modified_gmt":"2026-01-19T11:13:09","slug":"chambre-du-patron-2","status":"publish","type":"page","link":"https:\/\/www.lesbiefs.eu\/fr\/chambre-du-patron-2\/","title":{"rendered":"Chambre du Patron"},"content":{"rendered":"\n<h4 class=\"wp-block-heading has-text-align-center\">Chambre 1-2 personnes &#8211; rez-de-chauss\u00e9e &#8211; chien autoris\u00e9s en consultation &#8211; salle de bains adapt\u00e9e * Nous sommes un adults-only h\u00e9bergement<br><\/h4>\n\n\n<div class=\"wp-block-image\">\n<figure class=\"aligncenter size-large\"><img loading=\"lazy\" decoding=\"async\" width=\"1024\" height=\"699\" src=\"https:\/\/www.lesbiefs.eu\/2020\/wp-content\/uploads\/2020\/04\/IMG_9882-1024x699.jpg\" alt=\"\" class=\"wp-image-3941\" srcset=\"https:\/\/www.lesbiefs.eu\/2020\/wp-content\/uploads\/2020\/04\/IMG_9882-1024x699.jpg 1024w, https:\/\/www.lesbiefs.eu\/2020\/wp-content\/uploads\/2020\/04\/IMG_9882-300x205.jpg 300w, https:\/\/www.lesbiefs.eu\/2020\/wp-content\/uploads\/2020\/04\/IMG_9882-768x524.jpg 768w, https:\/\/www.lesbiefs.eu\/2020\/wp-content\/uploads\/2020\/04\/IMG_9882-1536x1048.jpg 1536w, https:\/\/www.lesbiefs.eu\/2020\/wp-content\/uploads\/2020\/04\/IMG_9882-2048x1398.jpg 2048w, https:\/\/www.lesbiefs.eu\/2020\/wp-content\/uploads\/2020\/04\/IMG_9882-146x100.jpg 146w, https:\/\/www.lesbiefs.eu\/2020\/wp-content\/uploads\/2020\/04\/IMG_9882-150x102.jpg 150w\" sizes=\"auto, (max-width: 1024px) 100vw, 1024px\" \/><\/figure>\n<\/div>\n\n\n<p>Du temps de la colonie de vacances, cette chambre est l\u2019ancienne chambre du directeur. <br>Elle se situe au rez-de-chauss\u00e9e \u00e0 l\u2019arri\u00e8re de la maison. Elle a deux fen\u00eatres qui s\u2019ouvrent vers les pr\u00e9s, la foret et le soleil couchant. Dans cette chambre il y a un lit deux personnes (160X200cm) et deux fauteuils. <br>L\u2019ancien coffre-fort (que nous suspectons d\u2019\u00eatre vide) du directeur se trouve encore dans la chambre. <br><\/p>\n\n\n\n<p>La salle de bain dispose d\u2019une salle de douche, d\u2019un \u00e9vier et de toilettes. La salle de bain est \u00e9galement \u00e9quip\u00e9e de crochets aux toilettes et douche. Dans la douche est une chaise de douche pliante mont\u00e9e.<\/p>\n\n\n\n<p class=\"has-text-align-center has-very-light-gray-color has-vivid-red-background-color has-text-color has-background\">Prix par nuit petit d\u00e9jeuner inclus:<br>1 of 2 personnes \u20ac 77,50(3 nuits ou plus) <br>1 ou 2 nuits \u20ac 87,50<br><\/p>\n\n\n<p style=\"text-align: center;\">Disponibilit\u00e9<\/p>\n<hr>\n<p><iframe loading=\"lazy\" width=\"320\" height=\"240\" src=\"https:\/\/www.gites.nl\/rentals\/8601\/rooms\/15107\/embed\" style=\"width: 700px; height: 340px;\"><\/iframe><\/p>\n\n\n<\/span><span style=\"background: lime; mso-highlight: lime;\">31<\/span> Disponible <span style=\"mso-spacerun: yes;\"> <\/span><span style=\"background: silver; mso-highlight: silver;\">31<\/span> Pas disponible\/ reserv\u00e9e\/ option <\/a><\/p>\n\n\n\n<p class=\"has-text-align-center has-very-light-gray-color has-vivid-red-background-color has-text-color has-background\">Voulez-vous r\u00e9server? Cliquez <strong><a href=\"https:\/\/www.lesbiefs.eu\/2020\/fr\/reservations-2\/\">ici<\/a><\/strong><\/p>\n","protected":false},"excerpt":{"rendered":"<p>Chambre 1-2 personnes &#8211; rez-de-chauss\u00e9e &#8211; chien autoris\u00e9s en consultation &#8211; salle de bains adapt\u00e9e * Nous sommes un adults-only&#8230;<\/p>\n<p class=\"continue-reading-button\"> <a class=\"continue-reading-link\" href=\"https:\/\/www.lesbiefs.eu\/fr\/chambre-du-patron-2\/\">En plus<i class=\"crycon-right-dir\"><\/i><\/a><\/p>\n","protected":false},"author":1,"featured_media":0,"parent":0,"menu_order":0,"comment_status":"closed","ping_status":"closed","template":"","meta":{"footnotes":""},"class_list":["post-286","page","type-page","status-publish","hentry"],"yoast_head":"<!-- This site is optimized with the Yoast SEO plugin v26.9 - https:\/\/yoast.com\/product\/yoast-seo-wordpress\/ -->\n<title>Chambre du Patron - Aire les Biefs<\/title>\n<meta name=\"robots\" content=\"index, follow, max-snippet:-1, max-image-preview:large, max-video-preview:-1\" \/>\n<link rel=\"canonical\" href=\"https:\/\/www.lesbiefs.eu\/fr\/chambre-du-patron-2\/\" \/>\n<meta property=\"og:locale\" content=\"fr_FR\" \/>\n<meta property=\"og:type\" content=\"article\" \/>\n<meta property=\"og:title\" content=\"Chambre du Patron - Aire les Biefs\" \/>\n<meta property=\"og:description\" content=\"Chambre 1-2 personnes &#8211; rez-de-chauss\u00e9e &#8211; chien autoris\u00e9s en consultation &#8211; salle de bains adapt\u00e9e * Nous sommes un adults-only... En plus\" \/>\n<meta property=\"og:url\" content=\"https:\/\/www.lesbiefs.eu\/fr\/chambre-du-patron-2\/\" \/>\n<meta property=\"og:site_name\" content=\"Aire les Biefs\" \/>\n<meta property=\"article:modified_time\" content=\"2026-01-19T11:13:09+00:00\" \/>\n<meta property=\"og:image\" content=\"https:\/\/www.lesbiefs.eu\/2020\/wp-content\/uploads\/2020\/04\/IMG_9882.jpg\" \/>\n\t<meta property=\"og:image:width\" content=\"2385\" \/>\n\t<meta property=\"og:image:height\" content=\"1628\" \/>\n\t<meta property=\"og:image:type\" content=\"image\/jpeg\" \/>\n<meta name=\"twitter:label1\" content=\"Dur\u00e9e de lecture estim\u00e9e\" \/>\n\t<meta name=\"twitter:data1\" content=\"1 minute\" \/>\n<script type=\"application\/ld+json\" class=\"yoast-schema-graph\">{\"@context\":\"https:\/\/schema.org\",\"@graph\":[{\"@type\":\"WebPage\",\"@id\":\"https:\/\/www.lesbiefs.eu\/fr\/chambre-du-patron-2\/\",\"url\":\"https:\/\/www.lesbiefs.eu\/fr\/chambre-du-patron-2\/\",\"name\":\"Chambre du Patron - Aire les Biefs\",\"isPartOf\":{\"@id\":\"https:\/\/www.lesbiefs.eu\/#website\"},\"primaryImageOfPage\":{\"@id\":\"https:\/\/www.lesbiefs.eu\/fr\/chambre-du-patron-2\/#primaryimage\"},\"image\":{\"@id\":\"https:\/\/www.lesbiefs.eu\/fr\/chambre-du-patron-2\/#primaryimage\"},\"thumbnailUrl\":\"https:\/\/www.lesbiefs.eu\/2020\/wp-content\/uploads\/2020\/04\/IMG_9882-1024x699.jpg\",\"datePublished\":\"2013-12-10T18:03:19+00:00\",\"dateModified\":\"2026-01-19T11:13:09+00:00\",\"breadcrumb\":{\"@id\":\"https:\/\/www.lesbiefs.eu\/fr\/chambre-du-patron-2\/#breadcrumb\"},\"inLanguage\":\"fr-FR\",\"potentialAction\":[{\"@type\":\"ReadAction\",\"target\":[\"https:\/\/www.lesbiefs.eu\/fr\/chambre-du-patron-2\/\"]}]},{\"@type\":\"ImageObject\",\"inLanguage\":\"fr-FR\",\"@id\":\"https:\/\/www.lesbiefs.eu\/fr\/chambre-du-patron-2\/#primaryimage\",\"url\":\"https:\/\/www.lesbiefs.eu\/2020\/wp-content\/uploads\/2020\/04\/IMG_9882-1024x699.jpg\",\"contentUrl\":\"https:\/\/www.lesbiefs.eu\/2020\/wp-content\/uploads\/2020\/04\/IMG_9882-1024x699.jpg\"},{\"@type\":\"BreadcrumbList\",\"@id\":\"https:\/\/www.lesbiefs.eu\/fr\/chambre-du-patron-2\/#breadcrumb\",\"itemListElement\":[{\"@type\":\"ListItem\",\"position\":1,\"name\":\"Home\",\"item\":\"https:\/\/www.lesbiefs.eu\/\"},{\"@type\":\"ListItem\",\"position\":2,\"name\":\"Chambre du Patron\"}]},{\"@type\":\"WebSite\",\"@id\":\"https:\/\/www.lesbiefs.eu\/#website\",\"url\":\"https:\/\/www.lesbiefs.eu\/\",\"name\":\"Aire les Biefs\",\"description\":\"\",\"publisher\":{\"@id\":\"https:\/\/www.lesbiefs.eu\/#organization\"},\"potentialAction\":[{\"@type\":\"SearchAction\",\"target\":{\"@type\":\"EntryPoint\",\"urlTemplate\":\"https:\/\/www.lesbiefs.eu\/?s={search_term_string}\"},\"query-input\":{\"@type\":\"PropertyValueSpecification\",\"valueRequired\":true,\"valueName\":\"search_term_string\"}}],\"inLanguage\":\"fr-FR\"},{\"@type\":\"Organization\",\"@id\":\"https:\/\/www.lesbiefs.eu\/#organization\",\"name\":\"Aire les Biefs\",\"url\":\"https:\/\/www.lesbiefs.eu\/\",\"logo\":{\"@type\":\"ImageObject\",\"inLanguage\":\"fr-FR\",\"@id\":\"https:\/\/www.lesbiefs.eu\/#\/schema\/logo\/image\/\",\"url\":\"https:\/\/www.lesbiefs.eu\/2020\/wp-content\/uploads\/2015\/08\/ondertekening-Alb.jpg\",\"contentUrl\":\"https:\/\/www.lesbiefs.eu\/2020\/wp-content\/uploads\/2015\/08\/ondertekening-Alb.jpg\",\"width\":227,\"height\":181,\"caption\":\"Aire les Biefs\"},\"image\":{\"@id\":\"https:\/\/www.lesbiefs.eu\/#\/schema\/logo\/image\/\"}}]}<\/script>\n<!-- \/ Yoast SEO plugin. -->","yoast_head_json":{"title":"Chambre du Patron - Aire les Biefs","robots":{"index":"index","follow":"follow","max-snippet":"max-snippet:-1","max-image-preview":"max-image-preview:large","max-video-preview":"max-video-preview:-1"},"canonical":"https:\/\/www.lesbiefs.eu\/fr\/chambre-du-patron-2\/","og_locale":"fr_FR","og_type":"article","og_title":"Chambre du Patron - Aire les Biefs","og_description":"Chambre 1-2 personnes &#8211; rez-de-chauss\u00e9e &#8211; chien autoris\u00e9s en consultation &#8211; salle de bains adapt\u00e9e * Nous sommes un adults-only... En plus","og_url":"https:\/\/www.lesbiefs.eu\/fr\/chambre-du-patron-2\/","og_site_name":"Aire les Biefs","article_modified_time":"2026-01-19T11:13:09+00:00","og_image":[{"width":2385,"height":1628,"url":"https:\/\/www.lesbiefs.eu\/2020\/wp-content\/uploads\/2020\/04\/IMG_9882.jpg","type":"image\/jpeg"}],"twitter_misc":{"Dur\u00e9e de lecture estim\u00e9e":"1 minute"},"schema":{"@context":"https:\/\/schema.org","@graph":[{"@type":"WebPage","@id":"https:\/\/www.lesbiefs.eu\/fr\/chambre-du-patron-2\/","url":"https:\/\/www.lesbiefs.eu\/fr\/chambre-du-patron-2\/","name":"Chambre du Patron - Aire les Biefs","isPartOf":{"@id":"https:\/\/www.lesbiefs.eu\/#website"},"primaryImageOfPage":{"@id":"https:\/\/www.lesbiefs.eu\/fr\/chambre-du-patron-2\/#primaryimage"},"image":{"@id":"https:\/\/www.lesbiefs.eu\/fr\/chambre-du-patron-2\/#primaryimage"},"thumbnailUrl":"https:\/\/www.lesbiefs.eu\/2020\/wp-content\/uploads\/2020\/04\/IMG_9882-1024x699.jpg","datePublished":"2013-12-10T18:03:19+00:00","dateModified":"2026-01-19T11:13:09+00:00","breadcrumb":{"@id":"https:\/\/www.lesbiefs.eu\/fr\/chambre-du-patron-2\/#breadcrumb"},"inLanguage":"fr-FR","potentialAction":[{"@type":"ReadAction","target":["https:\/\/www.lesbiefs.eu\/fr\/chambre-du-patron-2\/"]}]},{"@type":"ImageObject","inLanguage":"fr-FR","@id":"https:\/\/www.lesbiefs.eu\/fr\/chambre-du-patron-2\/#primaryimage","url":"https:\/\/www.lesbiefs.eu\/2020\/wp-content\/uploads\/2020\/04\/IMG_9882-1024x699.jpg","contentUrl":"https:\/\/www.lesbiefs.eu\/2020\/wp-content\/uploads\/2020\/04\/IMG_9882-1024x699.jpg"},{"@type":"BreadcrumbList","@id":"https:\/\/www.lesbiefs.eu\/fr\/chambre-du-patron-2\/#breadcrumb","itemListElement":[{"@type":"ListItem","position":1,"name":"Home","item":"https:\/\/www.lesbiefs.eu\/"},{"@type":"ListItem","position":2,"name":"Chambre du Patron"}]},{"@type":"WebSite","@id":"https:\/\/www.lesbiefs.eu\/#website","url":"https:\/\/www.lesbiefs.eu\/","name":"Aire les Biefs","description":"","publisher":{"@id":"https:\/\/www.lesbiefs.eu\/#organization"},"potentialAction":[{"@type":"SearchAction","target":{"@type":"EntryPoint","urlTemplate":"https:\/\/www.lesbiefs.eu\/?s={search_term_string}"},"query-input":{"@type":"PropertyValueSpecification","valueRequired":true,"valueName":"search_term_string"}}],"inLanguage":"fr-FR"},{"@type":"Organization","@id":"https:\/\/www.lesbiefs.eu\/#organization","name":"Aire les Biefs","url":"https:\/\/www.lesbiefs.eu\/","logo":{"@type":"ImageObject","inLanguage":"fr-FR","@id":"https:\/\/www.lesbiefs.eu\/#\/schema\/logo\/image\/","url":"https:\/\/www.lesbiefs.eu\/2020\/wp-content\/uploads\/2015\/08\/ondertekening-Alb.jpg","contentUrl":"https:\/\/www.lesbiefs.eu\/2020\/wp-content\/uploads\/2015\/08\/ondertekening-Alb.jpg","width":227,"height":181,"caption":"Aire les Biefs"},"image":{"@id":"https:\/\/www.lesbiefs.eu\/#\/schema\/logo\/image\/"}}]}},"_links":{"self":[{"href":"https:\/\/www.lesbiefs.eu\/fr\/wp-json\/wp\/v2\/pages\/286","targetHints":{"allow":["GET"]}}],"collection":[{"href":"https:\/\/www.lesbiefs.eu\/fr\/wp-json\/wp\/v2\/pages"}],"about":[{"href":"https:\/\/www.lesbiefs.eu\/fr\/wp-json\/wp\/v2\/types\/page"}],"author":[{"embeddable":true,"href":"https:\/\/www.lesbiefs.eu\/fr\/wp-json\/wp\/v2\/users\/1"}],"replies":[{"embeddable":true,"href":"https:\/\/www.lesbiefs.eu\/fr\/wp-json\/wp\/v2\/comments?post=286"}],"version-history":[{"count":28,"href":"https:\/\/www.lesbiefs.eu\/fr\/wp-json\/wp\/v2\/pages\/286\/revisions"}],"predecessor-version":[{"id":6857,"href":"https:\/\/www.lesbiefs.eu\/fr\/wp-json\/wp\/v2\/pages\/286\/revisions\/6857"}],"wp:attachment":[{"href":"https:\/\/www.lesbiefs.eu\/fr\/wp-json\/wp\/v2\/media?parent=286"}],"curies":[{"name":"wp","href":"https:\/\/api.w.org\/{rel}","templated":true}]}}