{"id":149,"date":"2013-12-09T10:19:30","date_gmt":"2013-12-09T09:19:30","guid":{"rendered":"http:\/\/www.airelesbiefs.com\/?page_id=149"},"modified":"2013-12-27T19:35:55","modified_gmt":"2013-12-27T18:35:55","slug":"activites","status":"publish","type":"page","link":"https:\/\/www.lesbiefs.eu\/fr\/activites\/","title":{"rendered":"Activit\u00e9s et la r\u00e9gion"},"content":{"rendered":"<h2>Les randonn\u00e9es<\/h2>\n<p>La r\u00e9gion se pr\u00eate \u00e0 de tr\u00e8s belles randonn\u00e9es. Plusieurs parcours (de quelques kilom\u00e8tres ou pour la journ\u00e9e enti\u00e8re) sont directement accessibles \u00e0 partir de notre demeure. Nous pouvons \u00e9galement vous d\u00e9poser au d\u00e9part d\u2019un itin\u00e9raire choisi et vous assurez votre retour \u00e0 votre propre rythme. Nous pouvons aussi vous organiser un pique-nique dans un endroit charmant. Notre demeure se trouve sur le GR3a, une route alternative du GR3. Il fait partie d\u2019une randonn\u00e9e de 2.000 \u00e0 3.000 Km (selon le parcours choisi) de la Hollande \u00e0 Santiago de Compostelle dans le Nord de l\u2019Espagne.<\/p>\n<h2>Le v\u00e9lo<\/h2>\n<p>L\u2019environ de la Montagne Bourbonnaise est une superbe r\u00e9gion pour le cyclisme. Les chemins montagnards sont tr\u00e8s calmes. Les pistes ou chemins de randonn\u00e9e sont, cependant, assez ardus. La r\u00e9gion se pr\u00eate \u00e9galement tr\u00e8s bien aux randonn\u00e9es en VTT. Pour les amateurs, il y a possibilit\u00e9 de d\u00e9couvrir la r\u00e9gion en quad.<\/p>\n<p>&nbsp;<\/p>\n<h2>Le ski<\/h2>\n<p>En hiver, le domaine skiable de La Loge des Gardes est un endroit agr\u00e9able pour le ski d\u00e9tente. Il y a plusieurs pistes, mais qui ne sont naturellement pas si spectaculaire que dans les grands domaines. Par contre, l\u2019ambiance est d\u00e9tendue et les prix de location de mat\u00e9riel et des forfaits sont tr\u00e8s raisonnables. Il y a aussi beaucoup de possibilit\u00e9 de ski de fond.<\/p>\n<h2>La natation<\/h2>\n<p>Nous pouvons vous conseiller un man\u00e8ge o\u00f9 de nombreuses randonn\u00e9es \u00e9questres sont possible.<\/p>\n<p>&nbsp;<\/p>\n<h2>L\u2019\u00e9quitation<\/h2>\n<p>Nous pouvons vous conseiller un man\u00e8ge de nombreuses randonn\u00e9es \u00e0 cheval sont possibles.<\/p>\n<p>&nbsp;<\/p>\n<h2>Les villages<\/h2>\n<p>Dans cet environnement de campagne, il y a beaucoup de villages agr\u00e9ables \u00e0 visiter. En combinaison avec une ballade en voiture, Vichy et Roanne se trouvent \u00e0 une distance abordable. Un peu plus loin, il y a les jolis alentours de Clermont Ferrand (cfr. Notre site web \u00e0 Alentours)<\/p>\n","protected":false},"excerpt":{"rendered":"<p>Les randonn\u00e9es La r\u00e9gion se pr\u00eate \u00e0 de tr\u00e8s belles randonn\u00e9es. Plusieurs parcours (de quelques kilom\u00e8tres ou pour la journ\u00e9e&#8230;<\/p>\n<p class=\"continue-reading-button\"> <a class=\"continue-reading-link\" href=\"https:\/\/www.lesbiefs.eu\/fr\/activites\/\">En plus<i class=\"crycon-right-dir\"><\/i><\/a><\/p>\n","protected":false},"author":1,"featured_media":0,"parent":0,"menu_order":0,"comment_status":"closed","ping_status":"closed","template":"","meta":{"footnotes":""},"class_list":["post-149","page","type-page","status-publish","hentry"],"yoast_head":"<!-- This site is optimized with the Yoast SEO plugin v26.9 - https:\/\/yoast.com\/product\/yoast-seo-wordpress\/ -->\n<title>Activit\u00e9s et la r\u00e9gion - Aire les Biefs<\/title>\n<meta name=\"robots\" content=\"index, follow, max-snippet:-1, max-image-preview:large, max-video-preview:-1\" \/>\n<link rel=\"canonical\" href=\"https:\/\/www.lesbiefs.eu\/fr\/activites\/\" \/>\n<meta property=\"og:locale\" content=\"fr_FR\" \/>\n<meta property=\"og:type\" content=\"article\" \/>\n<meta property=\"og:title\" content=\"Activit\u00e9s et la r\u00e9gion - Aire les Biefs\" \/>\n<meta property=\"og:description\" content=\"Les randonn\u00e9es La r\u00e9gion se pr\u00eate \u00e0 de tr\u00e8s belles randonn\u00e9es. Plusieurs parcours (de quelques kilom\u00e8tres ou pour la journ\u00e9e... En plus\" \/>\n<meta property=\"og:url\" content=\"https:\/\/www.lesbiefs.eu\/fr\/activites\/\" \/>\n<meta property=\"og:site_name\" content=\"Aire les Biefs\" \/>\n<meta property=\"article:modified_time\" content=\"2013-12-27T18:35:55+00:00\" \/>\n<meta property=\"og:image\" content=\"https:\/\/www.lesbiefs.eu\/2020\/wp-content\/uploads\/2015\/08\/ondertekening-Alb.jpg\" \/>\n\t<meta property=\"og:image:width\" content=\"227\" \/>\n\t<meta property=\"og:image:height\" content=\"181\" \/>\n\t<meta property=\"og:image:type\" content=\"image\/jpeg\" \/>\n<meta name=\"twitter:label1\" content=\"Dur\u00e9e de lecture estim\u00e9e\" \/>\n\t<meta name=\"twitter:data1\" content=\"2 minutes\" \/>\n<script type=\"application\/ld+json\" class=\"yoast-schema-graph\">{\"@context\":\"https:\/\/schema.org\",\"@graph\":[{\"@type\":\"WebPage\",\"@id\":\"https:\/\/www.lesbiefs.eu\/fr\/activites\/\",\"url\":\"https:\/\/www.lesbiefs.eu\/fr\/activites\/\",\"name\":\"Activit\u00e9s et la r\u00e9gion - Aire les Biefs\",\"isPartOf\":{\"@id\":\"https:\/\/www.lesbiefs.eu\/#website\"},\"datePublished\":\"2013-12-09T09:19:30+00:00\",\"dateModified\":\"2013-12-27T18:35:55+00:00\",\"breadcrumb\":{\"@id\":\"https:\/\/www.lesbiefs.eu\/fr\/activites\/#breadcrumb\"},\"inLanguage\":\"fr-FR\",\"potentialAction\":[{\"@type\":\"ReadAction\",\"target\":[\"https:\/\/www.lesbiefs.eu\/fr\/activites\/\"]}]},{\"@type\":\"BreadcrumbList\",\"@id\":\"https:\/\/www.lesbiefs.eu\/fr\/activites\/#breadcrumb\",\"itemListElement\":[{\"@type\":\"ListItem\",\"position\":1,\"name\":\"Home\",\"item\":\"https:\/\/www.lesbiefs.eu\/\"},{\"@type\":\"ListItem\",\"position\":2,\"name\":\"Activit\u00e9s et la r\u00e9gion\"}]},{\"@type\":\"WebSite\",\"@id\":\"https:\/\/www.lesbiefs.eu\/#website\",\"url\":\"https:\/\/www.lesbiefs.eu\/\",\"name\":\"Aire les Biefs\",\"description\":\"\",\"publisher\":{\"@id\":\"https:\/\/www.lesbiefs.eu\/#organization\"},\"potentialAction\":[{\"@type\":\"SearchAction\",\"target\":{\"@type\":\"EntryPoint\",\"urlTemplate\":\"https:\/\/www.lesbiefs.eu\/?s={search_term_string}\"},\"query-input\":{\"@type\":\"PropertyValueSpecification\",\"valueRequired\":true,\"valueName\":\"search_term_string\"}}],\"inLanguage\":\"fr-FR\"},{\"@type\":\"Organization\",\"@id\":\"https:\/\/www.lesbiefs.eu\/#organization\",\"name\":\"Aire les Biefs\",\"url\":\"https:\/\/www.lesbiefs.eu\/\",\"logo\":{\"@type\":\"ImageObject\",\"inLanguage\":\"fr-FR\",\"@id\":\"https:\/\/www.lesbiefs.eu\/#\/schema\/logo\/image\/\",\"url\":\"https:\/\/www.lesbiefs.eu\/2020\/wp-content\/uploads\/2015\/08\/ondertekening-Alb.jpg\",\"contentUrl\":\"https:\/\/www.lesbiefs.eu\/2020\/wp-content\/uploads\/2015\/08\/ondertekening-Alb.jpg\",\"width\":227,\"height\":181,\"caption\":\"Aire les Biefs\"},\"image\":{\"@id\":\"https:\/\/www.lesbiefs.eu\/#\/schema\/logo\/image\/\"}}]}<\/script>\n<!-- \/ Yoast SEO plugin. -->","yoast_head_json":{"title":"Activit\u00e9s et la r\u00e9gion - Aire les Biefs","robots":{"index":"index","follow":"follow","max-snippet":"max-snippet:-1","max-image-preview":"max-image-preview:large","max-video-preview":"max-video-preview:-1"},"canonical":"https:\/\/www.lesbiefs.eu\/fr\/activites\/","og_locale":"fr_FR","og_type":"article","og_title":"Activit\u00e9s et la r\u00e9gion - Aire les Biefs","og_description":"Les randonn\u00e9es La r\u00e9gion se pr\u00eate \u00e0 de tr\u00e8s belles randonn\u00e9es. Plusieurs parcours (de quelques kilom\u00e8tres ou pour la journ\u00e9e... En plus","og_url":"https:\/\/www.lesbiefs.eu\/fr\/activites\/","og_site_name":"Aire les Biefs","article_modified_time":"2013-12-27T18:35:55+00:00","og_image":[{"width":227,"height":181,"url":"https:\/\/www.lesbiefs.eu\/2020\/wp-content\/uploads\/2015\/08\/ondertekening-Alb.jpg","type":"image\/jpeg"}],"twitter_misc":{"Dur\u00e9e de lecture estim\u00e9e":"2 minutes"},"schema":{"@context":"https:\/\/schema.org","@graph":[{"@type":"WebPage","@id":"https:\/\/www.lesbiefs.eu\/fr\/activites\/","url":"https:\/\/www.lesbiefs.eu\/fr\/activites\/","name":"Activit\u00e9s et la r\u00e9gion - Aire les Biefs","isPartOf":{"@id":"https:\/\/www.lesbiefs.eu\/#website"},"datePublished":"2013-12-09T09:19:30+00:00","dateModified":"2013-12-27T18:35:55+00:00","breadcrumb":{"@id":"https:\/\/www.lesbiefs.eu\/fr\/activites\/#breadcrumb"},"inLanguage":"fr-FR","potentialAction":[{"@type":"ReadAction","target":["https:\/\/www.lesbiefs.eu\/fr\/activites\/"]}]},{"@type":"BreadcrumbList","@id":"https:\/\/www.lesbiefs.eu\/fr\/activites\/#breadcrumb","itemListElement":[{"@type":"ListItem","position":1,"name":"Home","item":"https:\/\/www.lesbiefs.eu\/"},{"@type":"ListItem","position":2,"name":"Activit\u00e9s et la r\u00e9gion"}]},{"@type":"WebSite","@id":"https:\/\/www.lesbiefs.eu\/#website","url":"https:\/\/www.lesbiefs.eu\/","name":"Aire les Biefs","description":"","publisher":{"@id":"https:\/\/www.lesbiefs.eu\/#organization"},"potentialAction":[{"@type":"SearchAction","target":{"@type":"EntryPoint","urlTemplate":"https:\/\/www.lesbiefs.eu\/?s={search_term_string}"},"query-input":{"@type":"PropertyValueSpecification","valueRequired":true,"valueName":"search_term_string"}}],"inLanguage":"fr-FR"},{"@type":"Organization","@id":"https:\/\/www.lesbiefs.eu\/#organization","name":"Aire les Biefs","url":"https:\/\/www.lesbiefs.eu\/","logo":{"@type":"ImageObject","inLanguage":"fr-FR","@id":"https:\/\/www.lesbiefs.eu\/#\/schema\/logo\/image\/","url":"https:\/\/www.lesbiefs.eu\/2020\/wp-content\/uploads\/2015\/08\/ondertekening-Alb.jpg","contentUrl":"https:\/\/www.lesbiefs.eu\/2020\/wp-content\/uploads\/2015\/08\/ondertekening-Alb.jpg","width":227,"height":181,"caption":"Aire les Biefs"},"image":{"@id":"https:\/\/www.lesbiefs.eu\/#\/schema\/logo\/image\/"}}]}},"_links":{"self":[{"href":"https:\/\/www.lesbiefs.eu\/fr\/wp-json\/wp\/v2\/pages\/149","targetHints":{"allow":["GET"]}}],"collection":[{"href":"https:\/\/www.lesbiefs.eu\/fr\/wp-json\/wp\/v2\/pages"}],"about":[{"href":"https:\/\/www.lesbiefs.eu\/fr\/wp-json\/wp\/v2\/types\/page"}],"author":[{"embeddable":true,"href":"https:\/\/www.lesbiefs.eu\/fr\/wp-json\/wp\/v2\/users\/1"}],"replies":[{"embeddable":true,"href":"https:\/\/www.lesbiefs.eu\/fr\/wp-json\/wp\/v2\/comments?post=149"}],"version-history":[{"count":3,"href":"https:\/\/www.lesbiefs.eu\/fr\/wp-json\/wp\/v2\/pages\/149\/revisions"}],"predecessor-version":[{"id":633,"href":"https:\/\/www.lesbiefs.eu\/fr\/wp-json\/wp\/v2\/pages\/149\/revisions\/633"}],"wp:attachment":[{"href":"https:\/\/www.lesbiefs.eu\/fr\/wp-json\/wp\/v2\/media?parent=149"}],"curies":[{"name":"wp","href":"https:\/\/api.w.org\/{rel}","templated":true}]}}