{"id":828,"date":"2013-12-17T15:03:38","date_gmt":"2013-12-17T14:03:38","guid":{"rendered":"http:\/\/www.airelesbiefs.com\/?page_id=828"},"modified":"2014-01-15T16:33:58","modified_gmt":"2014-01-15T15:33:58","slug":"te-doen","status":"publish","type":"page","link":"https:\/\/www.lesbiefs.eu\/de\/te-doen\/","title":{"rendered":"Zu tun"},"content":{"rendered":"\r\n\t<div class=\"slideshow_container slideshow_container_style-light\" style=\"height: 500px; \" data-slideshow-id=\"825\" data-style-name=\"style-light\" data-style-version=\"2.3.1\" >\r\n\r\n\t\t\t\t\t<div class=\"slideshow_loading_icon\"><\/div>\r\n\t\t\r\n\t\t<div class=\"slideshow_content\" style=\"display: none;\">\r\n\r\n\t\t\t<div class=\"slideshow_view\">\r\n\t\t\t\t<div class=\"slideshow_slide slideshow_slide_image\">\r\n\t\t\t\t\t\t\t\t\t\t\t<img src=\"https:\/\/www.lesbiefs.eu\/2020\/wp-content\/uploads\/2013\/11\/7006949.jpg\" alt=\"_7006949\" width=\"500\" height=\"333\" \/>\r\n\t\t\t\t\t\t\t\t\t\t<div class=\"slideshow_description_box slideshow_transparent\">\r\n\t\t\t\t\t\t\t\t\t\t\t\t\t\t\t\t\t<\/div>\r\n\t\t\t\t<\/div>\r\n\r\n\t\t\t\t\t\t<div style=\"clear: both;\"><\/div><\/div><div class=\"slideshow_view\">\r\n\t\t\t\t<div class=\"slideshow_slide slideshow_slide_image\">\r\n\t\t\t\t\t\t\t\t\t\t\t<img src=\"https:\/\/www.lesbiefs.eu\/2020\/wp-content\/uploads\/2013\/11\/DB29935.jpg\" alt=\"_DB29935\" width=\"500\" height=\"332\" \/>\r\n\t\t\t\t\t\t\t\t\t\t<div class=\"slideshow_description_box slideshow_transparent\">\r\n\t\t\t\t\t\t\t\t\t\t\t\t\t\t\t\t\t<\/div>\r\n\t\t\t\t<\/div>\r\n\r\n\t\t\t\t\t\t<div style=\"clear: both;\"><\/div><\/div><div class=\"slideshow_view\">\r\n\t\t\t\t<div class=\"slideshow_slide slideshow_slide_image\">\r\n\t\t\t\t\t\t\t\t\t\t\t<img src=\"https:\/\/www.lesbiefs.eu\/2020\/wp-content\/uploads\/2013\/11\/DB29910.jpg\" alt=\"_DB29910\" width=\"500\" height=\"332\" \/>\r\n\t\t\t\t\t\t\t\t\t\t<div class=\"slideshow_description_box slideshow_transparent\">\r\n\t\t\t\t\t\t\t\t\t\t\t\t\t\t\t\t\t<\/div>\r\n\t\t\t\t<\/div>\r\n\r\n\t\t\t\t\t\t<div style=\"clear: both;\"><\/div><\/div><div class=\"slideshow_view\">\r\n\t\t\t\t<div class=\"slideshow_slide slideshow_slide_image\">\r\n\t\t\t\t\t\t\t\t\t\t\t<img src=\"https:\/\/www.lesbiefs.eu\/2020\/wp-content\/uploads\/2013\/11\/700_2956.jpg\" alt=\"700_2956\" width=\"500\" height=\"333\" \/>\r\n\t\t\t\t\t\t\t\t\t\t<div class=\"slideshow_description_box slideshow_transparent\">\r\n\t\t\t\t\t\t\t\t\t\t\t\t\t\t\t\t\t<\/div>\r\n\t\t\t\t<\/div>\r\n\r\n\t\t\t\t\t\t<div style=\"clear: both;\"><\/div><\/div><div class=\"slideshow_view\">\r\n\t\t\t\t<div class=\"slideshow_slide slideshow_slide_image\">\r\n\t\t\t\t\t\t\t\t\t\t\t<img src=\"https:\/\/www.lesbiefs.eu\/2020\/wp-content\/uploads\/2013\/11\/700_3368.jpg\" alt=\"700_3368\" width=\"500\" height=\"333\" \/>\r\n\t\t\t\t\t\t\t\t\t\t<div class=\"slideshow_description_box slideshow_transparent\">\r\n\t\t\t\t\t\t\t\t\t\t\t\t\t\t\t\t\t<\/div>\r\n\t\t\t\t<\/div>\r\n\r\n\t\t\t\t\t\t<div style=\"clear: both;\"><\/div><\/div><div class=\"slideshow_view\">\r\n\t\t\t\t<div class=\"slideshow_slide slideshow_slide_image\">\r\n\t\t\t\t\t\t\t\t\t\t\t<img src=\"https:\/\/www.lesbiefs.eu\/2020\/wp-content\/uploads\/2013\/11\/CA1_8506.jpg\" alt=\"CA1_8506\" width=\"500\" height=\"332\" \/>\r\n\t\t\t\t\t\t\t\t\t\t<div class=\"slideshow_description_box slideshow_transparent\">\r\n\t\t\t\t\t\t\t\t\t\t\t\t\t\t\t\t\t<\/div>\r\n\t\t\t\t<\/div>\r\n\r\n\t\t\t\t\t\t<div style=\"clear: both;\"><\/div><\/div><div class=\"slideshow_view\">\r\n\t\t\t\t<div class=\"slideshow_slide slideshow_slide_image\">\r\n\t\t\t\t\t\t\t\t\t\t\t<img src=\"https:\/\/www.lesbiefs.eu\/2020\/wp-content\/uploads\/2013\/11\/DBB_4589.jpg\" alt=\"DBB_4589\" width=\"500\" height=\"333\" \/>\r\n\t\t\t\t\t\t\t\t\t\t<div class=\"slideshow_description_box slideshow_transparent\">\r\n\t\t\t\t\t\t\t\t\t\t\t\t\t\t\t\t\t<\/div>\r\n\t\t\t\t<\/div>\r\n\r\n\t\t\t\t\t\t<div style=\"clear: both;\"><\/div><\/div><div class=\"slideshow_view\">\r\n\t\t\t\t<div class=\"slideshow_slide slideshow_slide_image\">\r\n\t\t\t\t\t\t\t\t\t\t\t<img src=\"https:\/\/www.lesbiefs.eu\/2020\/wp-content\/uploads\/2013\/11\/IMA_6911.jpg\" alt=\"IMA_6911\" width=\"500\" height=\"335\" \/>\r\n\t\t\t\t\t\t\t\t\t\t<div class=\"slideshow_description_box slideshow_transparent\">\r\n\t\t\t\t\t\t\t\t\t\t\t\t\t\t\t\t\t<\/div>\r\n\t\t\t\t<\/div>\r\n\r\n\t\t\t\t\t\t<div style=\"clear: both;\"><\/div><\/div>\r\n\t\t<\/div>\r\n\r\n\t\t<div class=\"slideshow_controlPanel slideshow_transparent\" style=\"display: none;\"><ul><li class=\"slideshow_togglePlay\" data-play-text=\"Abspielen\" data-pause-text=\"Pause\"><\/li><\/ul><\/div>\r\n\r\n\t\t<div class=\"slideshow_button slideshow_previous slideshow_transparent\" role=\"button\" data-previous-text=\"Zur\u00fcck\" style=\"display: none;\"><\/div>\r\n\t\t<div class=\"slideshow_button slideshow_next slideshow_transparent\" role=\"button\" data-next-text=\"N\u00e4chstes\" style=\"display: none;\"><\/div>\r\n\r\n\t\t<div class=\"slideshow_pagination\" style=\"display: none;\" data-go-to-text=\"Gehe zum Bild\"><div class=\"slideshow_pagination_center\"><\/div><\/div>\r\n\r\n\t\t<!-- WordPress Slideshow Version 2.3.1 -->\r\n\r\n\t\t\t<\/div>\r\n\r\n\n<p>In der Region Montagne Bourbonnaise gibt es f\u00fcr Natur- und Kultursuchende viel zu erleben. Wir haben eine ausf\u00fchrliche Liste und eine Informationsmappe mit allen Sehensw\u00fcrdigkeiten zusammengestellt und f\u00fcr unsere G\u00e4ste im Foyer bereitgestellt. Nat\u00fcrlich k\u00f6nnen wir Ihnen auch andere Ausflugsvorschl\u00e4ge machen. Wenn Sie wollen, k\u00f6nnen wir diese Ausfl\u00fcge auch f\u00fcr Sie organisieren und ausrichten.<\/p>\n<p>&nbsp;<\/p>\n<h2>Wandern<\/h2>\n<p>In der Umgebung vom G\u00e4stehaus kann man sehr sch\u00f6n wandern. Gleich vom Haus aus k\u00f6nnen Sie mehrere Routen anfangen. Es gibt Routen, die einige Kilometer lang sind, aber auch Routen, wof\u00fcr man einen ganzen Tag braucht. Wir k\u00f6nnten Sie am Anfang einer Route absetzen, damit Sie in Ihrem eigenen Tempo zur\u00fcck zum G\u00e4stehaus wandern k\u00f6nnen. Auch k\u00f6nnten wir unterwegs an einer verabredeten Stelle ein Picknick f\u00fcr Sie ausrichten. Unser G\u00e4stehaus befindet sich am Wanderweg GR3a, das ist eine alternative Route f\u00fcr die GR3. Der Wanderweg GR3a ist ein Teil einer zwei- oder dreitausend Kilometer langer Route (die L\u00e4nge ist abhangig von der gew\u00e4hlten Route). Diese Route f\u00e4ngt in den Niederlanden an und f\u00fchrt nach Santiago de Compostela in den Norden Spaniens.<\/p>\n<h3><span style=\"font-size: 1.5em;\">Radeln<\/span><\/h3>\n<p>In der Region Montagne Bourbonnaise k\u00f6nnen Sie sch\u00f6ne Radtouren machen. Es ist einfach, auf den noch ruhigen Bergwegen zu fahren, obwohl Sie darauf R\u00fccksicht nehmen m\u00fcssten, dass sich in der Route einige ziemlich schwere Steigungen und steile Abstiege befinden. Auch k\u00f6nnen Sie in der Umgebung sch\u00f6ne Mountainbikerouten fahren. F\u00fcr Liebhaber gibt es in der Gegend auch die M\u00f6glichkeit, organisiert auf einem Quad (ein vierr\u00e4deriges Motorrad) die Umgebung abzutasten.<\/p>\n<p>&nbsp;<\/p>\n<h2>Skifahren<\/h2>\n<p>In der Winterperiode ist das Skigebiet der Loge des Gardes ein Gebiet, das sich sehr gut f\u00fcr eine gemeinsame Skifahrt eignet. Man kan in der Loge des Gardes viele Abstiege finden. Diese Abstiege sind nat\u00fcrlich nicht so spektakul\u00e4r wie in den gr\u00f6\u00dferen Skigebieten, aber man findet hier die gem\u00fctliche franz\u00f6sische Atmosph\u00e4re und ein Gebiet, in dem man zu niedrigen Preisen das Material und die Pisten benutzen kann. Auch f\u00fcr Langlaufen gibt es mehrere M\u00f6glichkeiten.<\/p>\n<h3><span style=\"font-size: 1.5em;\">Schwimmen<\/span><\/h3>\n<p>Au\u00dfer unserem eigenen Pool, finden Sie in der N\u00e4he ausreichende andere Schwimmm\u00f6glichkeiten. In La Mayet de Montagne und in St. Cl\u00e9ment gibt es mehrere Seen, in denen man himmlisch schwimmen kann. Auch gibt es 20 Kilometer entfernt vom G\u00e4stehaus das Staubecken Lac de Villerest. Hier k\u00f6nnen Sie sich nat\u00fcrlich herrlich am Strand erholen und die Sonne genie\u00dfen. Es gibt aber auch die M\u00f6glichkeit, ein Tretboot oder ein Kanu zu mieten.<\/p>\n<p><span style=\"font-size: 1.5em;\">Reiten<\/span><\/p>\n<p>Die Umgebung eignet sich perfekt f\u00fcr Reittouren. Wir k\u00f6nnen Ihnen eine Manege in der N\u00e4he empfehlen, welche Reittouren organisiert.<\/p>\n<p>&nbsp;<\/p>\n<h2>St\u04d3dte<\/h2>\n<p>&nbsp;<\/p>\n<p>Hier auf dem Land k\u00f6nnen Sie mehrere sch\u00f6ne St\u00e4dte besuchen. Sehr sch\u00f6n, der Besuch dieser St\u00e4dte mit einer Autotour zu kombinieren! Auch die gr\u00f6\u00dferen St\u00e4dte Vichy und Roanne befinden sich nicht weit vom G\u00e4stehaus entfernt. Falls sie sogar ein wenig l\u00e4nger fahren m\u00f6chten, ist auch die Gegend von Clermond-Ferrand sehenswert.<\/p>\n","protected":false},"excerpt":{"rendered":"<p>In der Region Montagne Bourbonnaise gibt es f\u00fcr Natur- und Kultursuchende viel zu erleben. Wir haben eine ausf\u00fchrliche Liste und&#8230;<\/p>\n<p class=\"continue-reading-button\"> <a class=\"continue-reading-link\" href=\"https:\/\/www.lesbiefs.eu\/de\/te-doen\/\">Weiter<i class=\"crycon-right-dir\"><\/i><\/a><\/p>\n","protected":false},"author":1,"featured_media":0,"parent":0,"menu_order":0,"comment_status":"closed","ping_status":"closed","template":"","meta":{"footnotes":""},"class_list":["post-828","page","type-page","status-publish","hentry"],"yoast_head":"<!-- This site is optimized with the Yoast SEO plugin v26.9 - https:\/\/yoast.com\/product\/yoast-seo-wordpress\/ -->\n<title>Zu tun - Aire les Biefs<\/title>\n<meta name=\"robots\" content=\"index, follow, max-snippet:-1, max-image-preview:large, max-video-preview:-1\" \/>\n<link rel=\"canonical\" href=\"https:\/\/www.lesbiefs.eu\/de\/te-doen\/\" \/>\n<meta property=\"og:locale\" content=\"de_DE\" \/>\n<meta property=\"og:type\" content=\"article\" \/>\n<meta property=\"og:title\" content=\"Zu tun - Aire les Biefs\" \/>\n<meta property=\"og:description\" content=\"In der Region Montagne Bourbonnaise gibt es f\u00fcr Natur- und Kultursuchende viel zu erleben. Wir haben eine ausf\u00fchrliche Liste und... Weiter\" \/>\n<meta property=\"og:url\" content=\"https:\/\/www.lesbiefs.eu\/de\/te-doen\/\" \/>\n<meta property=\"og:site_name\" content=\"Aire les Biefs\" \/>\n<meta property=\"article:modified_time\" content=\"2014-01-15T15:33:58+00:00\" \/>\n<meta property=\"og:image\" content=\"https:\/\/www.lesbiefs.eu\/2020\/wp-content\/uploads\/2015\/08\/ondertekening-Alb.jpg\" \/>\n\t<meta property=\"og:image:width\" content=\"227\" \/>\n\t<meta property=\"og:image:height\" content=\"181\" \/>\n\t<meta property=\"og:image:type\" content=\"image\/jpeg\" \/>\n<meta name=\"twitter:label1\" content=\"Gesch\u00e4tzte Lesezeit\" \/>\n\t<meta name=\"twitter:data1\" content=\"3\u00a0Minuten\" \/>\n<script type=\"application\/ld+json\" class=\"yoast-schema-graph\">{\"@context\":\"https:\/\/schema.org\",\"@graph\":[{\"@type\":\"WebPage\",\"@id\":\"https:\/\/www.lesbiefs.eu\/de\/te-doen\/\",\"url\":\"https:\/\/www.lesbiefs.eu\/de\/te-doen\/\",\"name\":\"Zu tun - Aire les Biefs\",\"isPartOf\":{\"@id\":\"https:\/\/www.lesbiefs.eu\/#website\"},\"datePublished\":\"2013-12-17T14:03:38+00:00\",\"dateModified\":\"2014-01-15T15:33:58+00:00\",\"breadcrumb\":{\"@id\":\"https:\/\/www.lesbiefs.eu\/de\/te-doen\/#breadcrumb\"},\"inLanguage\":\"de\",\"potentialAction\":[{\"@type\":\"ReadAction\",\"target\":[\"https:\/\/www.lesbiefs.eu\/de\/te-doen\/\"]}]},{\"@type\":\"BreadcrumbList\",\"@id\":\"https:\/\/www.lesbiefs.eu\/de\/te-doen\/#breadcrumb\",\"itemListElement\":[{\"@type\":\"ListItem\",\"position\":1,\"name\":\"Home\",\"item\":\"https:\/\/www.lesbiefs.eu\/\"},{\"@type\":\"ListItem\",\"position\":2,\"name\":\"Zu tun\"}]},{\"@type\":\"WebSite\",\"@id\":\"https:\/\/www.lesbiefs.eu\/#website\",\"url\":\"https:\/\/www.lesbiefs.eu\/\",\"name\":\"Aire les Biefs\",\"description\":\"\",\"publisher\":{\"@id\":\"https:\/\/www.lesbiefs.eu\/#organization\"},\"potentialAction\":[{\"@type\":\"SearchAction\",\"target\":{\"@type\":\"EntryPoint\",\"urlTemplate\":\"https:\/\/www.lesbiefs.eu\/?s={search_term_string}\"},\"query-input\":{\"@type\":\"PropertyValueSpecification\",\"valueRequired\":true,\"valueName\":\"search_term_string\"}}],\"inLanguage\":\"de\"},{\"@type\":\"Organization\",\"@id\":\"https:\/\/www.lesbiefs.eu\/#organization\",\"name\":\"Aire les Biefs\",\"url\":\"https:\/\/www.lesbiefs.eu\/\",\"logo\":{\"@type\":\"ImageObject\",\"inLanguage\":\"de\",\"@id\":\"https:\/\/www.lesbiefs.eu\/#\/schema\/logo\/image\/\",\"url\":\"https:\/\/www.lesbiefs.eu\/2020\/wp-content\/uploads\/2015\/08\/ondertekening-Alb.jpg\",\"contentUrl\":\"https:\/\/www.lesbiefs.eu\/2020\/wp-content\/uploads\/2015\/08\/ondertekening-Alb.jpg\",\"width\":227,\"height\":181,\"caption\":\"Aire les Biefs\"},\"image\":{\"@id\":\"https:\/\/www.lesbiefs.eu\/#\/schema\/logo\/image\/\"}}]}<\/script>\n<!-- \/ Yoast SEO plugin. -->","yoast_head_json":{"title":"Zu tun - Aire les Biefs","robots":{"index":"index","follow":"follow","max-snippet":"max-snippet:-1","max-image-preview":"max-image-preview:large","max-video-preview":"max-video-preview:-1"},"canonical":"https:\/\/www.lesbiefs.eu\/de\/te-doen\/","og_locale":"de_DE","og_type":"article","og_title":"Zu tun - Aire les Biefs","og_description":"In der Region Montagne Bourbonnaise gibt es f\u00fcr Natur- und Kultursuchende viel zu erleben. Wir haben eine ausf\u00fchrliche Liste und... Weiter","og_url":"https:\/\/www.lesbiefs.eu\/de\/te-doen\/","og_site_name":"Aire les Biefs","article_modified_time":"2014-01-15T15:33:58+00:00","og_image":[{"width":227,"height":181,"url":"https:\/\/www.lesbiefs.eu\/2020\/wp-content\/uploads\/2015\/08\/ondertekening-Alb.jpg","type":"image\/jpeg"}],"twitter_misc":{"Gesch\u00e4tzte Lesezeit":"3\u00a0Minuten"},"schema":{"@context":"https:\/\/schema.org","@graph":[{"@type":"WebPage","@id":"https:\/\/www.lesbiefs.eu\/de\/te-doen\/","url":"https:\/\/www.lesbiefs.eu\/de\/te-doen\/","name":"Zu tun - Aire les Biefs","isPartOf":{"@id":"https:\/\/www.lesbiefs.eu\/#website"},"datePublished":"2013-12-17T14:03:38+00:00","dateModified":"2014-01-15T15:33:58+00:00","breadcrumb":{"@id":"https:\/\/www.lesbiefs.eu\/de\/te-doen\/#breadcrumb"},"inLanguage":"de","potentialAction":[{"@type":"ReadAction","target":["https:\/\/www.lesbiefs.eu\/de\/te-doen\/"]}]},{"@type":"BreadcrumbList","@id":"https:\/\/www.lesbiefs.eu\/de\/te-doen\/#breadcrumb","itemListElement":[{"@type":"ListItem","position":1,"name":"Home","item":"https:\/\/www.lesbiefs.eu\/"},{"@type":"ListItem","position":2,"name":"Zu tun"}]},{"@type":"WebSite","@id":"https:\/\/www.lesbiefs.eu\/#website","url":"https:\/\/www.lesbiefs.eu\/","name":"Aire les Biefs","description":"","publisher":{"@id":"https:\/\/www.lesbiefs.eu\/#organization"},"potentialAction":[{"@type":"SearchAction","target":{"@type":"EntryPoint","urlTemplate":"https:\/\/www.lesbiefs.eu\/?s={search_term_string}"},"query-input":{"@type":"PropertyValueSpecification","valueRequired":true,"valueName":"search_term_string"}}],"inLanguage":"de"},{"@type":"Organization","@id":"https:\/\/www.lesbiefs.eu\/#organization","name":"Aire les Biefs","url":"https:\/\/www.lesbiefs.eu\/","logo":{"@type":"ImageObject","inLanguage":"de","@id":"https:\/\/www.lesbiefs.eu\/#\/schema\/logo\/image\/","url":"https:\/\/www.lesbiefs.eu\/2020\/wp-content\/uploads\/2015\/08\/ondertekening-Alb.jpg","contentUrl":"https:\/\/www.lesbiefs.eu\/2020\/wp-content\/uploads\/2015\/08\/ondertekening-Alb.jpg","width":227,"height":181,"caption":"Aire les Biefs"},"image":{"@id":"https:\/\/www.lesbiefs.eu\/#\/schema\/logo\/image\/"}}]}},"_links":{"self":[{"href":"https:\/\/www.lesbiefs.eu\/de\/wp-json\/wp\/v2\/pages\/828","targetHints":{"allow":["GET"]}}],"collection":[{"href":"https:\/\/www.lesbiefs.eu\/de\/wp-json\/wp\/v2\/pages"}],"about":[{"href":"https:\/\/www.lesbiefs.eu\/de\/wp-json\/wp\/v2\/types\/page"}],"author":[{"embeddable":true,"href":"https:\/\/www.lesbiefs.eu\/de\/wp-json\/wp\/v2\/users\/1"}],"replies":[{"embeddable":true,"href":"https:\/\/www.lesbiefs.eu\/de\/wp-json\/wp\/v2\/comments?post=828"}],"version-history":[{"count":3,"href":"https:\/\/www.lesbiefs.eu\/de\/wp-json\/wp\/v2\/pages\/828\/revisions"}],"predecessor-version":[{"id":837,"href":"https:\/\/www.lesbiefs.eu\/de\/wp-json\/wp\/v2\/pages\/828\/revisions\/837"}],"wp:attachment":[{"href":"https:\/\/www.lesbiefs.eu\/de\/wp-json\/wp\/v2\/media?parent=828"}],"curies":[{"name":"wp","href":"https:\/\/api.w.org\/{rel}","templated":true}]}}