{"id":81,"date":"2013-11-22T14:18:55","date_gmt":"2013-11-22T13:18:55","guid":{"rendered":"http:\/\/www.airelesbiefs.com\/?page_id=81"},"modified":"2013-12-29T10:43:38","modified_gmt":"2013-12-29T09:43:38","slug":"omgeving","status":"publish","type":"page","link":"https:\/\/www.lesbiefs.eu\/de\/omgeving\/","title":{"rendered":"Die Gegend"},"content":{"rendered":"<p>Les Biefs ist ein Teil des Dorfes Arfeuilles und befindet sich im Gebiet Aller in der Region Auvergne. Les Biefs liegt am Rand der Montagne Bourbonnaise, ein fabelhaftes Naturgebiet mit Laub- und Nadelwald. Man findet sch\u00f6ne B\u00e4che im Wald und Tiere sind zahlreich. W\u00e4hrend unserer Aufenthalte im Wald haben wir h\u00e4ufig Hirsche gesehen. Auch leben im Wald Wildschweine, Kaninchen und viele Arten von V\u00f6geln, wie Habichte.<\/p>\n<p><a href=\"http:\/\/www.airelesbiefs.com\/wp-content\/uploads\/2013\/11\/7001675.jpg\"><img loading=\"lazy\" decoding=\"async\" class=\"alignleft size-full wp-image-734\" alt=\"_7001675\" src=\"http:\/\/www.airelesbiefs.com\/wp-content\/uploads\/2013\/11\/7001675.jpg\" width=\"500\" height=\"333\" srcset=\"https:\/\/www.lesbiefs.eu\/2020\/wp-content\/uploads\/2013\/11\/7001675.jpg 500w, https:\/\/www.lesbiefs.eu\/2020\/wp-content\/uploads\/2013\/11\/7001675-300x199.jpg 300w\" sizes=\"auto, (max-width: 500px) 100vw, 500px\" \/><\/a>Les Biefs befindet sich etwa 35 Kilometer entfernt von den St\u00e4dten Roanne und Vichy. Vichy ist eine Stadt, die f\u00fcr ihre heilsame Quellen und Thermen ber\u00fchmt ist. Au\u00dferdem ist Vichy eine sch\u00f6ne, alte Stadt mit vielen Sehensw\u00fcrdigkeiten und Shoppingm\u00f6glichkeiten.<\/p>\n<p>Nicht weit von Les Biefs findet man das Skigebiet La Loge des Gardes. Hier werden im Winter einige kleine Pisten und ein gro\u00dfes Langlaufgebiet eingerichtet. Im Sommer werden die Pisten zum Radeln und Skaten benutzt. Im Langlaufgebiet kann man im Sommer phantastisch Mountainbike fahren.<\/p>\n<p>Von Les Biefs aus kann man einen sch\u00f6nen Spaziergang machen zur Cascade de Pisserotte, eine Reihe von Wasserf\u00e4llen mitten im Wald. Wenn man die vorgeschlagene Wanderroute komplett abl\u00e4uft, findet man eine Gastst\u00e4tte, wo man sich v\u00f6llig erholen kann.<\/p>\n<p><a href=\"http:\/\/www.airelesbiefs.com\/wp-content\/uploads\/2013\/11\/IMA_6911.jpg\"><img loading=\"lazy\" decoding=\"async\" class=\"alignleft size-full wp-image-760\" alt=\"IMA_6911\" src=\"http:\/\/www.airelesbiefs.com\/wp-content\/uploads\/2013\/11\/IMA_6911.jpg\" width=\"500\" height=\"335\" srcset=\"https:\/\/www.lesbiefs.eu\/2020\/wp-content\/uploads\/2013\/11\/IMA_6911.jpg 500w, https:\/\/www.lesbiefs.eu\/2020\/wp-content\/uploads\/2013\/11\/IMA_6911-300x201.jpg 300w\" sizes=\"auto, (max-width: 500px) 100vw, 500px\" \/><\/a><\/p>\n","protected":false},"excerpt":{"rendered":"<p>Les Biefs ist ein Teil des Dorfes Arfeuilles und befindet sich im Gebiet Aller in der Region Auvergne. Les Biefs&#8230;<\/p>\n<p class=\"continue-reading-button\"> <a class=\"continue-reading-link\" href=\"https:\/\/www.lesbiefs.eu\/de\/omgeving\/\">Weiter<i class=\"crycon-right-dir\"><\/i><\/a><\/p>\n","protected":false},"author":1,"featured_media":0,"parent":0,"menu_order":0,"comment_status":"closed","ping_status":"closed","template":"","meta":{"footnotes":""},"class_list":["post-81","page","type-page","status-publish","hentry"],"yoast_head":"<!-- This site is optimized with the Yoast SEO plugin v26.9 - https:\/\/yoast.com\/product\/yoast-seo-wordpress\/ -->\n<title>Die Gegend - Aire les Biefs<\/title>\n<meta name=\"robots\" content=\"index, follow, max-snippet:-1, max-image-preview:large, max-video-preview:-1\" \/>\n<link rel=\"canonical\" href=\"https:\/\/www.lesbiefs.eu\/de\/omgeving\/\" \/>\n<meta property=\"og:locale\" content=\"de_DE\" \/>\n<meta property=\"og:type\" content=\"article\" \/>\n<meta property=\"og:title\" content=\"Die Gegend - Aire les Biefs\" \/>\n<meta property=\"og:description\" content=\"Les Biefs ist ein Teil des Dorfes Arfeuilles und befindet sich im Gebiet Aller in der Region Auvergne. Les Biefs... Weiter\" \/>\n<meta property=\"og:url\" content=\"https:\/\/www.lesbiefs.eu\/de\/omgeving\/\" \/>\n<meta property=\"og:site_name\" content=\"Aire les Biefs\" \/>\n<meta property=\"article:modified_time\" content=\"2013-12-29T09:43:38+00:00\" \/>\n<meta property=\"og:image\" content=\"http:\/\/www.airelesbiefs.com\/wp-content\/uploads\/2013\/11\/7001675.jpg\" \/>\n<meta name=\"twitter:label1\" content=\"Gesch\u00e4tzte Lesezeit\" \/>\n\t<meta name=\"twitter:data1\" content=\"1\u00a0Minute\" \/>\n<script type=\"application\/ld+json\" class=\"yoast-schema-graph\">{\"@context\":\"https:\/\/schema.org\",\"@graph\":[{\"@type\":\"WebPage\",\"@id\":\"https:\/\/www.lesbiefs.eu\/de\/omgeving\/\",\"url\":\"https:\/\/www.lesbiefs.eu\/de\/omgeving\/\",\"name\":\"Die Gegend - Aire les Biefs\",\"isPartOf\":{\"@id\":\"https:\/\/www.lesbiefs.eu\/#website\"},\"primaryImageOfPage\":{\"@id\":\"https:\/\/www.lesbiefs.eu\/de\/omgeving\/#primaryimage\"},\"image\":{\"@id\":\"https:\/\/www.lesbiefs.eu\/de\/omgeving\/#primaryimage\"},\"thumbnailUrl\":\"http:\/\/www.airelesbiefs.com\/wp-content\/uploads\/2013\/11\/7001675.jpg\",\"datePublished\":\"2013-11-22T13:18:55+00:00\",\"dateModified\":\"2013-12-29T09:43:38+00:00\",\"breadcrumb\":{\"@id\":\"https:\/\/www.lesbiefs.eu\/de\/omgeving\/#breadcrumb\"},\"inLanguage\":\"de\",\"potentialAction\":[{\"@type\":\"ReadAction\",\"target\":[\"https:\/\/www.lesbiefs.eu\/de\/omgeving\/\"]}]},{\"@type\":\"ImageObject\",\"inLanguage\":\"de\",\"@id\":\"https:\/\/www.lesbiefs.eu\/de\/omgeving\/#primaryimage\",\"url\":\"http:\/\/www.airelesbiefs.com\/wp-content\/uploads\/2013\/11\/7001675.jpg\",\"contentUrl\":\"http:\/\/www.airelesbiefs.com\/wp-content\/uploads\/2013\/11\/7001675.jpg\"},{\"@type\":\"BreadcrumbList\",\"@id\":\"https:\/\/www.lesbiefs.eu\/de\/omgeving\/#breadcrumb\",\"itemListElement\":[{\"@type\":\"ListItem\",\"position\":1,\"name\":\"Home\",\"item\":\"https:\/\/www.lesbiefs.eu\/\"},{\"@type\":\"ListItem\",\"position\":2,\"name\":\"Die Gegend\"}]},{\"@type\":\"WebSite\",\"@id\":\"https:\/\/www.lesbiefs.eu\/#website\",\"url\":\"https:\/\/www.lesbiefs.eu\/\",\"name\":\"Aire les Biefs\",\"description\":\"\",\"publisher\":{\"@id\":\"https:\/\/www.lesbiefs.eu\/#organization\"},\"potentialAction\":[{\"@type\":\"SearchAction\",\"target\":{\"@type\":\"EntryPoint\",\"urlTemplate\":\"https:\/\/www.lesbiefs.eu\/?s={search_term_string}\"},\"query-input\":{\"@type\":\"PropertyValueSpecification\",\"valueRequired\":true,\"valueName\":\"search_term_string\"}}],\"inLanguage\":\"de\"},{\"@type\":\"Organization\",\"@id\":\"https:\/\/www.lesbiefs.eu\/#organization\",\"name\":\"Aire les Biefs\",\"url\":\"https:\/\/www.lesbiefs.eu\/\",\"logo\":{\"@type\":\"ImageObject\",\"inLanguage\":\"de\",\"@id\":\"https:\/\/www.lesbiefs.eu\/#\/schema\/logo\/image\/\",\"url\":\"https:\/\/www.lesbiefs.eu\/2020\/wp-content\/uploads\/2015\/08\/ondertekening-Alb.jpg\",\"contentUrl\":\"https:\/\/www.lesbiefs.eu\/2020\/wp-content\/uploads\/2015\/08\/ondertekening-Alb.jpg\",\"width\":227,\"height\":181,\"caption\":\"Aire les Biefs\"},\"image\":{\"@id\":\"https:\/\/www.lesbiefs.eu\/#\/schema\/logo\/image\/\"}}]}<\/script>\n<!-- \/ Yoast SEO plugin. -->","yoast_head_json":{"title":"Die Gegend - Aire les Biefs","robots":{"index":"index","follow":"follow","max-snippet":"max-snippet:-1","max-image-preview":"max-image-preview:large","max-video-preview":"max-video-preview:-1"},"canonical":"https:\/\/www.lesbiefs.eu\/de\/omgeving\/","og_locale":"de_DE","og_type":"article","og_title":"Die Gegend - Aire les Biefs","og_description":"Les Biefs ist ein Teil des Dorfes Arfeuilles und befindet sich im Gebiet Aller in der Region Auvergne. Les Biefs... Weiter","og_url":"https:\/\/www.lesbiefs.eu\/de\/omgeving\/","og_site_name":"Aire les Biefs","article_modified_time":"2013-12-29T09:43:38+00:00","og_image":[{"url":"http:\/\/www.airelesbiefs.com\/wp-content\/uploads\/2013\/11\/7001675.jpg","type":"","width":"","height":""}],"twitter_misc":{"Gesch\u00e4tzte Lesezeit":"1\u00a0Minute"},"schema":{"@context":"https:\/\/schema.org","@graph":[{"@type":"WebPage","@id":"https:\/\/www.lesbiefs.eu\/de\/omgeving\/","url":"https:\/\/www.lesbiefs.eu\/de\/omgeving\/","name":"Die Gegend - Aire les Biefs","isPartOf":{"@id":"https:\/\/www.lesbiefs.eu\/#website"},"primaryImageOfPage":{"@id":"https:\/\/www.lesbiefs.eu\/de\/omgeving\/#primaryimage"},"image":{"@id":"https:\/\/www.lesbiefs.eu\/de\/omgeving\/#primaryimage"},"thumbnailUrl":"http:\/\/www.airelesbiefs.com\/wp-content\/uploads\/2013\/11\/7001675.jpg","datePublished":"2013-11-22T13:18:55+00:00","dateModified":"2013-12-29T09:43:38+00:00","breadcrumb":{"@id":"https:\/\/www.lesbiefs.eu\/de\/omgeving\/#breadcrumb"},"inLanguage":"de","potentialAction":[{"@type":"ReadAction","target":["https:\/\/www.lesbiefs.eu\/de\/omgeving\/"]}]},{"@type":"ImageObject","inLanguage":"de","@id":"https:\/\/www.lesbiefs.eu\/de\/omgeving\/#primaryimage","url":"http:\/\/www.airelesbiefs.com\/wp-content\/uploads\/2013\/11\/7001675.jpg","contentUrl":"http:\/\/www.airelesbiefs.com\/wp-content\/uploads\/2013\/11\/7001675.jpg"},{"@type":"BreadcrumbList","@id":"https:\/\/www.lesbiefs.eu\/de\/omgeving\/#breadcrumb","itemListElement":[{"@type":"ListItem","position":1,"name":"Home","item":"https:\/\/www.lesbiefs.eu\/"},{"@type":"ListItem","position":2,"name":"Die Gegend"}]},{"@type":"WebSite","@id":"https:\/\/www.lesbiefs.eu\/#website","url":"https:\/\/www.lesbiefs.eu\/","name":"Aire les Biefs","description":"","publisher":{"@id":"https:\/\/www.lesbiefs.eu\/#organization"},"potentialAction":[{"@type":"SearchAction","target":{"@type":"EntryPoint","urlTemplate":"https:\/\/www.lesbiefs.eu\/?s={search_term_string}"},"query-input":{"@type":"PropertyValueSpecification","valueRequired":true,"valueName":"search_term_string"}}],"inLanguage":"de"},{"@type":"Organization","@id":"https:\/\/www.lesbiefs.eu\/#organization","name":"Aire les Biefs","url":"https:\/\/www.lesbiefs.eu\/","logo":{"@type":"ImageObject","inLanguage":"de","@id":"https:\/\/www.lesbiefs.eu\/#\/schema\/logo\/image\/","url":"https:\/\/www.lesbiefs.eu\/2020\/wp-content\/uploads\/2015\/08\/ondertekening-Alb.jpg","contentUrl":"https:\/\/www.lesbiefs.eu\/2020\/wp-content\/uploads\/2015\/08\/ondertekening-Alb.jpg","width":227,"height":181,"caption":"Aire les Biefs"},"image":{"@id":"https:\/\/www.lesbiefs.eu\/#\/schema\/logo\/image\/"}}]}},"_links":{"self":[{"href":"https:\/\/www.lesbiefs.eu\/de\/wp-json\/wp\/v2\/pages\/81","targetHints":{"allow":["GET"]}}],"collection":[{"href":"https:\/\/www.lesbiefs.eu\/de\/wp-json\/wp\/v2\/pages"}],"about":[{"href":"https:\/\/www.lesbiefs.eu\/de\/wp-json\/wp\/v2\/types\/page"}],"author":[{"embeddable":true,"href":"https:\/\/www.lesbiefs.eu\/de\/wp-json\/wp\/v2\/users\/1"}],"replies":[{"embeddable":true,"href":"https:\/\/www.lesbiefs.eu\/de\/wp-json\/wp\/v2\/comments?post=81"}],"version-history":[{"count":14,"href":"https:\/\/www.lesbiefs.eu\/de\/wp-json\/wp\/v2\/pages\/81\/revisions"}],"predecessor-version":[{"id":807,"href":"https:\/\/www.lesbiefs.eu\/de\/wp-json\/wp\/v2\/pages\/81\/revisions\/807"}],"wp:attachment":[{"href":"https:\/\/www.lesbiefs.eu\/de\/wp-json\/wp\/v2\/media?parent=81"}],"curies":[{"name":"wp","href":"https:\/\/api.w.org\/{rel}","templated":true}]}}