{"id":550,"date":"2013-12-09T16:03:10","date_gmt":"2013-12-09T15:03:10","guid":{"rendered":"http:\/\/www.airelesbiefs.com\/?page_id=550"},"modified":"2023-01-20T14:54:52","modified_gmt":"2023-01-20T13:54:52","slug":"gite-le-chalet","status":"publish","type":"page","link":"https:\/\/www.lesbiefs.eu\/de\/gite-le-chalet\/","title":{"rendered":"G\u00eete Les Papillons"},"content":{"rendered":"\n<h4 class=\"has-text-align-center wp-block-heading\">Komfortables Ferienhaus 1-4 Personen &#8211; Wohnzimmer &#8211; Badezimmer &#8211; offene K\u00fcche &#8211; 2 Schlafzimmer &#8211; Hunde erlaubt<\/h4>\n\n\n\n<figure class=\"wp-block-image size-large\"><img loading=\"lazy\" decoding=\"async\" width=\"1024\" height=\"687\" src=\"https:\/\/www.lesbiefs.eu\/2020\/wp-content\/uploads\/2020\/04\/IMG_9887-1024x687.jpg\" alt=\"\" class=\"wp-image-3957\" srcset=\"https:\/\/www.lesbiefs.eu\/2020\/wp-content\/uploads\/2020\/04\/IMG_9887-1024x687.jpg 1024w, https:\/\/www.lesbiefs.eu\/2020\/wp-content\/uploads\/2020\/04\/IMG_9887-300x201.jpg 300w, https:\/\/www.lesbiefs.eu\/2020\/wp-content\/uploads\/2020\/04\/IMG_9887-768x515.jpg 768w, https:\/\/www.lesbiefs.eu\/2020\/wp-content\/uploads\/2020\/04\/IMG_9887-1536x1030.jpg 1536w, https:\/\/www.lesbiefs.eu\/2020\/wp-content\/uploads\/2020\/04\/IMG_9887-2048x1373.jpg 2048w, https:\/\/www.lesbiefs.eu\/2020\/wp-content\/uploads\/2020\/04\/IMG_9887-149x100.jpg 149w, https:\/\/www.lesbiefs.eu\/2020\/wp-content\/uploads\/2020\/04\/IMG_9887-150x101.jpg 150w\" sizes=\"auto, (max-width: 1024px) 100vw, 1024px\" \/><\/figure>\n\n\n\n<p>Auf der R\u00fcckseite des Hauses, mit Blick auf die H\u00fcgel und \u00fcber unseren Garten, befindet sich ein Ferienhaus mit zwei Schlafzimmern f\u00fcr bis zu vier Personen. Ein Schlafzimmer hat ein Doppelbett, das andere Schlafzimmer hat zwei Einzelbetten, die auch zu einem Doppelbett kombiniert werden k\u00f6nnen.<\/p>\n\n\n\n<p>Zur Zeit der Ferienkolonie gab es hier einen Aufenthaltsraum, in dem Kinder Tischtennis spielen, spielen und basteln konnten. Auf den Fundamenten des Geb\u00e4udes wurden 2010 ein komplett neues Steinhaus und ein Abstellraum \/ eine Garage f\u00fcr uns realisiert. Im Haus haben Sie Zugang zu einem Wohnzimmer mit offener K\u00fcche, zwei Schlafzimmern und einem Badezimmer mit Dusche, Waschbecken und Toilette.<\/p>\n\n\n\n<p>Sie k\u00f6nnen Ihre eigenen Mahlzeiten in der Unterkunft zubereiten, aber Sie k\u00f6nnen auch eine Reservierung vornehmen, um am Table d\u00b4h\u00f4tes (Abendessen) teilzunehmen. Das Ferienhaus verf\u00fcgt \u00fcber eine offene K\u00fcche mit Gasherd, Backofen, Dunstabzugshaube, ger\u00e4umigem K\u00fchlschrank mit gro\u00dfem Gefrierfach und Mikrowelle. Dar\u00fcber hinaus finden Sie nat\u00fcrlich die notwendigen K\u00fcchenutensilien, ausreichend Geschirr, Kaffeemaschine, Wasserkocher usw. Im Wohnzimmer finden Sie einen Holzofen, ein Doppelsofa, separate Sessel und einen Esstisch. Das Hotel verf\u00fcgt auch \u00fcber einen Fernseher mit Satellitenempfang und niederl\u00e4ndischen und Internationale Kan\u00e4len, einen DVD-Player und eine Stereoanlage.<\/p>\n\n\n\n<p>Direkt an der Unterkunft haben Sie einen privaten Platz mit Gartenm\u00f6beln und einem kleinen Grill mit Blick auf die Berge und unseren Garten. Seit 2012 gibt es auch einen gem\u00fctlichen Holzpavillon, in dem Sie vor der Sonne gesch\u00fctzt sitzen k\u00f6nnen. Nat\u00fcrlich k\u00f6nnen die G\u00e4ste der Unterkunft auch den Pool und andere Einrichtungen im gro\u00dfen Haus nutzen.<\/p>\n\n\n\n<p class=\"has-text-align-center has-very-light-gray-color has-vivid-red-background-color has-text-color has-background\">Preis pro Woche:<br>1 &#8211; 4 Personen \u20ac 670,-<br>\u20ac 110,-  pro Tag (mindestens 4 N\u00e4chte)<\/p>\n\n\n<p style=\"text-align: center;\"><strong>Verf\u00fcgbarkeit:<br><\/strong><br><iframe loading=\"lazy\" width=\"320\" height=\"240\" src=\"https:\/\/www.gites.nl\/tehuur\/8608\/embed\" style=\"width: 700px; height: 340px;\"><\/iframe><\/p>\n\n\n<p class=\"MsoNormal\"> <span style=\"mso-spacerun: yes;\">    <\/span><span style=\"background: lime; mso-highlight: lime;\">31<\/span> Verf\u00fcgbar <span style=\"mso-spacerun: yes;\">    <\/span><span style=\"background: yellow; mso-highlight: yellow;\">31<\/span> letzte Minute <span style=\"mso-spacerun: yes;\">    <\/span><del><span style=\"background: silver; mso-highlight: silver;\">31<\/span><\/del> nicht verf\u00fcgbar \/ reserviert <span style=\"mso-spacerun: yes;\"> <\/span><\/p>\n\n\n\n<p class=\"has-text-align-center has-very-light-gray-color has-vivid-red-background-color has-text-color has-background\">M\u00f6chten Sie eine Reservierung vornehmen? Klicken Sie <strong><a href=\"https:\/\/www.lesbiefs.eu\/2020\/de\/reservierung\/\">hier<\/a><\/strong><\/p>\n","protected":false},"excerpt":{"rendered":"<p>Komfortables Ferienhaus 1-4 Personen &#8211; Wohnzimmer &#8211; Badezimmer &#8211; offene K\u00fcche &#8211; 2 Schlafzimmer &#8211; Hunde erlaubt Auf der R\u00fcckseite&#8230;<\/p>\n<p class=\"continue-reading-button\"> <a class=\"continue-reading-link\" href=\"https:\/\/www.lesbiefs.eu\/de\/gite-le-chalet\/\">Weiter<i class=\"crycon-right-dir\"><\/i><\/a><\/p>\n","protected":false},"author":1,"featured_media":0,"parent":0,"menu_order":0,"comment_status":"closed","ping_status":"closed","template":"","meta":{"footnotes":""},"class_list":["post-550","page","type-page","status-publish","hentry"],"yoast_head":"<!-- This site is optimized with the Yoast SEO plugin v26.9 - https:\/\/yoast.com\/product\/yoast-seo-wordpress\/ -->\n<title>G\u00eete Les Papillons - Aire les Biefs<\/title>\n<meta name=\"robots\" content=\"index, follow, max-snippet:-1, max-image-preview:large, max-video-preview:-1\" \/>\n<link rel=\"canonical\" href=\"https:\/\/www.lesbiefs.eu\/de\/gite-le-chalet\/\" \/>\n<meta property=\"og:locale\" content=\"de_DE\" \/>\n<meta property=\"og:type\" content=\"article\" \/>\n<meta property=\"og:title\" content=\"G\u00eete Les Papillons - Aire les Biefs\" \/>\n<meta property=\"og:description\" content=\"Komfortables Ferienhaus 1-4 Personen &#8211; Wohnzimmer &#8211; Badezimmer &#8211; offene K\u00fcche &#8211; 2 Schlafzimmer &#8211; Hunde erlaubt Auf der R\u00fcckseite... Weiter\" \/>\n<meta property=\"og:url\" content=\"https:\/\/www.lesbiefs.eu\/de\/gite-le-chalet\/\" \/>\n<meta property=\"og:site_name\" content=\"Aire les Biefs\" \/>\n<meta property=\"article:modified_time\" content=\"2023-01-20T13:54:52+00:00\" \/>\n<meta property=\"og:image\" content=\"https:\/\/www.lesbiefs.eu\/2020\/wp-content\/uploads\/2020\/04\/IMG_9887-1024x687.jpg\" \/>\n<meta name=\"twitter:label1\" content=\"Gesch\u00e4tzte Lesezeit\" \/>\n\t<meta name=\"twitter:data1\" content=\"2\u00a0Minuten\" \/>\n<script type=\"application\/ld+json\" class=\"yoast-schema-graph\">{\"@context\":\"https:\/\/schema.org\",\"@graph\":[{\"@type\":\"WebPage\",\"@id\":\"https:\/\/www.lesbiefs.eu\/de\/gite-le-chalet\/\",\"url\":\"https:\/\/www.lesbiefs.eu\/de\/gite-le-chalet\/\",\"name\":\"G\u00eete Les Papillons - Aire les Biefs\",\"isPartOf\":{\"@id\":\"https:\/\/www.lesbiefs.eu\/#website\"},\"primaryImageOfPage\":{\"@id\":\"https:\/\/www.lesbiefs.eu\/de\/gite-le-chalet\/#primaryimage\"},\"image\":{\"@id\":\"https:\/\/www.lesbiefs.eu\/de\/gite-le-chalet\/#primaryimage\"},\"thumbnailUrl\":\"https:\/\/www.lesbiefs.eu\/2020\/wp-content\/uploads\/2020\/04\/IMG_9887-1024x687.jpg\",\"datePublished\":\"2013-12-09T15:03:10+00:00\",\"dateModified\":\"2023-01-20T13:54:52+00:00\",\"breadcrumb\":{\"@id\":\"https:\/\/www.lesbiefs.eu\/de\/gite-le-chalet\/#breadcrumb\"},\"inLanguage\":\"de\",\"potentialAction\":[{\"@type\":\"ReadAction\",\"target\":[\"https:\/\/www.lesbiefs.eu\/de\/gite-le-chalet\/\"]}]},{\"@type\":\"ImageObject\",\"inLanguage\":\"de\",\"@id\":\"https:\/\/www.lesbiefs.eu\/de\/gite-le-chalet\/#primaryimage\",\"url\":\"https:\/\/www.lesbiefs.eu\/2020\/wp-content\/uploads\/2020\/04\/IMG_9887-1024x687.jpg\",\"contentUrl\":\"https:\/\/www.lesbiefs.eu\/2020\/wp-content\/uploads\/2020\/04\/IMG_9887-1024x687.jpg\"},{\"@type\":\"BreadcrumbList\",\"@id\":\"https:\/\/www.lesbiefs.eu\/de\/gite-le-chalet\/#breadcrumb\",\"itemListElement\":[{\"@type\":\"ListItem\",\"position\":1,\"name\":\"Home\",\"item\":\"https:\/\/www.lesbiefs.eu\/\"},{\"@type\":\"ListItem\",\"position\":2,\"name\":\"G\u00eete Les Papillons\"}]},{\"@type\":\"WebSite\",\"@id\":\"https:\/\/www.lesbiefs.eu\/#website\",\"url\":\"https:\/\/www.lesbiefs.eu\/\",\"name\":\"Aire les Biefs\",\"description\":\"\",\"publisher\":{\"@id\":\"https:\/\/www.lesbiefs.eu\/#organization\"},\"potentialAction\":[{\"@type\":\"SearchAction\",\"target\":{\"@type\":\"EntryPoint\",\"urlTemplate\":\"https:\/\/www.lesbiefs.eu\/?s={search_term_string}\"},\"query-input\":{\"@type\":\"PropertyValueSpecification\",\"valueRequired\":true,\"valueName\":\"search_term_string\"}}],\"inLanguage\":\"de\"},{\"@type\":\"Organization\",\"@id\":\"https:\/\/www.lesbiefs.eu\/#organization\",\"name\":\"Aire les Biefs\",\"url\":\"https:\/\/www.lesbiefs.eu\/\",\"logo\":{\"@type\":\"ImageObject\",\"inLanguage\":\"de\",\"@id\":\"https:\/\/www.lesbiefs.eu\/#\/schema\/logo\/image\/\",\"url\":\"https:\/\/www.lesbiefs.eu\/2020\/wp-content\/uploads\/2015\/08\/ondertekening-Alb.jpg\",\"contentUrl\":\"https:\/\/www.lesbiefs.eu\/2020\/wp-content\/uploads\/2015\/08\/ondertekening-Alb.jpg\",\"width\":227,\"height\":181,\"caption\":\"Aire les Biefs\"},\"image\":{\"@id\":\"https:\/\/www.lesbiefs.eu\/#\/schema\/logo\/image\/\"}}]}<\/script>\n<!-- \/ Yoast SEO plugin. -->","yoast_head_json":{"title":"G\u00eete Les Papillons - Aire les Biefs","robots":{"index":"index","follow":"follow","max-snippet":"max-snippet:-1","max-image-preview":"max-image-preview:large","max-video-preview":"max-video-preview:-1"},"canonical":"https:\/\/www.lesbiefs.eu\/de\/gite-le-chalet\/","og_locale":"de_DE","og_type":"article","og_title":"G\u00eete Les Papillons - Aire les Biefs","og_description":"Komfortables Ferienhaus 1-4 Personen &#8211; Wohnzimmer &#8211; Badezimmer &#8211; offene K\u00fcche &#8211; 2 Schlafzimmer &#8211; Hunde erlaubt Auf der R\u00fcckseite... Weiter","og_url":"https:\/\/www.lesbiefs.eu\/de\/gite-le-chalet\/","og_site_name":"Aire les Biefs","article_modified_time":"2023-01-20T13:54:52+00:00","og_image":[{"url":"https:\/\/www.lesbiefs.eu\/2020\/wp-content\/uploads\/2020\/04\/IMG_9887-1024x687.jpg","type":"","width":"","height":""}],"twitter_misc":{"Gesch\u00e4tzte Lesezeit":"2\u00a0Minuten"},"schema":{"@context":"https:\/\/schema.org","@graph":[{"@type":"WebPage","@id":"https:\/\/www.lesbiefs.eu\/de\/gite-le-chalet\/","url":"https:\/\/www.lesbiefs.eu\/de\/gite-le-chalet\/","name":"G\u00eete Les Papillons - Aire les Biefs","isPartOf":{"@id":"https:\/\/www.lesbiefs.eu\/#website"},"primaryImageOfPage":{"@id":"https:\/\/www.lesbiefs.eu\/de\/gite-le-chalet\/#primaryimage"},"image":{"@id":"https:\/\/www.lesbiefs.eu\/de\/gite-le-chalet\/#primaryimage"},"thumbnailUrl":"https:\/\/www.lesbiefs.eu\/2020\/wp-content\/uploads\/2020\/04\/IMG_9887-1024x687.jpg","datePublished":"2013-12-09T15:03:10+00:00","dateModified":"2023-01-20T13:54:52+00:00","breadcrumb":{"@id":"https:\/\/www.lesbiefs.eu\/de\/gite-le-chalet\/#breadcrumb"},"inLanguage":"de","potentialAction":[{"@type":"ReadAction","target":["https:\/\/www.lesbiefs.eu\/de\/gite-le-chalet\/"]}]},{"@type":"ImageObject","inLanguage":"de","@id":"https:\/\/www.lesbiefs.eu\/de\/gite-le-chalet\/#primaryimage","url":"https:\/\/www.lesbiefs.eu\/2020\/wp-content\/uploads\/2020\/04\/IMG_9887-1024x687.jpg","contentUrl":"https:\/\/www.lesbiefs.eu\/2020\/wp-content\/uploads\/2020\/04\/IMG_9887-1024x687.jpg"},{"@type":"BreadcrumbList","@id":"https:\/\/www.lesbiefs.eu\/de\/gite-le-chalet\/#breadcrumb","itemListElement":[{"@type":"ListItem","position":1,"name":"Home","item":"https:\/\/www.lesbiefs.eu\/"},{"@type":"ListItem","position":2,"name":"G\u00eete Les Papillons"}]},{"@type":"WebSite","@id":"https:\/\/www.lesbiefs.eu\/#website","url":"https:\/\/www.lesbiefs.eu\/","name":"Aire les Biefs","description":"","publisher":{"@id":"https:\/\/www.lesbiefs.eu\/#organization"},"potentialAction":[{"@type":"SearchAction","target":{"@type":"EntryPoint","urlTemplate":"https:\/\/www.lesbiefs.eu\/?s={search_term_string}"},"query-input":{"@type":"PropertyValueSpecification","valueRequired":true,"valueName":"search_term_string"}}],"inLanguage":"de"},{"@type":"Organization","@id":"https:\/\/www.lesbiefs.eu\/#organization","name":"Aire les Biefs","url":"https:\/\/www.lesbiefs.eu\/","logo":{"@type":"ImageObject","inLanguage":"de","@id":"https:\/\/www.lesbiefs.eu\/#\/schema\/logo\/image\/","url":"https:\/\/www.lesbiefs.eu\/2020\/wp-content\/uploads\/2015\/08\/ondertekening-Alb.jpg","contentUrl":"https:\/\/www.lesbiefs.eu\/2020\/wp-content\/uploads\/2015\/08\/ondertekening-Alb.jpg","width":227,"height":181,"caption":"Aire les Biefs"},"image":{"@id":"https:\/\/www.lesbiefs.eu\/#\/schema\/logo\/image\/"}}]}},"_links":{"self":[{"href":"https:\/\/www.lesbiefs.eu\/de\/wp-json\/wp\/v2\/pages\/550","targetHints":{"allow":["GET"]}}],"collection":[{"href":"https:\/\/www.lesbiefs.eu\/de\/wp-json\/wp\/v2\/pages"}],"about":[{"href":"https:\/\/www.lesbiefs.eu\/de\/wp-json\/wp\/v2\/types\/page"}],"author":[{"embeddable":true,"href":"https:\/\/www.lesbiefs.eu\/de\/wp-json\/wp\/v2\/users\/1"}],"replies":[{"embeddable":true,"href":"https:\/\/www.lesbiefs.eu\/de\/wp-json\/wp\/v2\/comments?post=550"}],"version-history":[{"count":10,"href":"https:\/\/www.lesbiefs.eu\/de\/wp-json\/wp\/v2\/pages\/550\/revisions"}],"predecessor-version":[{"id":6213,"href":"https:\/\/www.lesbiefs.eu\/de\/wp-json\/wp\/v2\/pages\/550\/revisions\/6213"}],"wp:attachment":[{"href":"https:\/\/www.lesbiefs.eu\/de\/wp-json\/wp\/v2\/media?parent=550"}],"curies":[{"name":"wp","href":"https:\/\/api.w.org\/{rel}","templated":true}]}}