{"id":544,"date":"2013-12-09T16:01:47","date_gmt":"2013-12-09T15:01:47","guid":{"rendered":"http:\/\/www.airelesbiefs.com\/?page_id=544"},"modified":"2023-01-20T14:46:10","modified_gmt":"2023-01-20T13:46:10","slug":"gite-lancienne-infirmerie","status":"publish","type":"page","link":"https:\/\/www.lesbiefs.eu\/de\/gite-lancienne-infirmerie\/","title":{"rendered":"G\u00eete l\u2019Ancienne Infirmerie"},"content":{"rendered":"\n<h4 class=\"has-text-align-center wp-block-heading\">Komfortables Ferienhaus f\u00fcr bis zu 2 Personen &#8211; Wohnzimmer &#8211; Badezimmer &#8211; offene K\u00fcche &#8211; 1 Schlafzimmer &#8211; Hunde erlaubt<\/h4>\n\n\n\n<figure class=\"wp-block-image size-large\"><img loading=\"lazy\" decoding=\"async\" width=\"1024\" height=\"700\" src=\"https:\/\/www.lesbiefs.eu\/2020\/wp-content\/uploads\/2020\/04\/IMG_9896-1024x700.jpg\" alt=\"\" class=\"wp-image-3937\" srcset=\"https:\/\/www.lesbiefs.eu\/2020\/wp-content\/uploads\/2020\/04\/IMG_9896-1024x700.jpg 1024w, https:\/\/www.lesbiefs.eu\/2020\/wp-content\/uploads\/2020\/04\/IMG_9896-300x205.jpg 300w, https:\/\/www.lesbiefs.eu\/2020\/wp-content\/uploads\/2020\/04\/IMG_9896-768x525.jpg 768w, https:\/\/www.lesbiefs.eu\/2020\/wp-content\/uploads\/2020\/04\/IMG_9896-1536x1050.jpg 1536w, https:\/\/www.lesbiefs.eu\/2020\/wp-content\/uploads\/2020\/04\/IMG_9896-2048x1401.jpg 2048w, https:\/\/www.lesbiefs.eu\/2020\/wp-content\/uploads\/2020\/04\/IMG_9896-146x100.jpg 146w, https:\/\/www.lesbiefs.eu\/2020\/wp-content\/uploads\/2020\/04\/IMG_9896-150x103.jpg 150w\" sizes=\"auto, (max-width: 1024px) 100vw, 1024px\" \/><\/figure>\n\n\n\n<p>Unsere Ferienwohnung f\u00fcr 2 Personen befindet sich gegen\u00fcber dem Haus. In den Tagen der Ferienkolonie wurde dieses Geb\u00e4ude als Krankenstation (Infirmerie auf Franz\u00f6sisch) f\u00fcr die Kinder genutzt.<br><br>Die freistehende Wohnung wurde 2012 komplett renoviert. Es ist mit einem neuen Ziegeldach, Innenw\u00e4nden, Decken, doppelt verglasten Fenstern ausgestattet und vollst\u00e4ndig isoliert. Es gibt auch eine ger\u00e4umige K\u00fcche und ein komplett neues Badezimmer mit ebenerdiger Dusche.Sie k\u00f6nnen hier in der offenen K\u00fcche Ihre eigenen Mahlzeiten zubereiten, aber Sie k\u00f6nnen auch reservieren, um am Table d\u00b4h\u00f4tes (Abendessen) teilzunehmen. Die Wohnung verf\u00fcgt \u00fcber eine gro\u00dfe Eckk\u00fcche mit Herd, Backofen und Dunstabzugshaube. Dar\u00fcber hinaus finden Sie nat\u00fcrlich die notwendigen K\u00fcchenutensilien, ausreichend Geschirr, Kaffeemaschine, Wasserkocher und Mikrowelle.<br><br>Im Wohnzimmer finden Sie einen Pelletofen, ein Doppelsofa, einen separaten Sessel und einen Esstisch. Das G\u00eete verf\u00fcgt auch \u00fcber einen Fernseher mit Satellitenempfang und unter anderem \u00fcber niederl\u00e4ndische Kan\u00e4le, einen DVD-Player und eine Stereoanlage.Das Schlafzimmer hat ein Doppelbett (160&#215;200) und einen Kleiderschrank.<\/p>\n\n\n\n<p>Neben dem Schlafzimmer befindet sich das Badezimmer mit Toilette, ebenerdiger Dusche und Waschbecken.<br><br>Sie haben eine eigene Terrasse an der Seite der Unterkunft mit einem Garten und einem Grill. Vom Sitzbereich aus k\u00f6nnen Sie durch die Schiebet\u00fcren direkt auf die erh\u00f6hte und \u00fcberdachte Holzterrasse mit Blick auf die Berge und die Weide der Nachbarn gehen. Neben der Terrasse und vorne haben Sie auch einen gesch\u00fctzten Sitzplatz.Nat\u00fcrlich k\u00f6nnen die G\u00e4ste der Unterkunft auch den Pool und andere Einrichtungen im gro\u00dfen Haus nutzen.<\/p>\n\n\n\n<p class=\"has-text-align-center has-very-light-gray-color has-vivid-red-background-color has-text-color has-background\">Preis pro Woche:<br>1 oder 2 Personen \u20ac 570, &#8211;<\/p>\n\n\n<p style=\"text-align: center;\"><strong><br>Verf\u00fcgbarkeit:<\/strong><br><iframe loading=\"lazy\" width=\"320\" height=\"240\" src=\"https:\/\/www.gites.nl\/tehuur\/8603\/embed\" style=\"width: 700px; height: 340px;\"><\/iframe><\/p>\n<p><\/p>\n\n\n<p class=\"MsoNormal\"> <span style=\"mso-spacerun: yes;\">    <\/span><span style=\"background: lime; mso-highlight: lime;\">31<\/span> Verf\u00fcgbar <span style=\"mso-spacerun: yes;\">    <\/span><span style=\"background: yellow; mso-highlight: yellow;\">31<\/span> letzte Minute <span style=\"mso-spacerun: yes;\">    <\/span><del><span style=\"background: silver; mso-highlight: silver;\">31<\/span><\/del> nicht verf\u00fcgbar \/ reserviert <span style=\"mso-spacerun: yes;\"> <\/span><\/p>\n\n\n\n<p class=\"has-text-align-center has-very-light-gray-color has-vivid-red-background-color has-text-color has-background\">M\u00f6chten Sie eine Reservierung vornehmen? Klicken Sie <a href=\"https:\/\/www.lesbiefs.eu\/2020\/de\/reservierung\/\">hier<\/a><\/p>\n","protected":false},"excerpt":{"rendered":"<p>Komfortables Ferienhaus f\u00fcr bis zu 2 Personen &#8211; Wohnzimmer &#8211; Badezimmer &#8211; offene K\u00fcche &#8211; 1 Schlafzimmer &#8211; Hunde erlaubt&#8230;<\/p>\n<p class=\"continue-reading-button\"> <a class=\"continue-reading-link\" href=\"https:\/\/www.lesbiefs.eu\/de\/gite-lancienne-infirmerie\/\">Weiter<i class=\"crycon-right-dir\"><\/i><\/a><\/p>\n","protected":false},"author":1,"featured_media":0,"parent":0,"menu_order":0,"comment_status":"closed","ping_status":"closed","template":"","meta":{"footnotes":""},"class_list":["post-544","page","type-page","status-publish","hentry"],"yoast_head":"<!-- This site is optimized with the Yoast SEO plugin v26.9 - https:\/\/yoast.com\/product\/yoast-seo-wordpress\/ -->\n<title>G\u00eete l\u2019Ancienne Infirmerie - Aire les Biefs<\/title>\n<meta name=\"robots\" content=\"index, follow, max-snippet:-1, max-image-preview:large, max-video-preview:-1\" \/>\n<link rel=\"canonical\" href=\"https:\/\/www.lesbiefs.eu\/de\/gite-lancienne-infirmerie\/\" \/>\n<meta property=\"og:locale\" content=\"de_DE\" \/>\n<meta property=\"og:type\" content=\"article\" \/>\n<meta property=\"og:title\" content=\"G\u00eete l\u2019Ancienne Infirmerie - Aire les Biefs\" \/>\n<meta property=\"og:description\" content=\"Komfortables Ferienhaus f\u00fcr bis zu 2 Personen &#8211; Wohnzimmer &#8211; Badezimmer &#8211; offene K\u00fcche &#8211; 1 Schlafzimmer &#8211; Hunde erlaubt... Weiter\" \/>\n<meta property=\"og:url\" content=\"https:\/\/www.lesbiefs.eu\/de\/gite-lancienne-infirmerie\/\" \/>\n<meta property=\"og:site_name\" content=\"Aire les Biefs\" \/>\n<meta property=\"article:modified_time\" content=\"2023-01-20T13:46:10+00:00\" \/>\n<meta property=\"og:image\" content=\"https:\/\/www.lesbiefs.eu\/2020\/wp-content\/uploads\/2020\/04\/IMG_9896-1024x700.jpg\" \/>\n<meta name=\"twitter:label1\" content=\"Gesch\u00e4tzte Lesezeit\" \/>\n\t<meta name=\"twitter:data1\" content=\"2\u00a0Minuten\" \/>\n<script type=\"application\/ld+json\" class=\"yoast-schema-graph\">{\"@context\":\"https:\/\/schema.org\",\"@graph\":[{\"@type\":\"WebPage\",\"@id\":\"https:\/\/www.lesbiefs.eu\/de\/gite-lancienne-infirmerie\/\",\"url\":\"https:\/\/www.lesbiefs.eu\/de\/gite-lancienne-infirmerie\/\",\"name\":\"G\u00eete l\u2019Ancienne Infirmerie - Aire les Biefs\",\"isPartOf\":{\"@id\":\"https:\/\/www.lesbiefs.eu\/#website\"},\"primaryImageOfPage\":{\"@id\":\"https:\/\/www.lesbiefs.eu\/de\/gite-lancienne-infirmerie\/#primaryimage\"},\"image\":{\"@id\":\"https:\/\/www.lesbiefs.eu\/de\/gite-lancienne-infirmerie\/#primaryimage\"},\"thumbnailUrl\":\"https:\/\/www.lesbiefs.eu\/2020\/wp-content\/uploads\/2020\/04\/IMG_9896-1024x700.jpg\",\"datePublished\":\"2013-12-09T15:01:47+00:00\",\"dateModified\":\"2023-01-20T13:46:10+00:00\",\"breadcrumb\":{\"@id\":\"https:\/\/www.lesbiefs.eu\/de\/gite-lancienne-infirmerie\/#breadcrumb\"},\"inLanguage\":\"de\",\"potentialAction\":[{\"@type\":\"ReadAction\",\"target\":[\"https:\/\/www.lesbiefs.eu\/de\/gite-lancienne-infirmerie\/\"]}]},{\"@type\":\"ImageObject\",\"inLanguage\":\"de\",\"@id\":\"https:\/\/www.lesbiefs.eu\/de\/gite-lancienne-infirmerie\/#primaryimage\",\"url\":\"https:\/\/www.lesbiefs.eu\/2020\/wp-content\/uploads\/2020\/04\/IMG_9896-1024x700.jpg\",\"contentUrl\":\"https:\/\/www.lesbiefs.eu\/2020\/wp-content\/uploads\/2020\/04\/IMG_9896-1024x700.jpg\"},{\"@type\":\"BreadcrumbList\",\"@id\":\"https:\/\/www.lesbiefs.eu\/de\/gite-lancienne-infirmerie\/#breadcrumb\",\"itemListElement\":[{\"@type\":\"ListItem\",\"position\":1,\"name\":\"Home\",\"item\":\"https:\/\/www.lesbiefs.eu\/\"},{\"@type\":\"ListItem\",\"position\":2,\"name\":\"G\u00eete l\u2019Ancienne Infirmerie\"}]},{\"@type\":\"WebSite\",\"@id\":\"https:\/\/www.lesbiefs.eu\/#website\",\"url\":\"https:\/\/www.lesbiefs.eu\/\",\"name\":\"Aire les Biefs\",\"description\":\"\",\"publisher\":{\"@id\":\"https:\/\/www.lesbiefs.eu\/#organization\"},\"potentialAction\":[{\"@type\":\"SearchAction\",\"target\":{\"@type\":\"EntryPoint\",\"urlTemplate\":\"https:\/\/www.lesbiefs.eu\/?s={search_term_string}\"},\"query-input\":{\"@type\":\"PropertyValueSpecification\",\"valueRequired\":true,\"valueName\":\"search_term_string\"}}],\"inLanguage\":\"de\"},{\"@type\":\"Organization\",\"@id\":\"https:\/\/www.lesbiefs.eu\/#organization\",\"name\":\"Aire les Biefs\",\"url\":\"https:\/\/www.lesbiefs.eu\/\",\"logo\":{\"@type\":\"ImageObject\",\"inLanguage\":\"de\",\"@id\":\"https:\/\/www.lesbiefs.eu\/#\/schema\/logo\/image\/\",\"url\":\"https:\/\/www.lesbiefs.eu\/2020\/wp-content\/uploads\/2015\/08\/ondertekening-Alb.jpg\",\"contentUrl\":\"https:\/\/www.lesbiefs.eu\/2020\/wp-content\/uploads\/2015\/08\/ondertekening-Alb.jpg\",\"width\":227,\"height\":181,\"caption\":\"Aire les Biefs\"},\"image\":{\"@id\":\"https:\/\/www.lesbiefs.eu\/#\/schema\/logo\/image\/\"}}]}<\/script>\n<!-- \/ Yoast SEO plugin. -->","yoast_head_json":{"title":"G\u00eete l\u2019Ancienne Infirmerie - Aire les Biefs","robots":{"index":"index","follow":"follow","max-snippet":"max-snippet:-1","max-image-preview":"max-image-preview:large","max-video-preview":"max-video-preview:-1"},"canonical":"https:\/\/www.lesbiefs.eu\/de\/gite-lancienne-infirmerie\/","og_locale":"de_DE","og_type":"article","og_title":"G\u00eete l\u2019Ancienne Infirmerie - Aire les Biefs","og_description":"Komfortables Ferienhaus f\u00fcr bis zu 2 Personen &#8211; Wohnzimmer &#8211; Badezimmer &#8211; offene K\u00fcche &#8211; 1 Schlafzimmer &#8211; Hunde erlaubt... Weiter","og_url":"https:\/\/www.lesbiefs.eu\/de\/gite-lancienne-infirmerie\/","og_site_name":"Aire les Biefs","article_modified_time":"2023-01-20T13:46:10+00:00","og_image":[{"url":"https:\/\/www.lesbiefs.eu\/2020\/wp-content\/uploads\/2020\/04\/IMG_9896-1024x700.jpg","type":"","width":"","height":""}],"twitter_misc":{"Gesch\u00e4tzte Lesezeit":"2\u00a0Minuten"},"schema":{"@context":"https:\/\/schema.org","@graph":[{"@type":"WebPage","@id":"https:\/\/www.lesbiefs.eu\/de\/gite-lancienne-infirmerie\/","url":"https:\/\/www.lesbiefs.eu\/de\/gite-lancienne-infirmerie\/","name":"G\u00eete l\u2019Ancienne Infirmerie - Aire les Biefs","isPartOf":{"@id":"https:\/\/www.lesbiefs.eu\/#website"},"primaryImageOfPage":{"@id":"https:\/\/www.lesbiefs.eu\/de\/gite-lancienne-infirmerie\/#primaryimage"},"image":{"@id":"https:\/\/www.lesbiefs.eu\/de\/gite-lancienne-infirmerie\/#primaryimage"},"thumbnailUrl":"https:\/\/www.lesbiefs.eu\/2020\/wp-content\/uploads\/2020\/04\/IMG_9896-1024x700.jpg","datePublished":"2013-12-09T15:01:47+00:00","dateModified":"2023-01-20T13:46:10+00:00","breadcrumb":{"@id":"https:\/\/www.lesbiefs.eu\/de\/gite-lancienne-infirmerie\/#breadcrumb"},"inLanguage":"de","potentialAction":[{"@type":"ReadAction","target":["https:\/\/www.lesbiefs.eu\/de\/gite-lancienne-infirmerie\/"]}]},{"@type":"ImageObject","inLanguage":"de","@id":"https:\/\/www.lesbiefs.eu\/de\/gite-lancienne-infirmerie\/#primaryimage","url":"https:\/\/www.lesbiefs.eu\/2020\/wp-content\/uploads\/2020\/04\/IMG_9896-1024x700.jpg","contentUrl":"https:\/\/www.lesbiefs.eu\/2020\/wp-content\/uploads\/2020\/04\/IMG_9896-1024x700.jpg"},{"@type":"BreadcrumbList","@id":"https:\/\/www.lesbiefs.eu\/de\/gite-lancienne-infirmerie\/#breadcrumb","itemListElement":[{"@type":"ListItem","position":1,"name":"Home","item":"https:\/\/www.lesbiefs.eu\/"},{"@type":"ListItem","position":2,"name":"G\u00eete l\u2019Ancienne Infirmerie"}]},{"@type":"WebSite","@id":"https:\/\/www.lesbiefs.eu\/#website","url":"https:\/\/www.lesbiefs.eu\/","name":"Aire les Biefs","description":"","publisher":{"@id":"https:\/\/www.lesbiefs.eu\/#organization"},"potentialAction":[{"@type":"SearchAction","target":{"@type":"EntryPoint","urlTemplate":"https:\/\/www.lesbiefs.eu\/?s={search_term_string}"},"query-input":{"@type":"PropertyValueSpecification","valueRequired":true,"valueName":"search_term_string"}}],"inLanguage":"de"},{"@type":"Organization","@id":"https:\/\/www.lesbiefs.eu\/#organization","name":"Aire les Biefs","url":"https:\/\/www.lesbiefs.eu\/","logo":{"@type":"ImageObject","inLanguage":"de","@id":"https:\/\/www.lesbiefs.eu\/#\/schema\/logo\/image\/","url":"https:\/\/www.lesbiefs.eu\/2020\/wp-content\/uploads\/2015\/08\/ondertekening-Alb.jpg","contentUrl":"https:\/\/www.lesbiefs.eu\/2020\/wp-content\/uploads\/2015\/08\/ondertekening-Alb.jpg","width":227,"height":181,"caption":"Aire les Biefs"},"image":{"@id":"https:\/\/www.lesbiefs.eu\/#\/schema\/logo\/image\/"}}]}},"_links":{"self":[{"href":"https:\/\/www.lesbiefs.eu\/de\/wp-json\/wp\/v2\/pages\/544","targetHints":{"allow":["GET"]}}],"collection":[{"href":"https:\/\/www.lesbiefs.eu\/de\/wp-json\/wp\/v2\/pages"}],"about":[{"href":"https:\/\/www.lesbiefs.eu\/de\/wp-json\/wp\/v2\/types\/page"}],"author":[{"embeddable":true,"href":"https:\/\/www.lesbiefs.eu\/de\/wp-json\/wp\/v2\/users\/1"}],"replies":[{"embeddable":true,"href":"https:\/\/www.lesbiefs.eu\/de\/wp-json\/wp\/v2\/comments?post=544"}],"version-history":[{"count":8,"href":"https:\/\/www.lesbiefs.eu\/de\/wp-json\/wp\/v2\/pages\/544\/revisions"}],"predecessor-version":[{"id":6202,"href":"https:\/\/www.lesbiefs.eu\/de\/wp-json\/wp\/v2\/pages\/544\/revisions\/6202"}],"wp:attachment":[{"href":"https:\/\/www.lesbiefs.eu\/de\/wp-json\/wp\/v2\/media?parent=544"}],"curies":[{"name":"wp","href":"https:\/\/api.w.org\/{rel}","templated":true}]}}