{"id":520,"date":"2013-12-09T15:57:15","date_gmt":"2013-12-09T14:57:15","guid":{"rendered":"http:\/\/www.airelesbiefs.com\/?page_id=520"},"modified":"2024-05-30T08:28:41","modified_gmt":"2024-05-30T06:28:41","slug":"chambre-le-chataigner","status":"publish","type":"page","link":"https:\/\/www.lesbiefs.eu\/de\/chambre-le-chataigner\/","title":{"rendered":"Zimmer Le Ch\u00e2taigner"},"content":{"rendered":"\n<h4 class=\"wp-block-heading has-text-align-center\">Zimmer 1-2 Personen &#8211; 1. Stock &#8211; Bad &#8211; Hunde nicht erlaubt<br><\/h4>\n\n\n\n<figure class=\"wp-block-image size-large\"><img loading=\"lazy\" decoding=\"async\" width=\"1024\" height=\"683\" src=\"https:\/\/www.lesbiefs.eu\/2020\/wp-content\/uploads\/2020\/04\/IMG_9888-1024x683.jpg\" alt=\"\" class=\"wp-image-3961\" srcset=\"https:\/\/www.lesbiefs.eu\/2020\/wp-content\/uploads\/2020\/04\/IMG_9888-1024x683.jpg 1024w, https:\/\/www.lesbiefs.eu\/2020\/wp-content\/uploads\/2020\/04\/IMG_9888-300x200.jpg 300w, https:\/\/www.lesbiefs.eu\/2020\/wp-content\/uploads\/2020\/04\/IMG_9888-768x512.jpg 768w, https:\/\/www.lesbiefs.eu\/2020\/wp-content\/uploads\/2020\/04\/IMG_9888-1536x1024.jpg 1536w, https:\/\/www.lesbiefs.eu\/2020\/wp-content\/uploads\/2020\/04\/IMG_9888-2048x1365.jpg 2048w, https:\/\/www.lesbiefs.eu\/2020\/wp-content\/uploads\/2020\/04\/IMG_9888-150x100.jpg 150w\" sizes=\"auto, (max-width: 1024px) 100vw, 1024px\" \/><\/figure>\n\n\n\n<p>Dieser Raum war wie der angrenzende Raum auch der Schlafsaal der Jungen in der Zeit des Ferienlagerhauses.Von diesem komplett renovierten Zimmer aus blicken Sie auf unseren Vorplatz und den Platz in unserem Weiler. Auf dieser Seite geht auch morgens die Sonne auf.Hier sind 2 Boxsprings (80x200cm), die wir als separate Betten oder als ein Zwilling herstellen k\u00f6nnen.<br><br>Wenn Sie nicht von der fr\u00fchen Morgensonne geweckt werden m\u00f6chten, k\u00f6nnen Sie zus\u00e4tzlich zu den Vorh\u00e4ngen die Fensterl\u00e4den schlie\u00dfen.Neben zwei Sesseln verf\u00fcgt dieses Zimmer auch \u00fcber ein eigenes Bad mit Dusche, Waschbecken und Toilette.<\/p>\n\n\n\n<p class=\"has-text-align-center has-very-light-gray-color has-vivid-red-background-color has-text-color has-background\">Preis pro Nacht inklusive Fr\u00fchst\u00fcck:<br>1 oder 2 Personen 65 \u20ac (3 oder mehr N\u00e4chte)<br>ein oder zwei N\u00e4chte \u20ac 75<br><\/p>\n\n\n<\/p>\n<p style=\"text-align: center;\"><strong>Verf\u00fcgbarheit:<\/strong><\/p>\n<p><iframe loading=\"lazy\" width=\"320\" height=\"240\" src=\"https:\/\/www.gites.nl\/rentals\/8601\/rooms\/18010\/embed\" style=\"width: 700px; height: 340px;\"><\/iframe><\/p>\n\n\n<p class=\"MsoNormal\"> <span style=\"mso-spacerun: yes;\">    <\/span><span style=\"background: lime; mso-highlight: lime;\">31<\/span> Verf\u00fcgbar <span style=\"mso-spacerun: yes;\">    <\/span><span style=\"background: yellow; mso-highlight: yellow;\">31<\/span> letzte Minute <span style=\"mso-spacerun: yes;\">    <\/span><del><span style=\"background: silver; mso-highlight: silver;\">31<\/span><\/del> nicht verf\u00fcgbar \/ reserviert <span style=\"mso-spacerun: yes;\"> <\/span><\/p>\n\n\n\n<p class=\"has-text-align-center has-very-light-gray-color has-vivid-red-background-color has-text-color has-background\">M\u00f6chten Sie eine Reservierung vornehmen? Klicken Sie <a href=\"https:\/\/www.lesbiefs.eu\/2020\/de\/reservierung\/\"><strong>hier<\/strong><\/a><\/p>\n","protected":false},"excerpt":{"rendered":"<p>Zimmer 1-2 Personen &#8211; 1. Stock &#8211; Bad &#8211; Hunde nicht erlaubt Dieser Raum war wie der angrenzende Raum auch&#8230;<\/p>\n<p class=\"continue-reading-button\"> <a class=\"continue-reading-link\" href=\"https:\/\/www.lesbiefs.eu\/de\/chambre-le-chataigner\/\">Weiter<i class=\"crycon-right-dir\"><\/i><\/a><\/p>\n","protected":false},"author":1,"featured_media":0,"parent":0,"menu_order":0,"comment_status":"closed","ping_status":"closed","template":"","meta":{"footnotes":""},"class_list":["post-520","page","type-page","status-publish","hentry"],"yoast_head":"<!-- This site is optimized with the Yoast SEO plugin v26.9 - https:\/\/yoast.com\/product\/yoast-seo-wordpress\/ -->\n<title>Zimmer Le Ch\u00e2taigner - Aire les Biefs<\/title>\n<meta name=\"robots\" content=\"index, follow, max-snippet:-1, max-image-preview:large, max-video-preview:-1\" \/>\n<link rel=\"canonical\" href=\"https:\/\/www.lesbiefs.eu\/de\/chambre-le-chataigner\/\" \/>\n<meta property=\"og:locale\" content=\"de_DE\" \/>\n<meta property=\"og:type\" content=\"article\" \/>\n<meta property=\"og:title\" content=\"Zimmer Le Ch\u00e2taigner - Aire les Biefs\" \/>\n<meta property=\"og:description\" content=\"Zimmer 1-2 Personen &#8211; 1. Stock &#8211; Bad &#8211; Hunde nicht erlaubt Dieser Raum war wie der angrenzende Raum auch... Weiter\" \/>\n<meta property=\"og:url\" content=\"https:\/\/www.lesbiefs.eu\/de\/chambre-le-chataigner\/\" \/>\n<meta property=\"og:site_name\" content=\"Aire les Biefs\" \/>\n<meta property=\"article:modified_time\" content=\"2024-05-30T06:28:41+00:00\" \/>\n<meta property=\"og:image\" content=\"https:\/\/www.lesbiefs.eu\/2020\/wp-content\/uploads\/2020\/04\/IMG_9888-1024x683.jpg\" \/>\n<meta name=\"twitter:label1\" content=\"Gesch\u00e4tzte Lesezeit\" \/>\n\t<meta name=\"twitter:data1\" content=\"1\u00a0Minute\" \/>\n<script type=\"application\/ld+json\" class=\"yoast-schema-graph\">{\"@context\":\"https:\/\/schema.org\",\"@graph\":[{\"@type\":\"WebPage\",\"@id\":\"https:\/\/www.lesbiefs.eu\/de\/chambre-le-chataigner\/\",\"url\":\"https:\/\/www.lesbiefs.eu\/de\/chambre-le-chataigner\/\",\"name\":\"Zimmer Le Ch\u00e2taigner - Aire les Biefs\",\"isPartOf\":{\"@id\":\"https:\/\/www.lesbiefs.eu\/#website\"},\"primaryImageOfPage\":{\"@id\":\"https:\/\/www.lesbiefs.eu\/de\/chambre-le-chataigner\/#primaryimage\"},\"image\":{\"@id\":\"https:\/\/www.lesbiefs.eu\/de\/chambre-le-chataigner\/#primaryimage\"},\"thumbnailUrl\":\"https:\/\/www.lesbiefs.eu\/2020\/wp-content\/uploads\/2020\/04\/IMG_9888-1024x683.jpg\",\"datePublished\":\"2013-12-09T14:57:15+00:00\",\"dateModified\":\"2024-05-30T06:28:41+00:00\",\"breadcrumb\":{\"@id\":\"https:\/\/www.lesbiefs.eu\/de\/chambre-le-chataigner\/#breadcrumb\"},\"inLanguage\":\"de\",\"potentialAction\":[{\"@type\":\"ReadAction\",\"target\":[\"https:\/\/www.lesbiefs.eu\/de\/chambre-le-chataigner\/\"]}]},{\"@type\":\"ImageObject\",\"inLanguage\":\"de\",\"@id\":\"https:\/\/www.lesbiefs.eu\/de\/chambre-le-chataigner\/#primaryimage\",\"url\":\"https:\/\/www.lesbiefs.eu\/2020\/wp-content\/uploads\/2020\/04\/IMG_9888-1024x683.jpg\",\"contentUrl\":\"https:\/\/www.lesbiefs.eu\/2020\/wp-content\/uploads\/2020\/04\/IMG_9888-1024x683.jpg\"},{\"@type\":\"BreadcrumbList\",\"@id\":\"https:\/\/www.lesbiefs.eu\/de\/chambre-le-chataigner\/#breadcrumb\",\"itemListElement\":[{\"@type\":\"ListItem\",\"position\":1,\"name\":\"Home\",\"item\":\"https:\/\/www.lesbiefs.eu\/\"},{\"@type\":\"ListItem\",\"position\":2,\"name\":\"Zimmer Le Ch\u00e2taigner\"}]},{\"@type\":\"WebSite\",\"@id\":\"https:\/\/www.lesbiefs.eu\/#website\",\"url\":\"https:\/\/www.lesbiefs.eu\/\",\"name\":\"Aire les Biefs\",\"description\":\"\",\"publisher\":{\"@id\":\"https:\/\/www.lesbiefs.eu\/#organization\"},\"potentialAction\":[{\"@type\":\"SearchAction\",\"target\":{\"@type\":\"EntryPoint\",\"urlTemplate\":\"https:\/\/www.lesbiefs.eu\/?s={search_term_string}\"},\"query-input\":{\"@type\":\"PropertyValueSpecification\",\"valueRequired\":true,\"valueName\":\"search_term_string\"}}],\"inLanguage\":\"de\"},{\"@type\":\"Organization\",\"@id\":\"https:\/\/www.lesbiefs.eu\/#organization\",\"name\":\"Aire les Biefs\",\"url\":\"https:\/\/www.lesbiefs.eu\/\",\"logo\":{\"@type\":\"ImageObject\",\"inLanguage\":\"de\",\"@id\":\"https:\/\/www.lesbiefs.eu\/#\/schema\/logo\/image\/\",\"url\":\"https:\/\/www.lesbiefs.eu\/2020\/wp-content\/uploads\/2015\/08\/ondertekening-Alb.jpg\",\"contentUrl\":\"https:\/\/www.lesbiefs.eu\/2020\/wp-content\/uploads\/2015\/08\/ondertekening-Alb.jpg\",\"width\":227,\"height\":181,\"caption\":\"Aire les Biefs\"},\"image\":{\"@id\":\"https:\/\/www.lesbiefs.eu\/#\/schema\/logo\/image\/\"}}]}<\/script>\n<!-- \/ Yoast SEO plugin. -->","yoast_head_json":{"title":"Zimmer Le Ch\u00e2taigner - Aire les Biefs","robots":{"index":"index","follow":"follow","max-snippet":"max-snippet:-1","max-image-preview":"max-image-preview:large","max-video-preview":"max-video-preview:-1"},"canonical":"https:\/\/www.lesbiefs.eu\/de\/chambre-le-chataigner\/","og_locale":"de_DE","og_type":"article","og_title":"Zimmer Le Ch\u00e2taigner - Aire les Biefs","og_description":"Zimmer 1-2 Personen &#8211; 1. Stock &#8211; Bad &#8211; Hunde nicht erlaubt Dieser Raum war wie der angrenzende Raum auch... Weiter","og_url":"https:\/\/www.lesbiefs.eu\/de\/chambre-le-chataigner\/","og_site_name":"Aire les Biefs","article_modified_time":"2024-05-30T06:28:41+00:00","og_image":[{"url":"https:\/\/www.lesbiefs.eu\/2020\/wp-content\/uploads\/2020\/04\/IMG_9888-1024x683.jpg","type":"","width":"","height":""}],"twitter_misc":{"Gesch\u00e4tzte Lesezeit":"1\u00a0Minute"},"schema":{"@context":"https:\/\/schema.org","@graph":[{"@type":"WebPage","@id":"https:\/\/www.lesbiefs.eu\/de\/chambre-le-chataigner\/","url":"https:\/\/www.lesbiefs.eu\/de\/chambre-le-chataigner\/","name":"Zimmer Le Ch\u00e2taigner - Aire les Biefs","isPartOf":{"@id":"https:\/\/www.lesbiefs.eu\/#website"},"primaryImageOfPage":{"@id":"https:\/\/www.lesbiefs.eu\/de\/chambre-le-chataigner\/#primaryimage"},"image":{"@id":"https:\/\/www.lesbiefs.eu\/de\/chambre-le-chataigner\/#primaryimage"},"thumbnailUrl":"https:\/\/www.lesbiefs.eu\/2020\/wp-content\/uploads\/2020\/04\/IMG_9888-1024x683.jpg","datePublished":"2013-12-09T14:57:15+00:00","dateModified":"2024-05-30T06:28:41+00:00","breadcrumb":{"@id":"https:\/\/www.lesbiefs.eu\/de\/chambre-le-chataigner\/#breadcrumb"},"inLanguage":"de","potentialAction":[{"@type":"ReadAction","target":["https:\/\/www.lesbiefs.eu\/de\/chambre-le-chataigner\/"]}]},{"@type":"ImageObject","inLanguage":"de","@id":"https:\/\/www.lesbiefs.eu\/de\/chambre-le-chataigner\/#primaryimage","url":"https:\/\/www.lesbiefs.eu\/2020\/wp-content\/uploads\/2020\/04\/IMG_9888-1024x683.jpg","contentUrl":"https:\/\/www.lesbiefs.eu\/2020\/wp-content\/uploads\/2020\/04\/IMG_9888-1024x683.jpg"},{"@type":"BreadcrumbList","@id":"https:\/\/www.lesbiefs.eu\/de\/chambre-le-chataigner\/#breadcrumb","itemListElement":[{"@type":"ListItem","position":1,"name":"Home","item":"https:\/\/www.lesbiefs.eu\/"},{"@type":"ListItem","position":2,"name":"Zimmer Le Ch\u00e2taigner"}]},{"@type":"WebSite","@id":"https:\/\/www.lesbiefs.eu\/#website","url":"https:\/\/www.lesbiefs.eu\/","name":"Aire les Biefs","description":"","publisher":{"@id":"https:\/\/www.lesbiefs.eu\/#organization"},"potentialAction":[{"@type":"SearchAction","target":{"@type":"EntryPoint","urlTemplate":"https:\/\/www.lesbiefs.eu\/?s={search_term_string}"},"query-input":{"@type":"PropertyValueSpecification","valueRequired":true,"valueName":"search_term_string"}}],"inLanguage":"de"},{"@type":"Organization","@id":"https:\/\/www.lesbiefs.eu\/#organization","name":"Aire les Biefs","url":"https:\/\/www.lesbiefs.eu\/","logo":{"@type":"ImageObject","inLanguage":"de","@id":"https:\/\/www.lesbiefs.eu\/#\/schema\/logo\/image\/","url":"https:\/\/www.lesbiefs.eu\/2020\/wp-content\/uploads\/2015\/08\/ondertekening-Alb.jpg","contentUrl":"https:\/\/www.lesbiefs.eu\/2020\/wp-content\/uploads\/2015\/08\/ondertekening-Alb.jpg","width":227,"height":181,"caption":"Aire les Biefs"},"image":{"@id":"https:\/\/www.lesbiefs.eu\/#\/schema\/logo\/image\/"}}]}},"_links":{"self":[{"href":"https:\/\/www.lesbiefs.eu\/de\/wp-json\/wp\/v2\/pages\/520","targetHints":{"allow":["GET"]}}],"collection":[{"href":"https:\/\/www.lesbiefs.eu\/de\/wp-json\/wp\/v2\/pages"}],"about":[{"href":"https:\/\/www.lesbiefs.eu\/de\/wp-json\/wp\/v2\/types\/page"}],"author":[{"embeddable":true,"href":"https:\/\/www.lesbiefs.eu\/de\/wp-json\/wp\/v2\/users\/1"}],"replies":[{"embeddable":true,"href":"https:\/\/www.lesbiefs.eu\/de\/wp-json\/wp\/v2\/comments?post=520"}],"version-history":[{"count":8,"href":"https:\/\/www.lesbiefs.eu\/de\/wp-json\/wp\/v2\/pages\/520\/revisions"}],"predecessor-version":[{"id":6582,"href":"https:\/\/www.lesbiefs.eu\/de\/wp-json\/wp\/v2\/pages\/520\/revisions\/6582"}],"wp:attachment":[{"href":"https:\/\/www.lesbiefs.eu\/de\/wp-json\/wp\/v2\/media?parent=520"}],"curies":[{"name":"wp","href":"https:\/\/api.w.org\/{rel}","templated":true}]}}