{"id":405,"date":"2013-12-09T15:50:12","date_gmt":"2013-12-09T14:50:12","guid":{"rendered":"http:\/\/www.airelesbiefs.com\/?page_id=405"},"modified":"2024-05-30T08:25:35","modified_gmt":"2024-05-30T06:25:35","slug":"chambre-le-hetre","status":"publish","type":"page","link":"https:\/\/www.lesbiefs.eu\/de\/chambre-le-hetre\/","title":{"rendered":"Chambre le H\u00eatre"},"content":{"rendered":"\n<h4 class=\"wp-block-heading has-text-align-center\">Zimmer 1-3 Personen &#8211; 1. Stock &#8211; Hunde nicht erlaubt<br><\/h4>\n\n\n\n<figure class=\"wp-block-image size-large\"><img loading=\"lazy\" decoding=\"async\" width=\"1024\" height=\"699\" src=\"https:\/\/www.lesbiefs.eu\/2020\/wp-content\/uploads\/2020\/04\/IMG_9883-1024x699.jpg\" alt=\"\" class=\"wp-image-3945\" srcset=\"https:\/\/www.lesbiefs.eu\/2020\/wp-content\/uploads\/2020\/04\/IMG_9883-1024x699.jpg 1024w, https:\/\/www.lesbiefs.eu\/2020\/wp-content\/uploads\/2020\/04\/IMG_9883-300x205.jpg 300w, https:\/\/www.lesbiefs.eu\/2020\/wp-content\/uploads\/2020\/04\/IMG_9883-768x524.jpg 768w, https:\/\/www.lesbiefs.eu\/2020\/wp-content\/uploads\/2020\/04\/IMG_9883-1536x1048.jpg 1536w, https:\/\/www.lesbiefs.eu\/2020\/wp-content\/uploads\/2020\/04\/IMG_9883-2048x1398.jpg 2048w, https:\/\/www.lesbiefs.eu\/2020\/wp-content\/uploads\/2020\/04\/IMG_9883-146x100.jpg 146w, https:\/\/www.lesbiefs.eu\/2020\/wp-content\/uploads\/2020\/04\/IMG_9883-150x102.jpg 150w\" sizes=\"auto, (max-width: 1024px) 100vw, 1024px\" \/><\/figure>\n\n\n\n<p>Dies ist ein ehemaliger Jungenschlafsaal f\u00fcr die Kinder, die w\u00e4hrend der Ferienkolonie hierher in den Urlaub kamen.<br><br>Hier haben Sie zwei Fenster mit Blick auf die Buchen auf der Wiese und den Weg zum Wald hinter dem Haus.Dieses Zimmer verf\u00fcgt standardm\u00e4\u00dfig \u00fcber drei Betten. Die beiden Boxsprings (80x200cm) k\u00f6nnen separat oder als Doppelbett aufgestellt werden. Wir w\u00fcrden gerne im Voraus h\u00f6ren, was Sie w\u00fcnschen. <br><br>Dieser Raum hat auch einen Sitz, wo Sie sich ruhig zur\u00fcckziehen k\u00f6nnen.<br><br>Das private Badezimmer verf\u00fcgt \u00fcber eine Dusche, ein Waschbecken und eine Toilette.<\/p>\n\n\n\n<p class=\"has-text-align-center has-very-light-gray-color has-vivid-red-background-color has-text-color has-background\">Preis pro Nacht inklusive Fr\u00fchst\u00fcck:<br>1 oder 2 Personen \u20ac 75 (3 oder mehr N\u00e4chte)<br>ein oder zwei N\u00e4chte \u20ac 85<br>dritte Person \u20ac 12,50 extra pro Nacht<br><\/p>\n\n\n\n<p><\/p>\n\n\n<p style=\"text-align: center;\"><strong>Verf\u00fcgbarheit:<\/strong><\/p>\n<p><iframe loading=\"lazy\" width=\"700\" height=\"340\" src=\"https:\/\/www.gites.nl\/rentals\/8601\/rooms\/15611\/embed\" frameborder=\"0\" scrolling=\"0\"><\/iframe><\/p>\n\n\n<p class=\"MsoNormal\"> <span style=\"mso-spacerun: yes;\">    <\/span><span style=\"background: lime; mso-highlight: lime;\">31<\/span> Verf\u00fcgbar <span style=\"mso-spacerun: yes;\">    <\/span><span style=\"background: yellow; mso-highlight: yellow;\">31<\/span> letzte Minute <span style=\"mso-spacerun: yes;\">    <\/span><del><span style=\"background: silver; mso-highlight: silver;\">31<\/span><\/del> nicht verf\u00fcgbar \/ reserviert <span style=\"mso-spacerun: yes;\"> <\/span><\/p>\n\n\n\n<p class=\"has-text-align-center has-very-light-gray-color has-vivid-red-background-color has-text-color has-background\">M\u00f6chten Sie eine Reservierung vornehmen? Klicken Sie <a href=\"https:\/\/www.lesbiefs.eu\/2020\/de\/reservierung\/\"><strong>hier<\/strong><\/a><\/p>\n","protected":false},"excerpt":{"rendered":"<p>Zimmer 1-3 Personen &#8211; 1. Stock &#8211; Hunde nicht erlaubt Dies ist ein ehemaliger Jungenschlafsaal f\u00fcr die Kinder, die w\u00e4hrend&#8230;<\/p>\n<p class=\"continue-reading-button\"> <a class=\"continue-reading-link\" href=\"https:\/\/www.lesbiefs.eu\/de\/chambre-le-hetre\/\">Weiter<i class=\"crycon-right-dir\"><\/i><\/a><\/p>\n","protected":false},"author":1,"featured_media":0,"parent":0,"menu_order":0,"comment_status":"closed","ping_status":"closed","template":"","meta":{"footnotes":""},"class_list":["post-405","page","type-page","status-publish","hentry"],"yoast_head":"<!-- This site is optimized with the Yoast SEO plugin v26.9 - https:\/\/yoast.com\/product\/yoast-seo-wordpress\/ -->\n<title>Chambre le H\u00eatre - Aire les Biefs<\/title>\n<meta name=\"robots\" content=\"index, follow, max-snippet:-1, max-image-preview:large, max-video-preview:-1\" \/>\n<link rel=\"canonical\" href=\"https:\/\/www.lesbiefs.eu\/de\/chambre-le-hetre\/\" \/>\n<meta property=\"og:locale\" content=\"de_DE\" \/>\n<meta property=\"og:type\" content=\"article\" \/>\n<meta property=\"og:title\" content=\"Chambre le H\u00eatre - Aire les Biefs\" \/>\n<meta property=\"og:description\" content=\"Zimmer 1-3 Personen &#8211; 1. Stock &#8211; Hunde nicht erlaubt Dies ist ein ehemaliger Jungenschlafsaal f\u00fcr die Kinder, die w\u00e4hrend... Weiter\" \/>\n<meta property=\"og:url\" content=\"https:\/\/www.lesbiefs.eu\/de\/chambre-le-hetre\/\" \/>\n<meta property=\"og:site_name\" content=\"Aire les Biefs\" \/>\n<meta property=\"article:modified_time\" content=\"2024-05-30T06:25:35+00:00\" \/>\n<meta property=\"og:image\" content=\"https:\/\/www.lesbiefs.eu\/2020\/wp-content\/uploads\/2020\/04\/IMG_9883-1024x699.jpg\" \/>\n<meta name=\"twitter:label1\" content=\"Gesch\u00e4tzte Lesezeit\" \/>\n\t<meta name=\"twitter:data1\" content=\"1\u00a0Minute\" \/>\n<script type=\"application\/ld+json\" class=\"yoast-schema-graph\">{\"@context\":\"https:\/\/schema.org\",\"@graph\":[{\"@type\":\"WebPage\",\"@id\":\"https:\/\/www.lesbiefs.eu\/de\/chambre-le-hetre\/\",\"url\":\"https:\/\/www.lesbiefs.eu\/de\/chambre-le-hetre\/\",\"name\":\"Chambre le H\u00eatre - Aire les Biefs\",\"isPartOf\":{\"@id\":\"https:\/\/www.lesbiefs.eu\/#website\"},\"primaryImageOfPage\":{\"@id\":\"https:\/\/www.lesbiefs.eu\/de\/chambre-le-hetre\/#primaryimage\"},\"image\":{\"@id\":\"https:\/\/www.lesbiefs.eu\/de\/chambre-le-hetre\/#primaryimage\"},\"thumbnailUrl\":\"https:\/\/www.lesbiefs.eu\/2020\/wp-content\/uploads\/2020\/04\/IMG_9883-1024x699.jpg\",\"datePublished\":\"2013-12-09T14:50:12+00:00\",\"dateModified\":\"2024-05-30T06:25:35+00:00\",\"breadcrumb\":{\"@id\":\"https:\/\/www.lesbiefs.eu\/de\/chambre-le-hetre\/#breadcrumb\"},\"inLanguage\":\"de\",\"potentialAction\":[{\"@type\":\"ReadAction\",\"target\":[\"https:\/\/www.lesbiefs.eu\/de\/chambre-le-hetre\/\"]}]},{\"@type\":\"ImageObject\",\"inLanguage\":\"de\",\"@id\":\"https:\/\/www.lesbiefs.eu\/de\/chambre-le-hetre\/#primaryimage\",\"url\":\"https:\/\/www.lesbiefs.eu\/2020\/wp-content\/uploads\/2020\/04\/IMG_9883-1024x699.jpg\",\"contentUrl\":\"https:\/\/www.lesbiefs.eu\/2020\/wp-content\/uploads\/2020\/04\/IMG_9883-1024x699.jpg\"},{\"@type\":\"BreadcrumbList\",\"@id\":\"https:\/\/www.lesbiefs.eu\/de\/chambre-le-hetre\/#breadcrumb\",\"itemListElement\":[{\"@type\":\"ListItem\",\"position\":1,\"name\":\"Home\",\"item\":\"https:\/\/www.lesbiefs.eu\/\"},{\"@type\":\"ListItem\",\"position\":2,\"name\":\"Chambre le H\u00eatre\"}]},{\"@type\":\"WebSite\",\"@id\":\"https:\/\/www.lesbiefs.eu\/#website\",\"url\":\"https:\/\/www.lesbiefs.eu\/\",\"name\":\"Aire les Biefs\",\"description\":\"\",\"publisher\":{\"@id\":\"https:\/\/www.lesbiefs.eu\/#organization\"},\"potentialAction\":[{\"@type\":\"SearchAction\",\"target\":{\"@type\":\"EntryPoint\",\"urlTemplate\":\"https:\/\/www.lesbiefs.eu\/?s={search_term_string}\"},\"query-input\":{\"@type\":\"PropertyValueSpecification\",\"valueRequired\":true,\"valueName\":\"search_term_string\"}}],\"inLanguage\":\"de\"},{\"@type\":\"Organization\",\"@id\":\"https:\/\/www.lesbiefs.eu\/#organization\",\"name\":\"Aire les Biefs\",\"url\":\"https:\/\/www.lesbiefs.eu\/\",\"logo\":{\"@type\":\"ImageObject\",\"inLanguage\":\"de\",\"@id\":\"https:\/\/www.lesbiefs.eu\/#\/schema\/logo\/image\/\",\"url\":\"https:\/\/www.lesbiefs.eu\/2020\/wp-content\/uploads\/2015\/08\/ondertekening-Alb.jpg\",\"contentUrl\":\"https:\/\/www.lesbiefs.eu\/2020\/wp-content\/uploads\/2015\/08\/ondertekening-Alb.jpg\",\"width\":227,\"height\":181,\"caption\":\"Aire les Biefs\"},\"image\":{\"@id\":\"https:\/\/www.lesbiefs.eu\/#\/schema\/logo\/image\/\"}}]}<\/script>\n<!-- \/ Yoast SEO plugin. -->","yoast_head_json":{"title":"Chambre le H\u00eatre - Aire les Biefs","robots":{"index":"index","follow":"follow","max-snippet":"max-snippet:-1","max-image-preview":"max-image-preview:large","max-video-preview":"max-video-preview:-1"},"canonical":"https:\/\/www.lesbiefs.eu\/de\/chambre-le-hetre\/","og_locale":"de_DE","og_type":"article","og_title":"Chambre le H\u00eatre - Aire les Biefs","og_description":"Zimmer 1-3 Personen &#8211; 1. Stock &#8211; Hunde nicht erlaubt Dies ist ein ehemaliger Jungenschlafsaal f\u00fcr die Kinder, die w\u00e4hrend... Weiter","og_url":"https:\/\/www.lesbiefs.eu\/de\/chambre-le-hetre\/","og_site_name":"Aire les Biefs","article_modified_time":"2024-05-30T06:25:35+00:00","og_image":[{"url":"https:\/\/www.lesbiefs.eu\/2020\/wp-content\/uploads\/2020\/04\/IMG_9883-1024x699.jpg","type":"","width":"","height":""}],"twitter_misc":{"Gesch\u00e4tzte Lesezeit":"1\u00a0Minute"},"schema":{"@context":"https:\/\/schema.org","@graph":[{"@type":"WebPage","@id":"https:\/\/www.lesbiefs.eu\/de\/chambre-le-hetre\/","url":"https:\/\/www.lesbiefs.eu\/de\/chambre-le-hetre\/","name":"Chambre le H\u00eatre - Aire les Biefs","isPartOf":{"@id":"https:\/\/www.lesbiefs.eu\/#website"},"primaryImageOfPage":{"@id":"https:\/\/www.lesbiefs.eu\/de\/chambre-le-hetre\/#primaryimage"},"image":{"@id":"https:\/\/www.lesbiefs.eu\/de\/chambre-le-hetre\/#primaryimage"},"thumbnailUrl":"https:\/\/www.lesbiefs.eu\/2020\/wp-content\/uploads\/2020\/04\/IMG_9883-1024x699.jpg","datePublished":"2013-12-09T14:50:12+00:00","dateModified":"2024-05-30T06:25:35+00:00","breadcrumb":{"@id":"https:\/\/www.lesbiefs.eu\/de\/chambre-le-hetre\/#breadcrumb"},"inLanguage":"de","potentialAction":[{"@type":"ReadAction","target":["https:\/\/www.lesbiefs.eu\/de\/chambre-le-hetre\/"]}]},{"@type":"ImageObject","inLanguage":"de","@id":"https:\/\/www.lesbiefs.eu\/de\/chambre-le-hetre\/#primaryimage","url":"https:\/\/www.lesbiefs.eu\/2020\/wp-content\/uploads\/2020\/04\/IMG_9883-1024x699.jpg","contentUrl":"https:\/\/www.lesbiefs.eu\/2020\/wp-content\/uploads\/2020\/04\/IMG_9883-1024x699.jpg"},{"@type":"BreadcrumbList","@id":"https:\/\/www.lesbiefs.eu\/de\/chambre-le-hetre\/#breadcrumb","itemListElement":[{"@type":"ListItem","position":1,"name":"Home","item":"https:\/\/www.lesbiefs.eu\/"},{"@type":"ListItem","position":2,"name":"Chambre le H\u00eatre"}]},{"@type":"WebSite","@id":"https:\/\/www.lesbiefs.eu\/#website","url":"https:\/\/www.lesbiefs.eu\/","name":"Aire les Biefs","description":"","publisher":{"@id":"https:\/\/www.lesbiefs.eu\/#organization"},"potentialAction":[{"@type":"SearchAction","target":{"@type":"EntryPoint","urlTemplate":"https:\/\/www.lesbiefs.eu\/?s={search_term_string}"},"query-input":{"@type":"PropertyValueSpecification","valueRequired":true,"valueName":"search_term_string"}}],"inLanguage":"de"},{"@type":"Organization","@id":"https:\/\/www.lesbiefs.eu\/#organization","name":"Aire les Biefs","url":"https:\/\/www.lesbiefs.eu\/","logo":{"@type":"ImageObject","inLanguage":"de","@id":"https:\/\/www.lesbiefs.eu\/#\/schema\/logo\/image\/","url":"https:\/\/www.lesbiefs.eu\/2020\/wp-content\/uploads\/2015\/08\/ondertekening-Alb.jpg","contentUrl":"https:\/\/www.lesbiefs.eu\/2020\/wp-content\/uploads\/2015\/08\/ondertekening-Alb.jpg","width":227,"height":181,"caption":"Aire les Biefs"},"image":{"@id":"https:\/\/www.lesbiefs.eu\/#\/schema\/logo\/image\/"}}]}},"_links":{"self":[{"href":"https:\/\/www.lesbiefs.eu\/de\/wp-json\/wp\/v2\/pages\/405","targetHints":{"allow":["GET"]}}],"collection":[{"href":"https:\/\/www.lesbiefs.eu\/de\/wp-json\/wp\/v2\/pages"}],"about":[{"href":"https:\/\/www.lesbiefs.eu\/de\/wp-json\/wp\/v2\/types\/page"}],"author":[{"embeddable":true,"href":"https:\/\/www.lesbiefs.eu\/de\/wp-json\/wp\/v2\/users\/1"}],"replies":[{"embeddable":true,"href":"https:\/\/www.lesbiefs.eu\/de\/wp-json\/wp\/v2\/comments?post=405"}],"version-history":[{"count":10,"href":"https:\/\/www.lesbiefs.eu\/de\/wp-json\/wp\/v2\/pages\/405\/revisions"}],"predecessor-version":[{"id":6577,"href":"https:\/\/www.lesbiefs.eu\/de\/wp-json\/wp\/v2\/pages\/405\/revisions\/6577"}],"wp:attachment":[{"href":"https:\/\/www.lesbiefs.eu\/de\/wp-json\/wp\/v2\/media?parent=405"}],"curies":[{"name":"wp","href":"https:\/\/api.w.org\/{rel}","templated":true}]}}