{"id":287,"date":"2013-12-10T19:03:19","date_gmt":"2013-12-10T18:03:19","guid":{"rendered":"http:\/\/www.airelesbiefs.com\/?page_id=287"},"modified":"2026-01-19T12:18:49","modified_gmt":"2026-01-19T11:18:49","slug":"chambre-du-patron-2","status":"publish","type":"page","link":"https:\/\/www.lesbiefs.eu\/de\/chambre-du-patron-2\/","title":{"rendered":"Zimmer du Patron"},"content":{"rendered":"\n<h4 class=\"wp-block-heading has-text-align-center\">Zimmer 1-2 Personen &#8211; Erdgeschoss &#8211; Hunde erlaubt &#8211; angepasstes Badezimmer<br> Wir sind eine Unterkunft nur f\u00fcr Erwachsene<\/h4>\n\n\n<div class=\"wp-block-image\">\n<figure class=\"aligncenter size-large\"><img loading=\"lazy\" decoding=\"async\" width=\"1024\" height=\"699\" src=\"https:\/\/www.lesbiefs.eu\/2020\/wp-content\/uploads\/2020\/04\/IMG_9882-1024x699.jpg\" alt=\"\" class=\"wp-image-3941\" srcset=\"https:\/\/www.lesbiefs.eu\/2020\/wp-content\/uploads\/2020\/04\/IMG_9882-1024x699.jpg 1024w, https:\/\/www.lesbiefs.eu\/2020\/wp-content\/uploads\/2020\/04\/IMG_9882-300x205.jpg 300w, https:\/\/www.lesbiefs.eu\/2020\/wp-content\/uploads\/2020\/04\/IMG_9882-768x524.jpg 768w, https:\/\/www.lesbiefs.eu\/2020\/wp-content\/uploads\/2020\/04\/IMG_9882-1536x1048.jpg 1536w, https:\/\/www.lesbiefs.eu\/2020\/wp-content\/uploads\/2020\/04\/IMG_9882-2048x1398.jpg 2048w, https:\/\/www.lesbiefs.eu\/2020\/wp-content\/uploads\/2020\/04\/IMG_9882-146x100.jpg 146w, https:\/\/www.lesbiefs.eu\/2020\/wp-content\/uploads\/2020\/04\/IMG_9882-150x102.jpg 150w\" sizes=\"auto, (max-width: 1024px) 100vw, 1024px\" \/><\/figure>\n<\/div>\n\n\n<p>Dies ist das Zimmer des alten Direktors, als das Haus als Ferienkolonie genutzt wurde. Der alte Safe des Direktors befindet sich noch in diesem Raum. Wir vermuten, dass es jetzt leer ist.Das Zimmer befindet sich im Erdgeschoss auf der R\u00fcckseite des Hauses und verf\u00fcgt \u00fcber zwei Fenster mit Blick auf die Wiese, den Wald und die untergehende Sonne. Es gibt eine Au\u00dfent\u00fcr direkt vor der Zimmert\u00fcr. In diesem Raum haben Sie zwei Boxspringbetten (80 x 200) und 2 Sessel. Die Betten sind standardm\u00e4\u00dfig als Doppelbett eingerichtet. Auf Ihren Wunsch k\u00f6nnen wir diese auch als zwei Einzelbetten platzieren.<\/p>\n\n\n\n<p>Das Badezimmer verf\u00fcgt \u00fcber einen Duschbereich, ein Waschbecken und eine Toilette. Das Badezimmer ist auch mit Haltegriffen an Toilette und Dusche ausgestattet. In der Dusche ist ein Klappduschstuhl montiert.<\/p>\n\n\n\n<p class=\"has-text-align-center has-very-light-gray-color has-vivid-red-background-color has-text-color has-background\">Preis pro Nacht inklusive Fr\u00fchst\u00fcck:<br>1 oder 2 Personen \u20ac 77,50 (3 oder mehr N\u00e4chte)<br>ein oder zwei N\u00e4chte \u20ac 87,50<br><\/p>\n\n\n<p style=\"text-align: center;\"><strong>Verf\u00fcgbarheit:<\/strong><\/p>\n<hr>\n<p><iframe loading=\"lazy\" width=\"320\" height=\"240\" src=\"https:\/\/www.gites.nl\/rentals\/8601\/rooms\/15107\/embed\" style=\"width: 700px; height: 340px;\"><\/iframe><\/p>\n<\/p>\n\n\n<p class=\"MsoNormal\"> <span style=\"mso-spacerun: yes;\">    <\/span><span style=\"background: lime; mso-highlight: lime;\">31<\/span> Verf\u00fcgbar <span style=\"mso-spacerun: yes;\">    <\/span><span style=\"background: yellow; mso-highlight: yellow;\">31<\/span> letzte Minute <span style=\"mso-spacerun: yes;\">    <\/span><del><span style=\"background: silver; mso-highlight: silver;\">31<\/span><\/del> nicht verf\u00fcgbar \/ reserviert <span style=\"mso-spacerun: yes;\"> <\/span><\/p>\n\n\n\n<p class=\"has-text-align-center has-very-light-gray-color has-vivid-red-background-color has-text-color has-background\">M\u00f6chten Sie eine Reservierung vornehmen? Klicken Sie <a href=\"https:\/\/www.lesbiefs.eu\/2020\/de\/reservierung\/\"><strong>hier<\/strong><\/a><\/p>\n","protected":false},"excerpt":{"rendered":"<p>Zimmer 1-2 Personen &#8211; Erdgeschoss &#8211; Hunde erlaubt &#8211; angepasstes Badezimmer Wir sind eine Unterkunft nur f\u00fcr Erwachsene Dies ist&#8230;<\/p>\n<p class=\"continue-reading-button\"> <a class=\"continue-reading-link\" href=\"https:\/\/www.lesbiefs.eu\/de\/chambre-du-patron-2\/\">Weiter<i class=\"crycon-right-dir\"><\/i><\/a><\/p>\n","protected":false},"author":1,"featured_media":0,"parent":0,"menu_order":0,"comment_status":"closed","ping_status":"closed","template":"","meta":{"footnotes":""},"class_list":["post-287","page","type-page","status-publish","hentry"],"yoast_head":"<!-- This site is optimized with the Yoast SEO plugin v26.9 - https:\/\/yoast.com\/product\/yoast-seo-wordpress\/ -->\n<title>Zimmer du Patron - Aire les Biefs<\/title>\n<meta name=\"robots\" content=\"index, follow, max-snippet:-1, max-image-preview:large, max-video-preview:-1\" \/>\n<link rel=\"canonical\" href=\"https:\/\/www.lesbiefs.eu\/de\/chambre-du-patron-2\/\" \/>\n<meta property=\"og:locale\" content=\"de_DE\" \/>\n<meta property=\"og:type\" content=\"article\" \/>\n<meta property=\"og:title\" content=\"Zimmer du Patron - Aire les Biefs\" \/>\n<meta property=\"og:description\" content=\"Zimmer 1-2 Personen &#8211; Erdgeschoss &#8211; Hunde erlaubt &#8211; angepasstes Badezimmer Wir sind eine Unterkunft nur f\u00fcr Erwachsene Dies ist... Weiter\" \/>\n<meta property=\"og:url\" content=\"https:\/\/www.lesbiefs.eu\/de\/chambre-du-patron-2\/\" \/>\n<meta property=\"og:site_name\" content=\"Aire les Biefs\" \/>\n<meta property=\"article:modified_time\" content=\"2026-01-19T11:18:49+00:00\" \/>\n<meta property=\"og:image\" content=\"https:\/\/www.lesbiefs.eu\/2020\/wp-content\/uploads\/2020\/04\/IMG_9882.jpg\" \/>\n\t<meta property=\"og:image:width\" content=\"2385\" \/>\n\t<meta property=\"og:image:height\" content=\"1628\" \/>\n\t<meta property=\"og:image:type\" content=\"image\/jpeg\" \/>\n<meta name=\"twitter:label1\" content=\"Gesch\u00e4tzte Lesezeit\" \/>\n\t<meta name=\"twitter:data1\" content=\"2\u00a0Minuten\" \/>\n<script type=\"application\/ld+json\" class=\"yoast-schema-graph\">{\"@context\":\"https:\/\/schema.org\",\"@graph\":[{\"@type\":\"WebPage\",\"@id\":\"https:\/\/www.lesbiefs.eu\/de\/chambre-du-patron-2\/\",\"url\":\"https:\/\/www.lesbiefs.eu\/de\/chambre-du-patron-2\/\",\"name\":\"Zimmer du Patron - Aire les Biefs\",\"isPartOf\":{\"@id\":\"https:\/\/www.lesbiefs.eu\/#website\"},\"primaryImageOfPage\":{\"@id\":\"https:\/\/www.lesbiefs.eu\/de\/chambre-du-patron-2\/#primaryimage\"},\"image\":{\"@id\":\"https:\/\/www.lesbiefs.eu\/de\/chambre-du-patron-2\/#primaryimage\"},\"thumbnailUrl\":\"https:\/\/www.lesbiefs.eu\/2020\/wp-content\/uploads\/2020\/04\/IMG_9882-1024x699.jpg\",\"datePublished\":\"2013-12-10T18:03:19+00:00\",\"dateModified\":\"2026-01-19T11:18:49+00:00\",\"breadcrumb\":{\"@id\":\"https:\/\/www.lesbiefs.eu\/de\/chambre-du-patron-2\/#breadcrumb\"},\"inLanguage\":\"de\",\"potentialAction\":[{\"@type\":\"ReadAction\",\"target\":[\"https:\/\/www.lesbiefs.eu\/de\/chambre-du-patron-2\/\"]}]},{\"@type\":\"ImageObject\",\"inLanguage\":\"de\",\"@id\":\"https:\/\/www.lesbiefs.eu\/de\/chambre-du-patron-2\/#primaryimage\",\"url\":\"https:\/\/www.lesbiefs.eu\/2020\/wp-content\/uploads\/2020\/04\/IMG_9882-1024x699.jpg\",\"contentUrl\":\"https:\/\/www.lesbiefs.eu\/2020\/wp-content\/uploads\/2020\/04\/IMG_9882-1024x699.jpg\"},{\"@type\":\"BreadcrumbList\",\"@id\":\"https:\/\/www.lesbiefs.eu\/de\/chambre-du-patron-2\/#breadcrumb\",\"itemListElement\":[{\"@type\":\"ListItem\",\"position\":1,\"name\":\"Home\",\"item\":\"https:\/\/www.lesbiefs.eu\/\"},{\"@type\":\"ListItem\",\"position\":2,\"name\":\"Zimmer du Patron\"}]},{\"@type\":\"WebSite\",\"@id\":\"https:\/\/www.lesbiefs.eu\/#website\",\"url\":\"https:\/\/www.lesbiefs.eu\/\",\"name\":\"Aire les Biefs\",\"description\":\"\",\"publisher\":{\"@id\":\"https:\/\/www.lesbiefs.eu\/#organization\"},\"potentialAction\":[{\"@type\":\"SearchAction\",\"target\":{\"@type\":\"EntryPoint\",\"urlTemplate\":\"https:\/\/www.lesbiefs.eu\/?s={search_term_string}\"},\"query-input\":{\"@type\":\"PropertyValueSpecification\",\"valueRequired\":true,\"valueName\":\"search_term_string\"}}],\"inLanguage\":\"de\"},{\"@type\":\"Organization\",\"@id\":\"https:\/\/www.lesbiefs.eu\/#organization\",\"name\":\"Aire les Biefs\",\"url\":\"https:\/\/www.lesbiefs.eu\/\",\"logo\":{\"@type\":\"ImageObject\",\"inLanguage\":\"de\",\"@id\":\"https:\/\/www.lesbiefs.eu\/#\/schema\/logo\/image\/\",\"url\":\"https:\/\/www.lesbiefs.eu\/2020\/wp-content\/uploads\/2015\/08\/ondertekening-Alb.jpg\",\"contentUrl\":\"https:\/\/www.lesbiefs.eu\/2020\/wp-content\/uploads\/2015\/08\/ondertekening-Alb.jpg\",\"width\":227,\"height\":181,\"caption\":\"Aire les Biefs\"},\"image\":{\"@id\":\"https:\/\/www.lesbiefs.eu\/#\/schema\/logo\/image\/\"}}]}<\/script>\n<!-- \/ Yoast SEO plugin. -->","yoast_head_json":{"title":"Zimmer du Patron - Aire les Biefs","robots":{"index":"index","follow":"follow","max-snippet":"max-snippet:-1","max-image-preview":"max-image-preview:large","max-video-preview":"max-video-preview:-1"},"canonical":"https:\/\/www.lesbiefs.eu\/de\/chambre-du-patron-2\/","og_locale":"de_DE","og_type":"article","og_title":"Zimmer du Patron - Aire les Biefs","og_description":"Zimmer 1-2 Personen &#8211; Erdgeschoss &#8211; Hunde erlaubt &#8211; angepasstes Badezimmer Wir sind eine Unterkunft nur f\u00fcr Erwachsene Dies ist... Weiter","og_url":"https:\/\/www.lesbiefs.eu\/de\/chambre-du-patron-2\/","og_site_name":"Aire les Biefs","article_modified_time":"2026-01-19T11:18:49+00:00","og_image":[{"width":2385,"height":1628,"url":"https:\/\/www.lesbiefs.eu\/2020\/wp-content\/uploads\/2020\/04\/IMG_9882.jpg","type":"image\/jpeg"}],"twitter_misc":{"Gesch\u00e4tzte Lesezeit":"2\u00a0Minuten"},"schema":{"@context":"https:\/\/schema.org","@graph":[{"@type":"WebPage","@id":"https:\/\/www.lesbiefs.eu\/de\/chambre-du-patron-2\/","url":"https:\/\/www.lesbiefs.eu\/de\/chambre-du-patron-2\/","name":"Zimmer du Patron - Aire les Biefs","isPartOf":{"@id":"https:\/\/www.lesbiefs.eu\/#website"},"primaryImageOfPage":{"@id":"https:\/\/www.lesbiefs.eu\/de\/chambre-du-patron-2\/#primaryimage"},"image":{"@id":"https:\/\/www.lesbiefs.eu\/de\/chambre-du-patron-2\/#primaryimage"},"thumbnailUrl":"https:\/\/www.lesbiefs.eu\/2020\/wp-content\/uploads\/2020\/04\/IMG_9882-1024x699.jpg","datePublished":"2013-12-10T18:03:19+00:00","dateModified":"2026-01-19T11:18:49+00:00","breadcrumb":{"@id":"https:\/\/www.lesbiefs.eu\/de\/chambre-du-patron-2\/#breadcrumb"},"inLanguage":"de","potentialAction":[{"@type":"ReadAction","target":["https:\/\/www.lesbiefs.eu\/de\/chambre-du-patron-2\/"]}]},{"@type":"ImageObject","inLanguage":"de","@id":"https:\/\/www.lesbiefs.eu\/de\/chambre-du-patron-2\/#primaryimage","url":"https:\/\/www.lesbiefs.eu\/2020\/wp-content\/uploads\/2020\/04\/IMG_9882-1024x699.jpg","contentUrl":"https:\/\/www.lesbiefs.eu\/2020\/wp-content\/uploads\/2020\/04\/IMG_9882-1024x699.jpg"},{"@type":"BreadcrumbList","@id":"https:\/\/www.lesbiefs.eu\/de\/chambre-du-patron-2\/#breadcrumb","itemListElement":[{"@type":"ListItem","position":1,"name":"Home","item":"https:\/\/www.lesbiefs.eu\/"},{"@type":"ListItem","position":2,"name":"Zimmer du Patron"}]},{"@type":"WebSite","@id":"https:\/\/www.lesbiefs.eu\/#website","url":"https:\/\/www.lesbiefs.eu\/","name":"Aire les Biefs","description":"","publisher":{"@id":"https:\/\/www.lesbiefs.eu\/#organization"},"potentialAction":[{"@type":"SearchAction","target":{"@type":"EntryPoint","urlTemplate":"https:\/\/www.lesbiefs.eu\/?s={search_term_string}"},"query-input":{"@type":"PropertyValueSpecification","valueRequired":true,"valueName":"search_term_string"}}],"inLanguage":"de"},{"@type":"Organization","@id":"https:\/\/www.lesbiefs.eu\/#organization","name":"Aire les Biefs","url":"https:\/\/www.lesbiefs.eu\/","logo":{"@type":"ImageObject","inLanguage":"de","@id":"https:\/\/www.lesbiefs.eu\/#\/schema\/logo\/image\/","url":"https:\/\/www.lesbiefs.eu\/2020\/wp-content\/uploads\/2015\/08\/ondertekening-Alb.jpg","contentUrl":"https:\/\/www.lesbiefs.eu\/2020\/wp-content\/uploads\/2015\/08\/ondertekening-Alb.jpg","width":227,"height":181,"caption":"Aire les Biefs"},"image":{"@id":"https:\/\/www.lesbiefs.eu\/#\/schema\/logo\/image\/"}}]}},"_links":{"self":[{"href":"https:\/\/www.lesbiefs.eu\/de\/wp-json\/wp\/v2\/pages\/287","targetHints":{"allow":["GET"]}}],"collection":[{"href":"https:\/\/www.lesbiefs.eu\/de\/wp-json\/wp\/v2\/pages"}],"about":[{"href":"https:\/\/www.lesbiefs.eu\/de\/wp-json\/wp\/v2\/types\/page"}],"author":[{"embeddable":true,"href":"https:\/\/www.lesbiefs.eu\/de\/wp-json\/wp\/v2\/users\/1"}],"replies":[{"embeddable":true,"href":"https:\/\/www.lesbiefs.eu\/de\/wp-json\/wp\/v2\/comments?post=287"}],"version-history":[{"count":17,"href":"https:\/\/www.lesbiefs.eu\/de\/wp-json\/wp\/v2\/pages\/287\/revisions"}],"predecessor-version":[{"id":6861,"href":"https:\/\/www.lesbiefs.eu\/de\/wp-json\/wp\/v2\/pages\/287\/revisions\/6861"}],"wp:attachment":[{"href":"https:\/\/www.lesbiefs.eu\/de\/wp-json\/wp\/v2\/media?parent=287"}],"curies":[{"name":"wp","href":"https:\/\/api.w.org\/{rel}","templated":true}]}}